{"id":1848,"date":"2020-05-17T05:53:57","date_gmt":"2020-05-17T09:53:57","guid":{"rendered":"https:\/\/www.leryca.com\/?page_id=1848"},"modified":"2021-06-01T22:12:46","modified_gmt":"2021-06-02T02:12:46","slug":"faq","status":"publish","type":"page","link":"https:\/\/julity.com\/da\/faq\/","title":{"rendered":"FAQ"},"content":{"rendered":"<div class=\"row\"  id=\"row-637289801\">\n\n\t<div id=\"col-935615843\" class=\"col small-12 large-12\"  >\n\t\t\t\t<div class=\"col-inner\"  >\n\t\t\t\n\t\t\t\n<h3 class=\"accordion_title\">Forsendelse<\/h3><div class=\"accordion\">\n\t<div id=\"accordion-244684916\" class=\"accordion-item\">\n\t\t<a id=\"accordion-244684916-label\" class=\"accordion-title plain\" href=\"#accordion-item-do-you-ship-worldwide?\" aria-expanded=\"false\" aria-controls=\"accordion-244684916-content\">\n\t\t\t<button class=\"toggle\" aria-label=\"Sl\u00e5 til\/fra\"><i class=\"icon-angle-down\" aria-hidden=\"true\"><\/i><\/button>\n\t\t\t<span>Sender du til hele verden?<\/span>\n\t\t<\/a>\n\t\t<div id=\"accordion-244684916-content\" class=\"accordion-inner\" aria-labelledby=\"accordion-244684916-label\">\n\t\t\t\n<p>Ja, vi sender til de fleste lande over hele verden.&nbsp;<\/p>\n<p>Vi tilbyder forsendelse til f\u00f8lgende destinationslande:&nbsp;<\/p>\n<table width=\"100%\" cellspacing=\"0\" cellpadding=\"0\" border=\"0\" bgcolor=\"#ffffff\" align=\"center\">\n<tbody>\n<tr>\n<td width=\"190\" valign=\"top\" align=\"left\"><span style=\"font-size: medium;\">A<\/span>rgentina&nbsp;<br \/>\nAustralien&nbsp;<br \/>\n\u00d8strig&nbsp;<\/p>\n<p><span style=\"font-size: medium;\">B<\/span>elgien&nbsp;<br \/>\nBrasilien&nbsp;<\/p>\n<p><span style=\"font-size: medium;\">C<\/span>anada&nbsp;<br \/>\nChile&nbsp;<br \/>\nCosta Rica&nbsp;<br \/>\nKroatien&nbsp;<br \/>\nCypern&nbsp;<br \/>\nTjekkiet&nbsp;<\/p>\n<p><span style=\"font-size: medium;\">D<\/span>enmark&nbsp;<br \/>\nDominikanske republik&nbsp;<\/p>\n<p><span style=\"font-size: medium;\">E<\/span>cuador&nbsp;<br \/>\nEstland&nbsp;<\/p>\n<p><span style=\"font-size: medium;\">F<\/span>indre&nbsp;<br \/>\nFrankrig&nbsp;<\/p>\n<p><span style=\"font-size: medium;\">G<\/span>ermany&nbsp;<br \/>\nGr\u00e6kenland&nbsp;<\/td>\n<td width=\"190\" valign=\"top\" align=\"left\"><span style=\"font-size: medium;\">H<\/span>ong Kong&nbsp;<br \/>\nUngarn&nbsp;<\/p>\n<p><span style=\"font-size: medium;\">I<\/span>celand&nbsp;<br \/>\nIndien&nbsp;<br \/>\nIrland&nbsp;<br \/>\nIsrael&nbsp;<br \/>\nItalien&nbsp;<\/p>\n<p><span style=\"font-size: medium;\">J<\/span>amaica&nbsp;<br \/>\nJapan&nbsp;<\/p>\n<p><span style=\"font-size: medium;\">L<\/span>atvia&nbsp;<br \/>\nLitauen&nbsp;<br \/>\nLuxembourg&nbsp;<\/p>\n<p><span style=\"font-size: medium;\">M<\/span>alta&nbsp;<\/p>\n<p><span style=\"font-size: medium;\">N<\/span>etherlands&nbsp;<br \/>\nNew Zealand&nbsp;<br \/>\nNorge&nbsp;<\/p>\n<p><span style=\"font-size: medium;\">P<\/span>oland&nbsp;<br \/>\nPortugal&nbsp;<br \/>\nPuerto Rico&nbsp;<\/td>\n<td width=\"190\" valign=\"top\" align=\"left\"><span style=\"font-size: medium;\">R<\/span>omania&nbsp;<\/p>\n<p><span style=\"font-size: medium;\">S<\/span>cotland-UK&nbsp;<br \/>\nSingapore&nbsp;<br \/>\nSlovakiet&nbsp;<br \/>\nSlovenien&nbsp;<br \/>\nSydafrika&nbsp;<br \/>\nSpanien&nbsp;<br \/>\nSverige&nbsp;<br \/>\nSchweiz&nbsp;<\/p>\n<p><span style=\"font-size: medium;\">T<\/span>aiwan&nbsp;<br \/>\nThailand&nbsp;<br \/>\nKalkun&nbsp;<\/p>\n<p><span style=\"font-size: medium;\">U<\/span>nited Kongerige&nbsp;<br \/>\nForenede Stater&nbsp;<br \/>\nUruguay&nbsp;<\/p>\n<p><span style=\"font-size: medium;\">V<\/span>enezuela<\/td>\n<\/tr>\n<\/tbody>\n<\/table>\n\t\t<\/div>\n\t<\/div>\n\t\n\t<div id=\"accordion-4214991982\" class=\"accordion-item\">\n\t\t<a id=\"accordion-4214991982-label\" class=\"accordion-title plain\" href=\"#accordion-item-what-shipping-methods-do-you-offer?\" aria-expanded=\"false\" aria-controls=\"accordion-4214991982-content\">\n\t\t\t<button class=\"toggle\" aria-label=\"Sl\u00e5 til\/fra\"><i class=\"icon-angle-down\" aria-hidden=\"true\"><\/i><\/button>\n\t\t\t<span>Hvilke forsendelsesmetoder tilbyder du?<\/span>\n\t\t<\/a>\n\t\t<div id=\"accordion-4214991982-content\" class=\"accordion-inner\" aria-labelledby=\"accordion-4214991982-label\">\n\t\t\t\n<p>Se vores&nbsp;<a href=\"https:\/\/julity.com\/da\/shipping-information\/\">Forsendelsesinformation<\/a>&nbsp;side for alle tilg\u00e6ngelige forsendelsesmetoder.<\/p>\n\t\t<\/div>\n\t<\/div>\n\t\n\t<div id=\"accordion-4150559981\" class=\"accordion-item\">\n\t\t<a id=\"accordion-4150559981-label\" class=\"accordion-title plain\" href=\"#accordion-item-how-do-i-track-my-order?\" aria-expanded=\"false\" aria-controls=\"accordion-4150559981-content\">\n\t\t\t<button class=\"toggle\" aria-label=\"Sl\u00e5 til\/fra\"><i class=\"icon-angle-down\" aria-hidden=\"true\"><\/i><\/button>\n\t\t\t<span>Hvordan sporer jeg min ordre?<\/span>\n\t\t<\/a>\n\t\t<div id=\"accordion-4150559981-content\" class=\"accordion-inner\" aria-labelledby=\"accordion-4150559981-label\">\n\t\t\t\n<p>Vi har et system, der giver dig mulighed for at spore din ordre og forsendelsesstatus.&nbsp;<br \/>\nDu skal udfylde dit ordre-id-nummer og den e-mailadresse, du brugte, da du afgav din ordre.&nbsp;<\/p>\n<p>Du kan g\u00e5 til vores sporingsside&nbsp;<a href=\"https:\/\/julity.com\/da\/track-order\/\">her<\/a>.<\/p>\n\t\t<\/div>\n\t<\/div>\n\t\n<\/div>\n\t\t<\/div>\n\t\t\t\t\t<\/div>\n\n\t\n<\/div>\n<div class=\"row\"  id=\"row-993419625\">\n\n\t<div id=\"col-1335247157\" class=\"col small-12 large-12\"  >\n\t\t\t\t<div class=\"col-inner\"  >\n\t\t\t\n\t\t\t\n<h3 class=\"accordion_title\">Betaling<\/h3><div class=\"accordion\">\n\t<div id=\"accordion-2911167641\" class=\"accordion-item\">\n\t\t<a id=\"accordion-2911167641-label\" class=\"accordion-title plain\" href=\"#accordion-item-how-can-i-find-my-purchase-on-my-billing-statement?\" aria-expanded=\"false\" aria-controls=\"accordion-2911167641-content\">\n\t\t\t<button class=\"toggle\" aria-label=\"Sl\u00e5 til\/fra\"><i class=\"icon-angle-down\" aria-hidden=\"true\"><\/i><\/button>\n\t\t\t<span>Hvordan kan jeg finde mit k\u00f8b p\u00e5 mit kontoudtog?<\/span>\n\t\t<\/a>\n\t\t<div id=\"accordion-2911167641-content\" class=\"accordion-inner\" aria-labelledby=\"accordion-2911167641-label\">\n\t\t\t\n<p>Du kan finde os ud for k\u00f8bsbel\u00f8bet under navnet \"Smykkehjemmeside \/ julity\".<\/p>\n\t\t<\/div>\n\t<\/div>\n\t\n\t<div id=\"accordion-528906338\" class=\"accordion-item\">\n\t\t<a id=\"accordion-528906338-label\" class=\"accordion-title plain\" href=\"#accordion-item-what-payment-methods-are-available-on-your-website?\" aria-expanded=\"false\" aria-controls=\"accordion-528906338-content\">\n\t\t\t<button class=\"toggle\" aria-label=\"Sl\u00e5 til\/fra\"><i class=\"icon-angle-down\" aria-hidden=\"true\"><\/i><\/button>\n\t\t\t<span>Hvilke betalingsmetoder er tilg\u00e6ngelige p\u00e5 din hjemmeside?<\/span>\n\t\t<\/a>\n\t\t<div id=\"accordion-528906338-content\" class=\"accordion-inner\" aria-labelledby=\"accordion-528906338-label\">\n\t\t\t\n<p>Vi accepterer alle st\u00f8rre kreditkort og betalinger foretaget via PayPal.&nbsp;<br \/>\nDu kan se den komplette liste over betalingsmetoder p\u00e5 vores betalingsside, efter at du har klikket p\u00e5 knappen \"Forts\u00e6t til kassen\" i indk\u00f8bskurven og valgt dit land.<\/p>\n\t\t<\/div>\n\t<\/div>\n\t\n\t<div id=\"accordion-2798632461\" class=\"accordion-item\">\n\t\t<a id=\"accordion-2798632461-label\" class=\"accordion-title plain\" href=\"#accordion-item-what-is-your-privacy-policy?\" aria-expanded=\"false\" aria-controls=\"accordion-2798632461-content\">\n\t\t\t<button class=\"toggle\" aria-label=\"Sl\u00e5 til\/fra\"><i class=\"icon-angle-down\" aria-hidden=\"true\"><\/i><\/button>\n\t\t\t<span>Hvad er din privatlivspolitik?<\/span>\n\t\t<\/a>\n\t\t<div id=\"accordion-2798632461-content\" class=\"accordion-inner\" aria-labelledby=\"accordion-2798632461-label\">\n\t\t\t\n<p>At respektere dit privatliv er af st\u00f8rste vigtighed for os p\u00e5 julity. Enhver information, du sender til vores hjemmeside, eller som er indsamlet af en \"cookie\" under dit bes\u00f8g, bruges udelukkende af julity til at opretholde en registrering af dine k\u00f8b og af salgsfremmende \u00e5rsager. Vi s\u00e6lger, overf\u00f8rer, udlejer eller bytter ikke dine oplysninger til nogen tredjepart.&nbsp;<\/p>\n<p>N\u00e5r du registrerer dig p\u00e5 vores side, vil du blive bedt om at indsende nogle personlige oplysninger, s\u00e5som navn og kontaktoplysninger. julity vil beskytte dine personlige oplysninger. Vi vil under ingen omst\u00e6ndigheder videregive eller dele dine oplysninger med nogen uautoriseret tredjepart. Derudover bruger vi en \"cookie\" til at spore dine bev\u00e6gelser p\u00e5 siden. Cookien \"husker\", hvem du er, og eliminerer derfor behovet for, at du genregistrerer dig hos os, hver gang du bes\u00f8ger vores side. Derudover giver det os mulighed for at give dig en indk\u00f8bskurvfunktion og str\u00f8mliner din overordnede shoppingoplevelse.<\/p>\n\t\t<\/div>\n\t<\/div>\n\t\n\t<div id=\"accordion-1809786253\" class=\"accordion-item\">\n\t\t<a id=\"accordion-1809786253-label\" class=\"accordion-title plain\" href=\"#accordion-item-i-received-a-promotional-code.-how-do-i-use-it?\" aria-expanded=\"false\" aria-controls=\"accordion-1809786253-content\">\n\t\t\t<button class=\"toggle\" aria-label=\"Sl\u00e5 til\/fra\"><i class=\"icon-angle-down\" aria-hidden=\"true\"><\/i><\/button>\n\t\t\t<span>Jeg har modtaget en kampagnekode. Hvordan bruger jeg det?<\/span>\n\t\t<\/a>\n\t\t<div id=\"accordion-1809786253-content\" class=\"accordion-inner\" aria-labelledby=\"accordion-1809786253-label\">\n\t\t\t\n<p>Hvis du har en julity-kampagnekode, skal du indtaste koden i feltet \"Kampagnekode\" i bunden af indk\u00f8b og klikke p\u00e5 \"Anvend\".<\/p>\n\t\t<\/div>\n\t<\/div>\n\t\n\t<div id=\"accordion-2876146357\" class=\"accordion-item\">\n\t\t<a id=\"accordion-2876146357-label\" class=\"accordion-title plain\" href=\"#accordion-item-what-should-i-do-if-i-receive-a-\u2018payment-didn\u2019t-go-through\u2019-message?\" aria-expanded=\"false\" aria-controls=\"accordion-2876146357-content\">\n\t\t\t<button class=\"toggle\" aria-label=\"Sl\u00e5 til\/fra\"><i class=\"icon-angle-down\" aria-hidden=\"true\"><\/i><\/button>\n\t\t\t<span>Hvad skal jeg g\u00f8re, hvis jeg modtager meddelelsen 'betaling gik ikke igennem'?<\/span>\n\t\t<\/a>\n\t\t<div id=\"accordion-2876146357-content\" class=\"accordion-inner\" aria-labelledby=\"accordion-2876146357-label\">\n\t\t\t\n<p>Hvis du modtager en meddelelse om, at din betaling ikke gik igennem, skal du tjekke dine faktureringsoplysninger og sikre dig, at de er korrekte.&nbsp;<br \/>\nHvis alle detaljer er korrekte, pr\u00f8v venligst at betale via PayPal. Du beh\u00f8ver ikke at v\u00e6re et registreret medlem af PayPal for at bruge deres tjenester.&nbsp;<br \/>\nDu kan ogs\u00e5 bruge et andet kreditkort eller pr\u00f8ve igen et par timer senere for at forts\u00e6tte med betalingsprocessen.<\/p>\n\t\t<\/div>\n\t<\/div>\n\t\n\t<div id=\"accordion-2255137593\" class=\"accordion-item\">\n\t\t<a id=\"accordion-2255137593-label\" class=\"accordion-title plain\" href=\"#accordion-item-i-have-a-paypal-account-but-i-cannot-complete-the-payment.\" aria-expanded=\"false\" aria-controls=\"accordion-2255137593-content\">\n\t\t\t<button class=\"toggle\" aria-label=\"Sl\u00e5 til\/fra\"><i class=\"icon-angle-down\" aria-hidden=\"true\"><\/i><\/button>\n\t\t\t<span>Jeg har en PayPal-konto, men jeg kan ikke gennemf\u00f8re betalingen.<\/span>\n\t\t<\/a>\n\t\t<div id=\"accordion-2255137593-content\" class=\"accordion-inner\" aria-labelledby=\"accordion-2255137593-label\">\n\t\t\t\n<p>Hvis du af en eller anden grund ikke kan gennemf\u00f8re din betaling med PayPal, bedes du venligst&nbsp;<a href=\"https:\/\/julity.com\/da\/contact-us\/\">kontakt os<\/a>&nbsp;med dine ordreoplysninger.&nbsp;<br \/>\nVi sender dig en e-mail med en PayPal-betalingsanmodning for at gennemf\u00f8re din betaling.<\/p>\n\t\t<\/div>\n\t<\/div>\n\t\n<\/div>\n\t\t<\/div>\n\t\t\t\t\t<\/div>\n\n\t\n<\/div>\n<div class=\"row\"  id=\"row-1502426083\">\n\n\t<div id=\"col-1166707234\" class=\"col small-12 large-12\"  >\n\t\t\t\t<div class=\"col-inner\"  >\n\t\t\t\n\t\t\t\n<h3 class=\"accordion_title\">Afgivelse af ordrer<\/h3><div class=\"accordion\">\n\t<div id=\"accordion-222138856\" class=\"accordion-item\">\n\t\t<a id=\"accordion-222138856-label\" class=\"accordion-title plain\" href=\"#accordion-item-how-do-i-place-an-order?\" aria-expanded=\"false\" aria-controls=\"accordion-222138856-content\">\n\t\t\t<button class=\"toggle\" aria-label=\"Sl\u00e5 til\/fra\"><i class=\"icon-angle-down\" aria-hidden=\"true\"><\/i><\/button>\n\t\t\t<span>Hvordan afgiver jeg en ordre?<\/span>\n\t\t<\/a>\n\t\t<div id=\"accordion-222138856-content\" class=\"accordion-inner\" aria-labelledby=\"accordion-222138856-label\">\n\t\t\t\n<p>Det er nemt at afgive en ordre. V\u00e6lg smykket og skriv den \u00f8nskede inskription.&nbsp;<br \/>\nV\u00e6lg k\u00e6del\u00e6ngden fra dropbox-menuen og klik p\u00e5 knappen \"Tilf\u00f8j til kurv\".&nbsp;<br \/>\nI indk\u00f8bskurven kan du tilf\u00f8je en gave\u00e6ske og gavekortbesked.&nbsp;<br \/>\nDu v\u00e6lger derefter den forsendelsesmulighed, du \u00f8nsker, i boksen \"Forsendelsesmetode\" i indk\u00f8bskurven.&nbsp;<\/p>\n<p>Klik p\u00e5 \"Forts\u00e6t til kassen\" eller knappen \"Kasse med PayPal\" for at gennemf\u00f8re dit k\u00f8b.&nbsp;<br \/>\nDu vil blive dirigeret til det valgte sikre betalingsbehandlingswebsted.&nbsp;<br \/>\nDer vil du have mulighed for at betale med dit kreditkort, PayPal eller en bankoverf\u00f8rsel.&nbsp;<\/p>\n<p>Du er velkommen til at&nbsp;<a href=\"https:\/\/julity.com\/da\/contact-us\/\">Email os<\/a>&nbsp;med s\u00e6rlige \u00f8nsker eller sp\u00f8rgsm\u00e5l.<\/p>\n\t\t<\/div>\n\t<\/div>\n\t\n\t<div id=\"accordion-1835804824\" class=\"accordion-item\">\n\t\t<a id=\"accordion-1835804824-label\" class=\"accordion-title plain\" href=\"#accordion-item-i-have-a-special-request-for-my-necklace,-what-should-i-do?\" aria-expanded=\"false\" aria-controls=\"accordion-1835804824-content\">\n\t\t\t<button class=\"toggle\" aria-label=\"Sl\u00e5 til\/fra\"><i class=\"icon-angle-down\" aria-hidden=\"true\"><\/i><\/button>\n\t\t\t<span>Jeg har en s\u00e6rlig anmodning til min halsk\u00e6de, hvad skal jeg g\u00f8re?<\/span>\n\t\t<\/a>\n\t\t<div id=\"accordion-1835804824-content\" class=\"accordion-inner\" aria-labelledby=\"accordion-1835804824-label\">\n\t\t\t\n<p>Du kan tilf\u00f8je dine specielle \u00f8nsker i feltet \"Kommentarer\" nederst i din indk\u00f8bskurv.&nbsp;<br \/>\nVi s\u00f8rger for, at din ordre bliver udf\u00f8rt efter dine pr\u00e6ferencer.&nbsp;<\/p>\n<p>Hvis du er usikker p\u00e5, om din s\u00e6rlige anmodning er mulig, bedes du venligst&nbsp;<a href=\"https:\/\/julity.com\/da\/contact-us\/\">kontakt os<\/a>.<\/p>\n\t\t<\/div>\n\t<\/div>\n\t\n\t<div id=\"accordion-958294098\" class=\"accordion-item\">\n\t\t<a id=\"accordion-958294098-label\" class=\"accordion-title plain\" href=\"#accordion-item-how-do-i-change-an-order-after-it-has-been-placed?\" aria-expanded=\"false\" aria-controls=\"accordion-958294098-content\">\n\t\t\t<button class=\"toggle\" aria-label=\"Sl\u00e5 til\/fra\"><i class=\"icon-angle-down\" aria-hidden=\"true\"><\/i><\/button>\n\t\t\t<span>Hvordan \u00e6ndrer jeg en ordre, efter at den er blevet afgivet?<\/span>\n\t\t<\/a>\n\t\t<div id=\"accordion-958294098-content\" class=\"accordion-inner\" aria-labelledby=\"accordion-958294098-label\">\n\t\t\t\n<p>Vi begynder at arbejde p\u00e5 dine smykker umiddelbart efter din ordre er afgivet.&nbsp;<\/p>\n<p>Hvis du \u00f8nsker at \u00e6ndre en ordre venligst&nbsp;<a href=\"https:\/\/julity.com\/da\/contact-us\/\">kontakt os<\/a>&nbsp;s\u00e5 hurtigt som muligt.&nbsp;<br \/>\n\u00c6ndringer foretaget mere end 12 timer efter k\u00f8bstidspunktet kan kr\u00e6ve et genopfyldningsgebyr p\u00e5 30 kr.<\/p>\n\t\t<\/div>\n\t<\/div>\n\t\n\t<div id=\"accordion-179399168\" class=\"accordion-item\">\n\t\t<a id=\"accordion-179399168-label\" class=\"accordion-title plain\" href=\"#accordion-item-how-can-i-cancel-an-order?\" aria-expanded=\"false\" aria-controls=\"accordion-179399168-content\">\n\t\t\t<button class=\"toggle\" aria-label=\"Sl\u00e5 til\/fra\"><i class=\"icon-angle-down\" aria-hidden=\"true\"><\/i><\/button>\n\t\t\t<span>Hvordan kan jeg annullere en ordre?<\/span>\n\t\t<\/a>\n\t\t<div id=\"accordion-179399168-content\" class=\"accordion-inner\" aria-labelledby=\"accordion-179399168-label\">\n\t\t\t\n<p>N\u00e5r din ordre er afgivet, begynder vi straks produktionen p\u00e5 varerne.&nbsp;<\/p>\n<p>P\u00e5 grund af det faktum, at hver vare er unik og tilpasset, vil du f\u00e5 refunderet 70,- af den oprindelige varepris, da den ikke kan genopbygges. Hvis du har sp\u00f8rgsm\u00e5l om at annullere din ordre, s\u00e5 t\u00f8v ikke med at&nbsp;<a href=\"https:\/\/julity.com\/da\/contact-us\/\">kontakt os<\/a>.<\/p>\n\t\t<\/div>\n\t<\/div>\n\t\n\t<div id=\"accordion-1204705369\" class=\"accordion-item\">\n\t\t<a id=\"accordion-1204705369-label\" class=\"accordion-title plain\" href=\"#accordion-item-why-didn\u2019t-i-get-a-confirmation-\/-shipping-email?\" aria-expanded=\"false\" aria-controls=\"accordion-1204705369-content\">\n\t\t\t<button class=\"toggle\" aria-label=\"Sl\u00e5 til\/fra\"><i class=\"icon-angle-down\" aria-hidden=\"true\"><\/i><\/button>\n\t\t\t<span>Hvorfor fik jeg ikke en bekr\u00e6ftelses-\/forsendelses-e-mail?<\/span>\n\t\t<\/a>\n\t\t<div id=\"accordion-1204705369-content\" class=\"accordion-inner\" aria-labelledby=\"accordion-1204705369-label\">\n\t\t\t\n<p>Efter at have afgivet en ordre vil du modtage en \"ordrebekr\u00e6ftelse\" e-mail med alle dine ordreoplysninger. Vi beder dig gennemg\u00e5 dine varer og forsendelsesadresse. Derfor er det vigtigt at give os en gyldig e-mailadresse.&nbsp;<br \/>\nHvis du ikke har modtaget en bekr\u00e6ftelsesmail, s\u00e5 tjek venligst din spamboks.&nbsp;<br \/>\nFor at sikre, at vores e-mails ikke g\u00e5r til din spam\/junk-mappe, skal du tilf\u00f8je service@julity.com til din e-mailadresseliste.&nbsp;<\/p>\n<p>Du kan finde ud af din ordrestatus her:&nbsp;<a href=\"https:\/\/julity.com\/da\/track-order\/\">Oplysninger om ordre- og forsendelsesstatus<\/a>.<\/p>\n\t\t<\/div>\n\t<\/div>\n\t\n<\/div>\n\t\t<\/div>\n\t\t\t\t\t<\/div>\n\n\t\n<\/div>\n<div class=\"row\"  id=\"row-1025355042\">\n\n\t<div id=\"col-1501305714\" class=\"col small-12 large-12\"  >\n\t\t\t\t<div class=\"col-inner\"  >\n\t\t\t\n\t\t\t\n<h3 class=\"accordion_title\">Returneringer og tilbagebetalinger<\/h3><div class=\"accordion\">\n\t<div id=\"accordion-1021276522\" class=\"accordion-item\">\n\t\t<a id=\"accordion-1021276522-label\" class=\"accordion-title plain\" href=\"#accordion-item-what-are-your-return-conditions?\" aria-expanded=\"false\" aria-controls=\"accordion-1021276522-content\">\n\t\t\t<button class=\"toggle\" aria-label=\"Sl\u00e5 til\/fra\"><i class=\"icon-angle-down\" aria-hidden=\"true\"><\/i><\/button>\n\t\t\t<span>Hvad er dine returneringsbetingelser?<\/span>\n\t\t<\/a>\n\t\t<div id=\"accordion-1021276522-content\" class=\"accordion-inner\" aria-labelledby=\"accordion-1021276522-label\">\n\t\t\t\n<p>Du kan returnere de fleste nye, u\u00e5bnede varer k\u00f8bt og modtaget fra julity.com inden for 30 dage efter levering.&nbsp;<\/p>\n<p>Du kan finde vores fulde retur- og fortrydelsespolitik&nbsp;<a href=\"https:\/\/julity.com\/da\/return-and-cancellation-policy\/\">her<\/a>.<\/p>\n\t\t<\/div>\n\t<\/div>\n\t\n<\/div>\n\t\t<\/div>\n\t\t\t\t\t<\/div>\n\n\t\n<\/div>\n<div class=\"row\"  id=\"row-263538503\">\n\n\t<div id=\"col-1552133958\" class=\"col small-12 large-12\"  >\n\t\t\t\t<div class=\"col-inner\"  >\n\t\t\t\n\t\t\t\n<h3 class=\"accordion_title\">Har du stadig brug for hj\u00e6lp?<\/h3><div class=\"accordion\">\n\t<div id=\"accordion-1897516688\" class=\"accordion-item\">\n\t\t<a id=\"accordion-1897516688-label\" class=\"accordion-title plain\" href=\"#accordion-item-contact-us\" aria-expanded=\"false\" aria-controls=\"accordion-1897516688-content\">\n\t\t\t<button class=\"toggle\" aria-label=\"Sl\u00e5 til\/fra\"><i class=\"icon-angle-down\" aria-hidden=\"true\"><\/i><\/button>\n\t\t\t<span>kontakt os<\/span>\n\t\t<\/a>\n\t\t<div id=\"accordion-1897516688-content\" class=\"accordion-inner\" aria-labelledby=\"accordion-1897516688-label\">\n\t\t\t\n<div id=\"faqs\"><span>Hvis dit sp\u00f8rgsm\u00e5l ikke er anf\u00f8rt her, er du velkommen til at&nbsp;<a href=\"https:\/\/julity.com\/da\/contact-us\/\">kontakt os<\/a>.<\/span><\/div>\n\t\t<\/div>\n\t<\/div>\n\t\n<\/div>\n\t\t<\/div>\n\t\t\t\t\t<\/div>\n\n\t\n<\/div>","protected":false},"excerpt":{"rendered":"","protected":false},"author":1,"featured_media":0,"parent":0,"menu_order":0,"comment_status":"closed","ping_status":"closed","template":"","meta":{"footnotes":""},"class_list":["post-1848","page","type-page","status-publish","hentry"],"_links":{"self":[{"href":"https:\/\/julity.com\/da\/wp-json\/wp\/v2\/pages\/1848","targetHints":{"allow":["GET"]}}],"collection":[{"href":"https:\/\/julity.com\/da\/wp-json\/wp\/v2\/pages"}],"about":[{"href":"https:\/\/julity.com\/da\/wp-json\/wp\/v2\/types\/page"}],"author":[{"embeddable":true,"href":"https:\/\/julity.com\/da\/wp-json\/wp\/v2\/users\/1"}],"replies":[{"embeddable":true,"href":"https:\/\/julity.com\/da\/wp-json\/wp\/v2\/comments?post=1848"}],"version-history":[{"count":0,"href":"https:\/\/julity.com\/da\/wp-json\/wp\/v2\/pages\/1848\/revisions"}],"wp:attachment":[{"href":"https:\/\/julity.com\/da\/wp-json\/wp\/v2\/media?parent=1848"}],"curies":[{"name":"wp","href":"https:\/\/api.w.org\/{rel}","templated":true}]}}