{"id":1046,"date":"2018-11-14T01:28:00","date_gmt":"2018-11-14T06:28:00","guid":{"rendered":"https:\/\/www.leryca.com\/product\/womens-photo-engraved-tag-necklace-with-engraving-stainless-steel\/"},"modified":"2020-05-19T04:36:35","modified_gmt":"2020-05-19T08:36:35","slug":"womens-photo-engraved-tag-necklace-with-engraving-stainless-steel","status":"publish","type":"product","link":"https:\/\/julity.com\/da\/product\/womens-photo-engraved-tag-necklace-with-engraving-stainless-steel\/","title":{"rendered":"Kvinders fotograveret taghalsk\u00e6de med gravering af rustfrit st\u00e5l"},"content":{"rendered":"<p>Kl\u00e6d dit outfit p\u00e5 med en fabelagtig charme-halsk\u00e6de fra julity. Der er s\u00e5 mange forskellige f\u00e6rdiglavede muligheder at v\u00e6lge imellem, men der er ogs\u00e5 mange m\u00e5der at skabe dine egne skr\u00e6ddersyede stykker p\u00e5. For noget ekstra specielt giver julity foto charms halsk\u00e6der og medaljoner dig mulighed for at tilf\u00f8je fotominder, som du gerne vil holde t\u00e6t p\u00e5 dit hjerte. Du har ogs\u00e5 mulighed for at bestille almindelige k\u00e6der og charms separat, s\u00e5 du kan skifte din halsk\u00e6de, n\u00e5r du vil. B\u00e6r halsk\u00e6der med en eller flere charme afh\u00e6ngigt af dit modehum\u00f8r for dagen. Du kan ogs\u00e5 for\u00e6re en smykkefan i dit liv med en r\u00e6kke forskellige k\u00e6der, s\u00e5 de har noget at smutte deres charme p\u00e5, n\u00e5r de ikke \u00f8nsker at b\u00e6re dem p\u00e5 armb\u00e5nd.<\/p>","protected":false},"excerpt":{"rendered":"<p>Dress up your outfit with a fabulous charm necklace by julity. There are so many different pre-made options to select from, however there are also many ways to create your own customized pieces. For something extra special, julity photo charm necklaces and lockets allow you to add in photo memories that you will want to [&#8230;]","protected":false},"featured_media":1047,"comment_status":"open","ping_status":"closed","template":"","meta":[],"product_brand":[],"product_cat":[86,88,111],"product_tag":[],"class_list":{"0":"post-1046","1":"product","2":"type-product","3":"status-publish","4":"has-post-thumbnail","6":"product_cat-gifts-for-mom","7":"product_cat-gifts-for-new-mom","8":"product_cat-photo-necklaces","9":"tm-has-options","11":"first","12":"instock","13":"sale","14":"shipping-taxable","15":"purchasable","16":"product-type-simple"},"_links":{"self":[{"href":"https:\/\/julity.com\/da\/wp-json\/wp\/v2\/product\/1046","targetHints":{"allow":["GET"]}}],"collection":[{"href":"https:\/\/julity.com\/da\/wp-json\/wp\/v2\/product"}],"about":[{"href":"https:\/\/julity.com\/da\/wp-json\/wp\/v2\/types\/product"}],"replies":[{"embeddable":true,"href":"https:\/\/julity.com\/da\/wp-json\/wp\/v2\/comments?post=1046"}],"wp:featuredmedia":[{"embeddable":true,"href":"https:\/\/julity.com\/da\/wp-json\/wp\/v2\/media\/1047"}],"wp:attachment":[{"href":"https:\/\/julity.com\/da\/wp-json\/wp\/v2\/media?parent=1046"}],"wp:term":[{"taxonomy":"product_brand","embeddable":true,"href":"https:\/\/julity.com\/da\/wp-json\/wp\/v2\/product_brand?post=1046"},{"taxonomy":"product_cat","embeddable":true,"href":"https:\/\/julity.com\/da\/wp-json\/wp\/v2\/product_cat?post=1046"},{"taxonomy":"product_tag","embeddable":true,"href":"https:\/\/julity.com\/da\/wp-json\/wp\/v2\/product_tag?post=1046"}],"curies":[{"name":"wp","href":"https:\/\/api.w.org\/{rel}","templated":true}]}}