{"id":1117,"date":"2018-11-14T02:04:00","date_gmt":"2018-11-14T07:04:00","guid":{"rendered":"https:\/\/www.leryca.com\/product\/womens-rose-goldtone-photo-watch-brown-leather-strap\/"},"modified":"2022-12-06T02:07:22","modified_gmt":"2022-12-06T06:07:22","slug":"womens-rose-goldtone-photo-watch-brown-leather-strap","status":"publish","type":"product","link":"https:\/\/julity.com\/da\/product\/womens-rose-goldtone-photo-watch-brown-leather-strap\/","title":{"rendered":"Dame Rose Goldtone fotour Brun l\u00e6derrem"},"content":{"rendered":"<p>Urkasse: Speciallegering og glas, udvendig diameter 1,57 tommer\/4,0 cm<br \/>\nUrb\u00e5nd: Speciallegering, 20 cm i l\u00e6ngden, 1,8 cm i bredden.<br \/>\nOverrask din elskede med et brugerdefineret fotour, som udelukkende er specialfremstillet til at passe til enhver personlighed. Billedet af design er direkte printet p\u00e5 indersiden af urets overflade. N\u00e5r du har afgivet en ordre, vil du v\u00e6re i stand til at forh\u00e5ndsvise, hvordan den vil se ud p\u00e5 uret. Husk at billedet i h\u00f8j opl\u00f8sning kommer bedre ud end forh\u00e5ndsvisningen. Dette brugerdefinerede fotour kan ikke refunderes, n\u00e5r vi f\u00f8rst har startet fremstillingsprocessen. Et brugerdefineret fotour er altid en fantastisk gave og vil aldrig g\u00e5 af mode. K\u00f8b din i dag!<\/p>","protected":false},"excerpt":{"rendered":"<p>Watch Case: Special Alloy and Glass, Outside Diameter 1.57 in\/4.0 cm Watch Band: Special Alloy, 7.8 in\/20 cm in Length, 0.7 in\/1.8 cm in Width. Surprise your loved one with a custom photo watch which is purely custom made to fit any personality. The image of design is directly printed onto the inside of watch [&#8230;]","protected":false},"featured_media":1118,"comment_status":"open","ping_status":"closed","template":"","meta":[],"product_brand":[],"product_cat":[86,88,112],"product_tag":[],"class_list":{"0":"post-1117","1":"product","2":"type-product","3":"status-publish","4":"has-post-thumbnail","6":"product_cat-gifts-for-mom","7":"product_cat-gifts-for-new-mom","8":"product_cat-photo-watches","9":"tm-has-options","11":"first","12":"instock","13":"sale","14":"shipping-taxable","15":"purchasable","16":"product-type-simple"},"_links":{"self":[{"href":"https:\/\/julity.com\/da\/wp-json\/wp\/v2\/product\/1117","targetHints":{"allow":["GET"]}}],"collection":[{"href":"https:\/\/julity.com\/da\/wp-json\/wp\/v2\/product"}],"about":[{"href":"https:\/\/julity.com\/da\/wp-json\/wp\/v2\/types\/product"}],"replies":[{"embeddable":true,"href":"https:\/\/julity.com\/da\/wp-json\/wp\/v2\/comments?post=1117"}],"wp:featuredmedia":[{"embeddable":true,"href":"https:\/\/julity.com\/da\/wp-json\/wp\/v2\/media\/1118"}],"wp:attachment":[{"href":"https:\/\/julity.com\/da\/wp-json\/wp\/v2\/media?parent=1117"}],"wp:term":[{"taxonomy":"product_brand","embeddable":true,"href":"https:\/\/julity.com\/da\/wp-json\/wp\/v2\/product_brand?post=1117"},{"taxonomy":"product_cat","embeddable":true,"href":"https:\/\/julity.com\/da\/wp-json\/wp\/v2\/product_cat?post=1117"},{"taxonomy":"product_tag","embeddable":true,"href":"https:\/\/julity.com\/da\/wp-json\/wp\/v2\/product_tag?post=1117"}],"curies":[{"name":"wp","href":"https:\/\/api.w.org\/{rel}","templated":true}]}}