{"id":160241,"date":"2021-05-04T00:15:01","date_gmt":"2021-05-04T04:15:01","guid":{"rendered":"https:\/\/julity.com\/?post_type=product&#038;p=160241"},"modified":"2025-12-06T05:45:22","modified_gmt":"2025-12-06T12:45:22","slug":"ylove","status":"publish","type":"product","link":"https:\/\/julity.com\/da\/product\/ylove\/","title":{"rendered":"[Hot Sale] 1-6 navne Birthstone halsk\u00e6de i 925 Sterling S\u00f8lv"},"content":{"rendered":"<div class=\"item-attr-title\">\n<h3>Varespecifikationer:<\/h3>\n<\/div>\n<div>\n<table class=\"table table-striped\">\n<tbody>\n<tr>\n<th>Stil<\/th>\n<td>Hjerte halsk\u00e6de<\/td>\n<\/tr>\n<tr>\n<th>Vedh\u00e6ng st\u00f8rrelse<\/th>\n<td>H\u00f8jde: 25.5MM(1INCH), Bredde: 25.5MM(1INCH), Birthstone St\u00f8rrelse: 2.5MM(0.1INCH)<\/td>\n<\/tr>\n<tr>\n<th>Krog<\/th>\n<td>Enkelt krog<\/td>\n<\/tr>\n<tr>\n<th>K\u00e6de type<\/th>\n<td>Rolo k\u00e6de<\/td>\n<\/tr>\n<tr>\n<th>Materiale<\/th>\n<td>Sterling s\u00f8lv 925<\/td>\n<\/tr>\n<tr>\n<th>Tykkelse<\/th>\n<td>4MM(0,16INCH)<\/td>\n<\/tr>\n<\/tbody>\n<\/table>\n<p>F\u00f8dselssten:<img decoding=\"async\" src=\"\/\/julity.com\/wp-content\/uploads\/2021\/10\/stone.jpg\" alt=\"\" \/><br \/>\n<!--StartFragment --><\/p>\n<div><\/div>\n<p>\u2022Designdetaljer: hjerte-f\u00f8dselsstenshalsk\u00e6den fra Gift er prydet med 1-6 f\u00f8dselssten, navne tilpasset, smukt udsmykket med flere funklende klare krystaller.<\/p>\n<p>\u2022Designinspiration: hjerteform er et popul\u00e6rt og klassisk element for evigt. Det snoede design er som to forelskede mennesker, der omfavner hinanden, hvilket understreger dets tidl\u00f8se tiltr\u00e6kningskraft<\/p>\n<p>\u2022Gave lejlighed: Valentinsdag, jubil\u00e6um, jul, venindes f\u00f8dselsdag osv.<\/p>\n<p>\u2022Gavemodtager: kone, s\u00f8stre, BBF, elsker, mor, fork\u00e6le dig selv osv.<\/p>\n<p>\u2022Dette unikke og inderlige produkt er pakket med smuk \u00e6ske og klar til at give.<\/p>\n<p>Bem\u00e6rk: Det f\u00f8rste bogstav i navn eller ord er som standard stort.<\/p>\n<\/div>\n<p><!--more--><\/p>","protected":false},"excerpt":{"rendered":"<p>Item specifics: Style Heart Necklace Pendant Size Height: 25.5MM(1INCH), Width: 25.5MM(1INCH), Birthstone Size: 2.5MM(0.1INCH) Hook Single Hook Chain type Rolo Chain Material Sterling Silver 925 Thickness 4MM(0.16INCH) Birthstone: \u2022Design Details: the heart birthstone necklace by Gift is adorned with 1-6 birthstones, names customized, beautifully embellished with several sparkling clear crystals. \u2022Design Inspiration: heart shape is [&#8230;]","protected":false},"featured_media":300146,"comment_status":"open","ping_status":"closed","template":"","meta":[],"product_brand":[],"product_cat":[82,90,86,91,84],"product_tag":[125,114,119],"class_list":{"0":"post-160241","1":"product","2":"type-product","3":"status-publish","4":"has-post-thumbnail","6":"product_cat-18k-gold-plated","7":"product_cat-gifts-for-couples","8":"product_cat-gifts-for-mom","9":"product_cat-gifts-for-teens","10":"product_cat-new-arrivals","11":"product_tag-emailshow","12":"product_tag-new","13":"product_tag-new2021","14":"tm-has-options","16":"first","17":"instock","18":"sale","19":"shipping-taxable","20":"purchasable","21":"product-type-simple"},"_links":{"self":[{"href":"https:\/\/julity.com\/da\/wp-json\/wp\/v2\/product\/160241","targetHints":{"allow":["GET"]}}],"collection":[{"href":"https:\/\/julity.com\/da\/wp-json\/wp\/v2\/product"}],"about":[{"href":"https:\/\/julity.com\/da\/wp-json\/wp\/v2\/types\/product"}],"replies":[{"embeddable":true,"href":"https:\/\/julity.com\/da\/wp-json\/wp\/v2\/comments?post=160241"}],"wp:featuredmedia":[{"embeddable":true,"href":"https:\/\/julity.com\/da\/wp-json\/wp\/v2\/media\/300146"}],"wp:attachment":[{"href":"https:\/\/julity.com\/da\/wp-json\/wp\/v2\/media?parent=160241"}],"wp:term":[{"taxonomy":"product_brand","embeddable":true,"href":"https:\/\/julity.com\/da\/wp-json\/wp\/v2\/product_brand?post=160241"},{"taxonomy":"product_cat","embeddable":true,"href":"https:\/\/julity.com\/da\/wp-json\/wp\/v2\/product_cat?post=160241"},{"taxonomy":"product_tag","embeddable":true,"href":"https:\/\/julity.com\/da\/wp-json\/wp\/v2\/product_tag?post=160241"}],"curies":[{"name":"wp","href":"https:\/\/api.w.org\/{rel}","templated":true}]}}