{"id":1814,"date":"2020-05-17T03:55:31","date_gmt":"2020-05-17T07:55:31","guid":{"rendered":"https:\/\/www.leryca.com\/?post_type=product&#038;p=1814"},"modified":"2021-11-26T01:03:21","modified_gmt":"2021-11-26T05:03:21","slug":"personalized-intertwined-hearts-necklace-with-birthstone","status":"publish","type":"product","link":"https:\/\/julity.com\/da\/product\/personalized-intertwined-hearts-necklace-with-birthstone\/","title":{"rendered":"Personlig sammenflettet hjerte halsk\u00e6de med f\u00f8dselssten"},"content":{"rendered":"<div class=\"item-attr-title\">\n<h3>Varespecifikationer:<\/h3>\n<\/div>\n<div>\n<table class=\"table table-striped\">\n<tbody>\n<tr>\n<th>Stil<\/th>\n<td>Personlig halsk\u00e6de<\/td>\n<\/tr>\n<tr>\n<th>Krog<\/th>\n<td>Enkelt krog\/dobbelt kroge<\/td>\n<\/tr>\n<tr>\n<th>K\u00e6de type<\/th>\n<td>Rolo k\u00e6de<\/td>\n<\/tr>\n<tr>\n<th>K\u00e6del\u00e6ngde<\/th>\n<td>14&#8243;,16&#8243;,18&#8243;,20&#8243;,22&#8243;<\/td>\n<\/tr>\n<tr>\n<th>Materiale<\/th>\n<td>Sterling s\u00f8lv 925<\/td>\n<\/tr>\n<\/tbody>\n<\/table>\n<p>Denne charmerende hjertehalsk\u00e6de er lavet i sterlings\u00f8lv og kan tilf\u00f8je et s\u00e6rligt strejf af k\u00e6rlighed til dit look. Hjerterne griber ind i hinanden og hver prydet med detaljer og glitrende f\u00f8dselssten. V\u00e6lg navn og f\u00f8dselssten til hvert hjerte for et helt unikt look. Det er en perfekt gave til din kone, k\u00e6reste, en mor, der kan holde sine k\u00e6re t\u00e6t p\u00e5 sig selv n\u00e5r de er langt v\u00e6k. G\u00f8r hendes dag speciel med denne personlige hjerte halsk\u00e6de!<\/p>\n<\/div>","protected":false},"excerpt":{"rendered":"<p>Item specifics: Style Personalized Necklace Hook Single Hook\/Double Hooks Chain type Rolo Chain Chain Length 14&#8243;,16&#8243;,18&#8243;,20&#8243;,22&#8243; Material Sterling Silver 925 Created in sterling silver, this charming intertwined heart necklace can add a special touch of love to your look. The hearts interlock with each other and each adorned with detailing and shimmering birthstone. Choose the [&#8230;]","protected":false},"featured_media":1815,"comment_status":"open","ping_status":"closed","template":"","meta":[],"product_brand":[],"product_cat":[94,78],"product_tag":[],"class_list":{"0":"post-1814","1":"product","2":"type-product","3":"status-publish","4":"has-post-thumbnail","6":"product_cat-heart-necklace","7":"product_cat-moms-necklaces","8":"tm-has-options","10":"first","11":"instock","12":"sale","13":"shipping-taxable","14":"purchasable","15":"product-type-simple"},"_links":{"self":[{"href":"https:\/\/julity.com\/da\/wp-json\/wp\/v2\/product\/1814","targetHints":{"allow":["GET"]}}],"collection":[{"href":"https:\/\/julity.com\/da\/wp-json\/wp\/v2\/product"}],"about":[{"href":"https:\/\/julity.com\/da\/wp-json\/wp\/v2\/types\/product"}],"replies":[{"embeddable":true,"href":"https:\/\/julity.com\/da\/wp-json\/wp\/v2\/comments?post=1814"}],"wp:featuredmedia":[{"embeddable":true,"href":"https:\/\/julity.com\/da\/wp-json\/wp\/v2\/media\/1815"}],"wp:attachment":[{"href":"https:\/\/julity.com\/da\/wp-json\/wp\/v2\/media?parent=1814"}],"wp:term":[{"taxonomy":"product_brand","embeddable":true,"href":"https:\/\/julity.com\/da\/wp-json\/wp\/v2\/product_brand?post=1814"},{"taxonomy":"product_cat","embeddable":true,"href":"https:\/\/julity.com\/da\/wp-json\/wp\/v2\/product_cat?post=1814"},{"taxonomy":"product_tag","embeddable":true,"href":"https:\/\/julity.com\/da\/wp-json\/wp\/v2\/product_tag?post=1814"}],"curies":[{"name":"wp","href":"https:\/\/api.w.org\/{rel}","templated":true}]}}