{"id":2143,"date":"2020-12-07T07:02:15","date_gmt":"2020-12-07T06:02:15","guid":{"rendered":"https:\/\/julity.com\/?post_type=product&#038;p=2143"},"modified":"2023-03-13T06:10:11","modified_gmt":"2023-03-13T13:10:11","slug":"engraved-heart-pendant-family-birthstone-necklace","status":"publish","type":"product","link":"https:\/\/julity.com\/da\/product\/engraved-heart-pendant-family-birthstone-necklace\/","title":{"rendered":"Graveret hjerte vedh\u00e6ng familie f\u00f8dselssten halsk\u00e6de"},"content":{"rendered":"<p>Tilf\u00f8j noget ekstra specielt til dit smykkeskrin med graverbare halsk\u00e6der. Der er et v\u00e6ld af smukke designs, der kan tilpasses med et navn, to navne eller endda inspirerende ord, som du elsker. julity leverer prisvenlige graveringssmykker, der ikke vil bryde banken. Derudover giver disse stykker meget tankev\u00e6kkende og v\u00e6rdsatte gaver til venner og familie. Giv dem til en, der fejrer en f\u00f8dselsdag, eksamen, babyshower eller jubil\u00e6um. Finisherne er smukt polerede, s\u00e5 den glans, der kommer af dem, er meget intens.<\/p>","protected":false},"excerpt":{"rendered":"<p>Add something extra special to your jewelry box with engravable necklaces. There are a plethora of gorgeous designs that can be customized with a name, two names, or even inspirational words that you love. julity provides affordable engravable jewelry that won\u2019t break the bank. In addition, these pieces make for very thoughtful and appreciated gifts [&#8230;]","protected":false},"featured_media":2144,"comment_status":"open","ping_status":"closed","template":"","meta":[],"product_brand":[],"product_cat":[82,90,86,91,84],"product_tag":[125,114,119],"class_list":{"0":"post-2143","1":"product","2":"type-product","3":"status-publish","4":"has-post-thumbnail","6":"product_cat-18k-gold-plated","7":"product_cat-gifts-for-couples","8":"product_cat-gifts-for-mom","9":"product_cat-gifts-for-teens","10":"product_cat-new-arrivals","11":"product_tag-emailshow","12":"product_tag-new","13":"product_tag-new2021","14":"tm-has-options","16":"first","17":"instock","18":"sale","19":"shipping-taxable","20":"purchasable","21":"product-type-simple"},"_links":{"self":[{"href":"https:\/\/julity.com\/da\/wp-json\/wp\/v2\/product\/2143","targetHints":{"allow":["GET"]}}],"collection":[{"href":"https:\/\/julity.com\/da\/wp-json\/wp\/v2\/product"}],"about":[{"href":"https:\/\/julity.com\/da\/wp-json\/wp\/v2\/types\/product"}],"replies":[{"embeddable":true,"href":"https:\/\/julity.com\/da\/wp-json\/wp\/v2\/comments?post=2143"}],"wp:featuredmedia":[{"embeddable":true,"href":"https:\/\/julity.com\/da\/wp-json\/wp\/v2\/media\/2144"}],"wp:attachment":[{"href":"https:\/\/julity.com\/da\/wp-json\/wp\/v2\/media?parent=2143"}],"wp:term":[{"taxonomy":"product_brand","embeddable":true,"href":"https:\/\/julity.com\/da\/wp-json\/wp\/v2\/product_brand?post=2143"},{"taxonomy":"product_cat","embeddable":true,"href":"https:\/\/julity.com\/da\/wp-json\/wp\/v2\/product_cat?post=2143"},{"taxonomy":"product_tag","embeddable":true,"href":"https:\/\/julity.com\/da\/wp-json\/wp\/v2\/product_tag?post=2143"}],"curies":[{"name":"wp","href":"https:\/\/api.w.org\/{rel}","templated":true}]}}