{"id":240004,"date":"2021-10-22T00:25:41","date_gmt":"2021-10-22T04:25:41","guid":{"rendered":"https:\/\/julity.com\/?post_type=product&#038;p=240004"},"modified":"2025-06-17T06:40:25","modified_gmt":"2025-06-17T13:40:25","slug":"personalized-heart-birthstone-necklace-with-engraving","status":"publish","type":"product","link":"https:\/\/julity.com\/da\/product\/personalized-heart-birthstone-necklace-with-engraving\/","title":{"rendered":"Personlig hjerte f\u00f8dselssten halsk\u00e6de med gravering"},"content":{"rendered":"<div class=\"item-attr-title\">\n<h3>Varespecifikationer:<\/h3>\n<\/div>\n<div>\n<table class=\"table table-striped\">\n<tbody>\n<tr>\n<th>Stil<\/th>\n<td>Hjerte halsk\u00e6de<\/td>\n<\/tr>\n<tr>\n<th>Vedh\u00e6ng st\u00f8rrelse<\/th>\n<td>H\u00f8jde: 25.5MM(1INCH), Bredde: 25.5MM(1INCH), Birthstone St\u00f8rrelse: 2.5MM(0.1INCH)<\/td>\n<\/tr>\n<tr>\n<th>Krog<\/th>\n<td>Enkelt krog<\/td>\n<\/tr>\n<tr>\n<th>K\u00e6de type<\/th>\n<td>Rolo k\u00e6de<\/td>\n<\/tr>\n<tr>\n<th>Materiale<\/th>\n<td>Sterling s\u00f8lv 925<\/td>\n<\/tr>\n<tr>\n<th>Tykkelse<\/th>\n<td>4MM(0,16INCH)<\/td>\n<\/tr>\n<\/tbody>\n<\/table>\n<p>F\u00f8dselssten:<img decoding=\"async\" src=\"\/\/julity.com\/wp-content\/uploads\/2021\/10\/stone.jpg\" alt=\"\" \/><br \/>\n<!--StartFragment --><\/p>\n<div><\/div>\n<p>\u00c6r din mor med denne personlige mors hjerte halsk\u00e6de! Denne familie kan indgraveres med navne og f\u00f8dselssten p\u00e5 alle hendes b\u00f8rn og giver hende kammeratskab, uanset hvor hun g\u00e5r. Med personlige navne p\u00e5 alle hendes b\u00f8rn indgraveret rundt om hjertevedh\u00e6nget, vil denne halsk\u00e6de v\u00e6re en meningsfuld gave for en mor at v\u00e6rds\u00e6tte for evigt! Tilpas Mama-halsk\u00e6den med dine familienavne og vis din mor, hvor meget du elsker hende!<\/p>\n<\/div>","protected":false},"excerpt":{"rendered":"<p>Item specifics: Style Heart Necklace Pendant Size Height: 25.5MM(1INCH), Width: 25.5MM(1INCH), Birthstone Size: 2.5MM(0.1INCH) Hook Single Hook Chain type Rolo Chain Material Sterling Silver 925 Thickness 4MM(0.16INCH) Birthstone: Honor your mother with this personalized mom&#8217;s heart necklace! This family can be engraved with the names and birthstones of all her children and gives her companionship [&#8230;]","protected":false},"featured_media":300709,"comment_status":"open","ping_status":"closed","template":"","meta":[],"product_brand":[],"product_cat":[82,90,86,91,84],"product_tag":[125,119],"class_list":{"0":"post-240004","1":"product","2":"type-product","3":"status-publish","4":"has-post-thumbnail","6":"product_cat-18k-gold-plated","7":"product_cat-gifts-for-couples","8":"product_cat-gifts-for-mom","9":"product_cat-gifts-for-teens","10":"product_cat-new-arrivals","11":"product_tag-emailshow","12":"product_tag-new2021","13":"tm-has-options","15":"first","16":"instock","17":"sale","18":"shipping-taxable","19":"purchasable","20":"product-type-simple"},"_links":{"self":[{"href":"https:\/\/julity.com\/da\/wp-json\/wp\/v2\/product\/240004","targetHints":{"allow":["GET"]}}],"collection":[{"href":"https:\/\/julity.com\/da\/wp-json\/wp\/v2\/product"}],"about":[{"href":"https:\/\/julity.com\/da\/wp-json\/wp\/v2\/types\/product"}],"replies":[{"embeddable":true,"href":"https:\/\/julity.com\/da\/wp-json\/wp\/v2\/comments?post=240004"}],"wp:featuredmedia":[{"embeddable":true,"href":"https:\/\/julity.com\/da\/wp-json\/wp\/v2\/media\/300709"}],"wp:attachment":[{"href":"https:\/\/julity.com\/da\/wp-json\/wp\/v2\/media?parent=240004"}],"wp:term":[{"taxonomy":"product_brand","embeddable":true,"href":"https:\/\/julity.com\/da\/wp-json\/wp\/v2\/product_brand?post=240004"},{"taxonomy":"product_cat","embeddable":true,"href":"https:\/\/julity.com\/da\/wp-json\/wp\/v2\/product_cat?post=240004"},{"taxonomy":"product_tag","embeddable":true,"href":"https:\/\/julity.com\/da\/wp-json\/wp\/v2\/product_tag?post=240004"}],"curies":[{"name":"wp","href":"https:\/\/api.w.org\/{rel}","templated":true}]}}