{"id":300610,"date":"2023-02-24T22:34:54","date_gmt":"2023-02-25T05:34:54","guid":{"rendered":"https:\/\/julity.com\/?post_type=product&#038;p=300610"},"modified":"2025-06-21T01:18:21","modified_gmt":"2025-06-21T08:18:21","slug":"custom-2-birthstone-mothers-necklace","status":"publish","type":"product","link":"https:\/\/julity.com\/da\/product\/custom-2-birthstone-mothers-necklace\/","title":{"rendered":"Custom 2 Birthstone Mother's halsk\u00e6de"},"content":{"rendered":"<div class=\"item-attr-title\">\n<h3>Varespecifikationer:<\/h3>\n<\/div>\n<div>\n<table class=\"table table-striped\">\n<tbody>\n<tr>\n<th>Stil<\/th>\n<td> Hjerte halsk\u00e6de<\/td>\n<\/tr>\n<tr>\n<th>Vedh\u00e6ng st\u00f8rrelse<\/th>\n<td>H\u00f8jde: 25.5MM(1INCH), Bredde: 25.5MM(1INCH), Birthstone St\u00f8rrelse: 2.5MM(0.1INCH)<\/td>\n<\/tr>\n<tr>\n<th>Krog<\/th>\n<td>Enkelt krog<\/td>\n<\/tr>\n<tr>\n<th>K\u00e6de type<\/th>\n<td>Rolo k\u00e6de<\/td>\n<\/tr>\n<tr>\n<th>Materiale<\/th>\n<td>Sterling s\u00f8lv 925<\/td>\n<\/tr>\n<tr>\n<th>Tykkelse<\/th>\n<td>4MM(0,16INCH)<\/td>\n<\/tr>\n<\/tbody>\n<\/table>\n<p>F\u00f8dselssten:<img decoding=\"async\" src=\"\/\/julity.com\/wp-content\/uploads\/2021\/10\/stone.jpg\" alt=\"\" \/><br \/>\n<!--StartFragment --><\/p>\n<div><\/div>\n<p>Graveret hjertehalsk\u00e6de med f\u00f8dselssten \u2013 personlig gave til hende. Denne dejlige f\u00f8dselsstenshalsk\u00e6de har hjerteformede f\u00f8dselssten efter eget valg for at symbolisere din k\u00e6rlighed. Du kan personligg\u00f8re ved at gravere dine k\u00e6res navne. Graver op til 1-6 navne sammen med 1-6 f\u00f8dselssten efter eget valg i dette personlige smykke. Den specialfremstillede halsk\u00e6de er lavet af sterling s\u00f8lv. Halsk\u00e6den har et fremragende design, og vedh\u00e6nget er designet i en hjerteform med f\u00f8dselssten giver en fantastisk visuel effekt. Modtager: Mor, k\u00e6reste, kone, datter. Gavetype: Birthstone halsk\u00e6der. Begivenheder Mors dag, Valentinsdag, jul, f\u00f8dselsdag osv. Personaliseringstype: navn, besked, dato. <\/p>","protected":false},"excerpt":{"rendered":"<p>Item specifics: Style Heart Necklace Pendant Size Height: 25.5MM(1INCH), Width: 25.5MM(1INCH), Birthstone Size: 2.5MM(0.1INCH) Hook Single Hook Chain type Rolo Chain Material Sterling Silver 925 Thickness 4MM(0.16INCH) Birthstone: Engraved Heart Necklace with Birthstone &#8211; Personalized Gift for Her. This lovely birthstone necklace features heart-shaped birthstones of your choice to symbolise your love. You may personalize [&#8230;]","protected":false},"featured_media":300671,"comment_status":"open","ping_status":"closed","template":"","meta":[],"product_brand":[],"product_cat":[15],"product_tag":[114,119,124],"class_list":{"0":"post-300610","1":"product","2":"type-product","3":"status-publish","4":"has-post-thumbnail","6":"product_cat-uncategorized","7":"product_tag-new","8":"product_tag-new2021","9":"product_tag-new2023","10":"tm-has-options","12":"first","13":"instock","14":"sale","15":"shipping-taxable","16":"purchasable","17":"product-type-simple"},"_links":{"self":[{"href":"https:\/\/julity.com\/da\/wp-json\/wp\/v2\/product\/300610","targetHints":{"allow":["GET"]}}],"collection":[{"href":"https:\/\/julity.com\/da\/wp-json\/wp\/v2\/product"}],"about":[{"href":"https:\/\/julity.com\/da\/wp-json\/wp\/v2\/types\/product"}],"replies":[{"embeddable":true,"href":"https:\/\/julity.com\/da\/wp-json\/wp\/v2\/comments?post=300610"}],"wp:featuredmedia":[{"embeddable":true,"href":"https:\/\/julity.com\/da\/wp-json\/wp\/v2\/media\/300671"}],"wp:attachment":[{"href":"https:\/\/julity.com\/da\/wp-json\/wp\/v2\/media?parent=300610"}],"wp:term":[{"taxonomy":"product_brand","embeddable":true,"href":"https:\/\/julity.com\/da\/wp-json\/wp\/v2\/product_brand?post=300610"},{"taxonomy":"product_cat","embeddable":true,"href":"https:\/\/julity.com\/da\/wp-json\/wp\/v2\/product_cat?post=300610"},{"taxonomy":"product_tag","embeddable":true,"href":"https:\/\/julity.com\/da\/wp-json\/wp\/v2\/product_tag?post=300610"}],"curies":[{"name":"wp","href":"https:\/\/api.w.org\/{rel}","templated":true}]}}