{"id":380043,"date":"2023-05-25T01:21:43","date_gmt":"2023-05-25T08:21:43","guid":{"rendered":"https:\/\/julity.com\/?post_type=product&#038;p=380043"},"modified":"2023-07-07T05:24:30","modified_gmt":"2023-07-07T12:24:30","slug":"high-quality-interwoven-mens-brown-bracelet","status":"publish","type":"product","link":"https:\/\/julity.com\/da\/product\/high-quality-interwoven-mens-brown-bracelet\/","title":{"rendered":"H\u00f8jkvalitets sammenv\u00e6vet brunt armb\u00e5nd til m\u00e6nd"},"content":{"rendered":"<p>Skr\u00e6ddersyede detaljer g\u00f8r herrearmb\u00e5ndet med sm\u00e5 brugerdefinerede perler i s\u00f8lv til en fremtr\u00e6dende. Dette personlige armb\u00e5nd har et smukt flettet b\u00e5nd, der lukkes med en robust s\u00f8lvl\u00e5s. De cirkul\u00e6re perler tilf\u00f8jer en behagelig kontrast og er graveret p\u00e5 bestilling. Dette armb\u00e5nd er lavet med kvalitetskomponenter inklusive sterling s\u00f8lv. Den byder p\u00e5:<\/p>\n<ul>\n<li>Materiale: Sterling S\u00f8lv 0,925 \u00c6gte l\u00e6der flet armb\u00e5nd<\/li>\n<li>Perlest\u00f8rrelse: 9,8*4,8MM(0,38*0,18INCH)<\/li>\n<li>Perletykkelse: 0,8 mm (0,03 tomme)<\/li>\n<li>Omkreds af armb\u00e5nd: Justerbar \u2013 60 cm (24 tommer)<\/li>\n<li>K\u00e6den kan \u00e6ndres st\u00f8rrelse, og gr\u00e6nsefladen er sikret med en s\u00f8lv knap.<\/li>\n<li>Hver perle kan graveres med et brugerdefineret navn<\/li>\n<\/ul>","protected":false},"excerpt":{"rendered":"<p>Customized details make the Men Bracelet with Small Custom Beads in Silver a standout. This personalized bracelet features a handsomely braided band that fastens with a sturdy silver clasp. The circular beads add pleasing contrast, and are engraved to order. This bracelet is made with quality components including sterling silver. It features: Material: Sterling Silver [&#8230;]","protected":false},"featured_media":380055,"comment_status":"open","ping_status":"closed","template":"","meta":[],"product_brand":[],"product_cat":[15],"product_tag":[115],"class_list":{"0":"post-380043","1":"product","2":"type-product","3":"status-publish","4":"has-post-thumbnail","6":"product_cat-uncategorized","7":"product_tag-bracelets","8":"tm-has-options","10":"first","11":"instock","12":"sale","13":"shipping-taxable","14":"purchasable","15":"product-type-simple"},"_links":{"self":[{"href":"https:\/\/julity.com\/da\/wp-json\/wp\/v2\/product\/380043","targetHints":{"allow":["GET"]}}],"collection":[{"href":"https:\/\/julity.com\/da\/wp-json\/wp\/v2\/product"}],"about":[{"href":"https:\/\/julity.com\/da\/wp-json\/wp\/v2\/types\/product"}],"replies":[{"embeddable":true,"href":"https:\/\/julity.com\/da\/wp-json\/wp\/v2\/comments?post=380043"}],"wp:featuredmedia":[{"embeddable":true,"href":"https:\/\/julity.com\/da\/wp-json\/wp\/v2\/media\/380055"}],"wp:attachment":[{"href":"https:\/\/julity.com\/da\/wp-json\/wp\/v2\/media?parent=380043"}],"wp:term":[{"taxonomy":"product_brand","embeddable":true,"href":"https:\/\/julity.com\/da\/wp-json\/wp\/v2\/product_brand?post=380043"},{"taxonomy":"product_cat","embeddable":true,"href":"https:\/\/julity.com\/da\/wp-json\/wp\/v2\/product_cat?post=380043"},{"taxonomy":"product_tag","embeddable":true,"href":"https:\/\/julity.com\/da\/wp-json\/wp\/v2\/product_tag?post=380043"}],"curies":[{"name":"wp","href":"https:\/\/api.w.org\/{rel}","templated":true}]}}