{"id":410610,"date":"2026-02-18T04:57:45","date_gmt":"2026-02-18T08:57:45","guid":{"rendered":"https:\/\/julity.com\/?post_type=product&#038;p=410610"},"modified":"2026-02-18T07:15:44","modified_gmt":"2026-02-18T11:15:44","slug":"personalized-sterling-silver-men-single-strand-thick-leather-bracelet-1","status":"publish","type":"product","link":"https:\/\/julity.com\/da\/product\/personalized-sterling-silver-men-single-strand-thick-leather-bracelet-1\/","title":{"rendered":"Personlig sterlings\u00f8lv til m\u00e6nd Enkeltstrenget tykt l\u00e6derarmb\u00e5nd"},"content":{"rendered":"<p>Dette h\u00e5ndlavede personlige armb\u00e5nd er lavet af h\u00f8jkvalitets l\u00e6der og tilpassede s\u00f8lvperler, hvilket g\u00f8r det til en unik og tankev\u00e6kkende gave til din \u00e6gtef\u00e6lle, en ven eller et medlem af din familie. Derudover er disse vidunderlige gaver til f\u00f8dselsdage, jul, valentinsdag, mors dag, fars dag og andre s\u00e6rlige lejligheder.<br \/>\nDette personlige armb\u00e5nd har et smukt flettet b\u00e5nd, der lukkes med en robust magnetl\u00e5s.<\/p>\n<p>Skr\u00e6ddersyede detaljer g\u00f8r herrearmb\u00e5ndet med sm\u00e5 brugerdefinerede perler i s\u00f8lv til en fremtr\u00e6dende. Dette personlige armb\u00e5nd har et smukt flettet b\u00e5nd, der lukkes med en robust s\u00f8lvl\u00e5s. De cirkul\u00e6re perler tilf\u00f8jer en behagelig kontrast og er graveret p\u00e5 bestilling. Dette armb\u00e5nd er lavet med kvalitetskomponenter inklusive sterling s\u00f8lv. Den byder p\u00e5:<\/p>\n<ul>\n<li>Materiale: Sterling S\u00f8lv 0,925 \u00c6gte l\u00e6der flet armb\u00e5nd<\/li>\n<li>Perlest\u00f8rrelse: 9,8*4,8MM(0,38*0,18INCH)<\/li>\n<li>Perletykkelse: 0,8 mm (0,03 tomme)<\/li>\n<li>Hver perle kan graveres med et brugerdefineret navn<\/li>\n<\/ul>\n<p><img decoding=\"async\" src=\"https:\/\/julity.com\/wp-content\/uploads\/2024\/05\/brace-szsie.jpg\" alt=\"size\" \/><\/p>","protected":false},"excerpt":{"rendered":"<p>This handmade personalized bracelet is made of high quality leather and customizable silver beads, making it a unique and thoughtful gift for your spouse, a friend, or a member of your family. Additionally, these are wonderful presents for birthdays, Christmas, Valentine&#8217;s Day, Mother&#8217;s Day, Father&#8217;s Day, and other special occasions. This personalized bracelet features a [&#8230;]","protected":false},"featured_media":390310,"comment_status":"open","ping_status":"closed","template":"","meta":[],"product_brand":[],"product_cat":[101],"product_tag":[115],"class_list":{"0":"post-410610","1":"product","2":"type-product","3":"status-publish","4":"has-post-thumbnail","6":"product_cat-name-bracelets","7":"product_tag-bracelets","8":"tm-no-options","10":"first","11":"instock","12":"sale","13":"shipping-taxable","14":"purchasable","15":"product-type-simple"},"_links":{"self":[{"href":"https:\/\/julity.com\/da\/wp-json\/wp\/v2\/product\/410610","targetHints":{"allow":["GET"]}}],"collection":[{"href":"https:\/\/julity.com\/da\/wp-json\/wp\/v2\/product"}],"about":[{"href":"https:\/\/julity.com\/da\/wp-json\/wp\/v2\/types\/product"}],"replies":[{"embeddable":true,"href":"https:\/\/julity.com\/da\/wp-json\/wp\/v2\/comments?post=410610"}],"wp:featuredmedia":[{"embeddable":true,"href":"https:\/\/julity.com\/da\/wp-json\/wp\/v2\/media\/390310"}],"wp:attachment":[{"href":"https:\/\/julity.com\/da\/wp-json\/wp\/v2\/media?parent=410610"}],"wp:term":[{"taxonomy":"product_brand","embeddable":true,"href":"https:\/\/julity.com\/da\/wp-json\/wp\/v2\/product_brand?post=410610"},{"taxonomy":"product_cat","embeddable":true,"href":"https:\/\/julity.com\/da\/wp-json\/wp\/v2\/product_cat?post=410610"},{"taxonomy":"product_tag","embeddable":true,"href":"https:\/\/julity.com\/da\/wp-json\/wp\/v2\/product_tag?post=410610"}],"curies":[{"name":"wp","href":"https:\/\/api.w.org\/{rel}","templated":true}]}}