{"id":817,"date":"2018-11-09T16:27:00","date_gmt":"2018-11-09T21:27:00","guid":{"rendered":"https:\/\/www.leryca.com\/product\/mothers-necklace-with-children-charms-rose-gold-plated\/"},"modified":"2020-10-13T05:38:40","modified_gmt":"2020-10-13T09:38:40","slug":"mothers-necklace-with-children-charms-rose-gold-plated","status":"publish","type":"product","link":"https:\/\/julity.com\/da\/product\/mothers-necklace-with-children-charms-rose-gold-plated\/","title":{"rendered":"Mors halsk\u00e6de med charms til b\u00f8rn, rosa forgyldt"},"content":{"rendered":"<p>Tilf\u00f8j noget ekstra specielt til dit smykkeskrin med julity graverbare halsk\u00e6der. Der er et v\u00e6ld af smukke designs, der kan tilpasses med et navn, to navne eller endda inspirerende ord, som du elsker. julity leverer prisvenlige graveringssmykker, der ikke vil bryde banken. Derudover giver disse stykker meget tankev\u00e6kkende og v\u00e6rdsatte gaver til venner og familie. Giv dem til en, der fejrer en f\u00f8dselsdag, eksamen, babyshower eller jubil\u00e6um. Finisherne er smukt polerede, s\u00e5 den glans, der kommer af dem, er meget intens. Der er alt fra cirkelvedh\u00e6ngshalsk\u00e6der og dobbeltstangshalsk\u00e6der til footprint-halsk\u00e6der og charme-halsk\u00e6der til b\u00f8rn.<\/p>\n<div class=\"simple-video-replace\" style=\"display: none;\" data-slide=\"4\"><video preload=\"auto\" controls=\"controls\" width=\"500\" height=\"500\"><source src=\"https:\/\/videos.files.wordpress.com\/YOcJELTp\/20181126_a02_hd.mp4\" source=\"\" \/><\/video><\/div>","protected":false},"excerpt":{"rendered":"<p>Add something extra special to your jewelry box with julity engravable necklaces. There are a plethora of gorgeous designs that can be customized with a name, two names, or even inspirational words that you love. julity provides affordable engravable jewelry that won\u2019t break the bank. In addition, these pieces make for very thoughtful and appreciated [&#8230;]","protected":false},"featured_media":818,"comment_status":"open","ping_status":"closed","template":"","meta":[],"product_brand":[],"product_cat":[83,90,86,88,85,78],"product_tag":[],"class_list":{"0":"post-817","1":"product","2":"type-product","3":"status-publish","4":"has-post-thumbnail","6":"product_cat-18k-rose-gold","7":"product_cat-gifts-for-couples","8":"product_cat-gifts-for-mom","9":"product_cat-gifts-for-new-mom","10":"product_cat-gifts-for-your-love","11":"product_cat-moms-necklaces","12":"tm-has-options","14":"first","15":"instock","16":"sale","17":"shipping-taxable","18":"purchasable","19":"product-type-simple"},"_links":{"self":[{"href":"https:\/\/julity.com\/da\/wp-json\/wp\/v2\/product\/817","targetHints":{"allow":["GET"]}}],"collection":[{"href":"https:\/\/julity.com\/da\/wp-json\/wp\/v2\/product"}],"about":[{"href":"https:\/\/julity.com\/da\/wp-json\/wp\/v2\/types\/product"}],"replies":[{"embeddable":true,"href":"https:\/\/julity.com\/da\/wp-json\/wp\/v2\/comments?post=817"}],"wp:featuredmedia":[{"embeddable":true,"href":"https:\/\/julity.com\/da\/wp-json\/wp\/v2\/media\/818"}],"wp:attachment":[{"href":"https:\/\/julity.com\/da\/wp-json\/wp\/v2\/media?parent=817"}],"wp:term":[{"taxonomy":"product_brand","embeddable":true,"href":"https:\/\/julity.com\/da\/wp-json\/wp\/v2\/product_brand?post=817"},{"taxonomy":"product_cat","embeddable":true,"href":"https:\/\/julity.com\/da\/wp-json\/wp\/v2\/product_cat?post=817"},{"taxonomy":"product_tag","embeddable":true,"href":"https:\/\/julity.com\/da\/wp-json\/wp\/v2\/product_tag?post=817"}],"curies":[{"name":"wp","href":"https:\/\/api.w.org\/{rel}","templated":true}]}}