{"id":1848,"date":"2020-05-17T05:53:57","date_gmt":"2020-05-17T09:53:57","guid":{"rendered":"https:\/\/www.leryca.com\/?page_id=1848"},"modified":"2021-06-01T22:12:46","modified_gmt":"2021-06-02T02:12:46","slug":"faq","status":"publish","type":"page","link":"https:\/\/julity.com\/de\/faq\/","title":{"rendered":"FAQ"},"content":{"rendered":"<div class=\"row\"  id=\"row-688724771\">\n\n\t<div id=\"col-1234734707\" class=\"col small-12 large-12\"  >\n\t\t\t\t<div class=\"col-inner\"  >\n\t\t\t\n\t\t\t\n<h3 class=\"accordion_title\">Versand<\/h3><div class=\"accordion\">\n\t<div id=\"accordion-1346104841\" class=\"accordion-item\">\n\t\t<a id=\"accordion-1346104841-label\" class=\"accordion-title plain\" href=\"#accordion-item-do-you-ship-worldwide?\" aria-expanded=\"false\" aria-controls=\"accordion-1346104841-content\">\n\t\t\t<button class=\"toggle\" aria-label=\"Umschalten\"><i class=\"icon-angle-down\" aria-hidden=\"true\"><\/i><\/button>\n\t\t\t<span>Versenden Sie weltweit?<\/span>\n\t\t<\/a>\n\t\t<div id=\"accordion-1346104841-content\" class=\"accordion-inner\" aria-labelledby=\"accordion-1346104841-label\">\n\t\t\t\n<p>Ja, wir versenden in die meisten L\u00e4nder der Welt.&nbsp;<\/p>\n<p>Wir bieten Versand in folgende Ziell\u00e4nder an:&nbsp;<\/p>\n<table width=\"100%\" cellspacing=\"0\" cellpadding=\"0\" border=\"0\" bgcolor=\"#ffffff\" align=\"center\">\n<tbody>\n<tr>\n<td width=\"190\" valign=\"top\" align=\"left\"><span style=\"font-size: medium;\">EIN<\/span>rgentina&nbsp;<br \/>\nAustralien&nbsp;<br \/>\n\u00d6sterreich&nbsp;<\/p>\n<p><span style=\"font-size: medium;\">B.<\/span>Elgium&nbsp;<br \/>\nBrasilien&nbsp;<\/p>\n<p><span style=\"font-size: medium;\">C.<\/span>Anada&nbsp;<br \/>\nChile&nbsp;<br \/>\nCosta Rica&nbsp;<br \/>\nKroatien&nbsp;<br \/>\nZypern&nbsp;<br \/>\nTschechische Republik&nbsp;<\/p>\n<p><span style=\"font-size: medium;\">D.<\/span>enmark&nbsp;<br \/>\nDominikanische Republik&nbsp;<\/p>\n<p><span style=\"font-size: medium;\">E.<\/span>cuador&nbsp;<br \/>\nEstland&nbsp;<\/p>\n<p><span style=\"font-size: medium;\">F.<\/span>Inland&nbsp;<br \/>\nFrankreich&nbsp;<\/p>\n<p><span style=\"font-size: medium;\">G<\/span>ermany&nbsp;<br \/>\nGriechenland&nbsp;<\/td>\n<td width=\"190\" valign=\"top\" align=\"left\"><span style=\"font-size: medium;\">H.<\/span>ong Kong&nbsp;<br \/>\nUngarn&nbsp;<\/p>\n<p><span style=\"font-size: medium;\">ich<\/span>Land&nbsp;<br \/>\nIndien&nbsp;<br \/>\nIrland&nbsp;<br \/>\nIsrael&nbsp;<br \/>\nItalien&nbsp;<\/p>\n<p><span style=\"font-size: medium;\">J.<\/span>amaica&nbsp;<br \/>\nJapan&nbsp;<\/p>\n<p><span style=\"font-size: medium;\">L.<\/span>atvia&nbsp;<br \/>\nLitauen&nbsp;<br \/>\nLuxemburg&nbsp;<\/p>\n<p><span style=\"font-size: medium;\">M.<\/span>alta&nbsp;<\/p>\n<p><span style=\"font-size: medium;\">N.<\/span>\u00c4therland&nbsp;<br \/>\nNeuseeland&nbsp;<br \/>\nNorwegen&nbsp;<\/p>\n<p><span style=\"font-size: medium;\">P.<\/span>oland&nbsp;<br \/>\nPortugal&nbsp;<br \/>\nPuerto Rico&nbsp;<\/td>\n<td width=\"190\" valign=\"top\" align=\"left\"><span style=\"font-size: medium;\">R.<\/span>omania&nbsp;<\/p>\n<p><span style=\"font-size: medium;\">S.<\/span>cotland-UK&nbsp;<br \/>\nSingapur&nbsp;<br \/>\nSlowakei&nbsp;<br \/>\nSlowenien&nbsp;<br \/>\nS\u00fcdafrika&nbsp;<br \/>\nSpanien&nbsp;<br \/>\nSchweden&nbsp;<br \/>\nSchweiz&nbsp;<\/p>\n<p><span style=\"font-size: medium;\">T.<\/span>aiwan&nbsp;<br \/>\nThailand&nbsp;<br \/>\nTruthahn&nbsp;<\/p>\n<p><span style=\"font-size: medium;\">U.<\/span>Vereinigtes K\u00f6nigreich&nbsp;<br \/>\nVereinigte Staaten&nbsp;<br \/>\nUruguay&nbsp;<\/p>\n<p><span style=\"font-size: medium;\">V.<\/span>enezuela<\/td>\n<\/tr>\n<\/tbody>\n<\/table>\n\t\t<\/div>\n\t<\/div>\n\t\n\t<div id=\"accordion-3388589108\" class=\"accordion-item\">\n\t\t<a id=\"accordion-3388589108-label\" class=\"accordion-title plain\" href=\"#accordion-item-what-shipping-methods-do-you-offer?\" aria-expanded=\"false\" aria-controls=\"accordion-3388589108-content\">\n\t\t\t<button class=\"toggle\" aria-label=\"Umschalten\"><i class=\"icon-angle-down\" aria-hidden=\"true\"><\/i><\/button>\n\t\t\t<span>Welche Versandarten bieten Sie an?<\/span>\n\t\t<\/a>\n\t\t<div id=\"accordion-3388589108-content\" class=\"accordion-inner\" aria-labelledby=\"accordion-3388589108-label\">\n\t\t\t\n<p>Sehen Sie unsere&nbsp;<a href=\"https:\/\/julity.com\/de\/shipping-information\/\">Versandinformationen<\/a>&nbsp;Seite f\u00fcr alle verf\u00fcgbaren Versandarten.<\/p>\n\t\t<\/div>\n\t<\/div>\n\t\n\t<div id=\"accordion-2703829363\" class=\"accordion-item\">\n\t\t<a id=\"accordion-2703829363-label\" class=\"accordion-title plain\" href=\"#accordion-item-how-do-i-track-my-order?\" aria-expanded=\"false\" aria-controls=\"accordion-2703829363-content\">\n\t\t\t<button class=\"toggle\" aria-label=\"Umschalten\"><i class=\"icon-angle-down\" aria-hidden=\"true\"><\/i><\/button>\n\t\t\t<span>Wie verfolge ich meine Bestellung?<\/span>\n\t\t<\/a>\n\t\t<div id=\"accordion-2703829363-content\" class=\"accordion-inner\" aria-labelledby=\"accordion-2703829363-label\">\n\t\t\t\n<p>Wir haben ein System, mit dem Sie Ihren Bestell- und Versandstatus verfolgen k\u00f6nnen.&nbsp;<br \/>\nSie m\u00fcssen Ihre Bestellnummer und die E-Mail-Adresse eingeben, die Sie bei Ihrer Bestellung verwendet haben.&nbsp;<\/p>\n<p>Sie k\u00f6nnen zu unserer Tracking-Seite gehen&nbsp;<a href=\"https:\/\/julity.com\/de\/track-order\/\">Hier<\/a>.<\/p>\n\t\t<\/div>\n\t<\/div>\n\t\n<\/div>\n\t\t<\/div>\n\t\t\t\t\t<\/div>\n\n\t\n<\/div>\n<div class=\"row\"  id=\"row-2023011537\">\n\n\t<div id=\"col-1174811209\" class=\"col small-12 large-12\"  >\n\t\t\t\t<div class=\"col-inner\"  >\n\t\t\t\n\t\t\t\n<h3 class=\"accordion_title\">Zahlung<\/h3><div class=\"accordion\">\n\t<div id=\"accordion-2076607370\" class=\"accordion-item\">\n\t\t<a id=\"accordion-2076607370-label\" class=\"accordion-title plain\" href=\"#accordion-item-how-can-i-find-my-purchase-on-my-billing-statement?\" aria-expanded=\"false\" aria-controls=\"accordion-2076607370-content\">\n\t\t\t<button class=\"toggle\" aria-label=\"Umschalten\"><i class=\"icon-angle-down\" aria-hidden=\"true\"><\/i><\/button>\n\t\t\t<span>Wie finde ich meinen Kauf auf meinem Rechnungsauszug?<\/span>\n\t\t<\/a>\n\t\t<div id=\"accordion-2076607370-content\" class=\"accordion-inner\" aria-labelledby=\"accordion-2076607370-label\">\n\t\t\t\n<p>Sie finden uns neben dem Kaufbetrag unter dem Namen \u201eSchmuck Website \/ julity\u201c.<\/p>\n\t\t<\/div>\n\t<\/div>\n\t\n\t<div id=\"accordion-1891677990\" class=\"accordion-item\">\n\t\t<a id=\"accordion-1891677990-label\" class=\"accordion-title plain\" href=\"#accordion-item-what-payment-methods-are-available-on-your-website?\" aria-expanded=\"false\" aria-controls=\"accordion-1891677990-content\">\n\t\t\t<button class=\"toggle\" aria-label=\"Umschalten\"><i class=\"icon-angle-down\" aria-hidden=\"true\"><\/i><\/button>\n\t\t\t<span>Welche Zahlungsmethoden stehen auf Ihrer Website zur Verf\u00fcgung?<\/span>\n\t\t<\/a>\n\t\t<div id=\"accordion-1891677990-content\" class=\"accordion-inner\" aria-labelledby=\"accordion-1891677990-label\">\n\t\t\t\n<p>Wir akzeptieren alle g\u00e4ngigen Kreditkarten und Zahlungen \u00fcber PayPal.&nbsp;<br \/>\nDie vollst\u00e4ndige Liste der Zahlungsmethoden finden Sie auf unserer Zahlungsseite, nachdem Sie im Warenkorb auf die Schaltfl\u00e4che &quot;Zur Kasse gehen&quot; geklickt und Ihr Land ausgew\u00e4hlt haben.<\/p>\n\t\t<\/div>\n\t<\/div>\n\t\n\t<div id=\"accordion-3340144771\" class=\"accordion-item\">\n\t\t<a id=\"accordion-3340144771-label\" class=\"accordion-title plain\" href=\"#accordion-item-what-is-your-privacy-policy?\" aria-expanded=\"false\" aria-controls=\"accordion-3340144771-content\">\n\t\t\t<button class=\"toggle\" aria-label=\"Umschalten\"><i class=\"icon-angle-down\" aria-hidden=\"true\"><\/i><\/button>\n\t\t\t<span>Was ist Ihre Datenschutzrichtlinie?<\/span>\n\t\t<\/a>\n\t\t<div id=\"accordion-3340144771-content\" class=\"accordion-inner\" aria-labelledby=\"accordion-3340144771-label\">\n\t\t\t\n<p>Der Schutz Ihrer Privatsph\u00e4re ist f\u00fcr uns bei julity von gr\u00f6\u00dfter Bedeutung. Alle Informationen, die Sie auf unserer Website \u00fcbermitteln oder die w\u00e4hrend Ihres Besuchs von einem \u201eCookie\u201c erfasst werden, werden ausschlie\u00dflich von julity verwendet, um Ihre Eink\u00e4ufe aufzuzeichnen und zu Werbezwecken. Wir verkaufen, \u00fcbertragen, vermieten oder handeln Ihre Informationen nicht an Dritte.&nbsp;<\/p>\n<p>Wenn Sie sich auf unserer Website registrieren, werden Sie gebeten, einige pers\u00f6nliche Informationen wie Name und Kontaktinformationen anzugeben. julity sch\u00fctzt Ihre pers\u00f6nlichen Daten. Unter keinen Umst\u00e4nden werden wir Ihre Daten an unbefugte Dritte weitergeben oder weitergeben. Dar\u00fcber hinaus verwenden wir ein \u201eCookie\u201c, um Ihre Bewegungen auf der Website zu verfolgen. Das Cookie \u201emerkt sich\u201c, wer Sie sind, sodass Sie sich nicht jedes Mal, wenn Sie unsere Website besuchen, erneut bei uns registrieren m\u00fcssen. Dar\u00fcber hinaus erm\u00f6glicht es uns, Ihnen eine Warenkorbfunktion bereitzustellen und Ihr gesamtes Einkaufserlebnis zu optimieren.<\/p>\n\t\t<\/div>\n\t<\/div>\n\t\n\t<div id=\"accordion-850740661\" class=\"accordion-item\">\n\t\t<a id=\"accordion-850740661-label\" class=\"accordion-title plain\" href=\"#accordion-item-i-received-a-promotional-code.-how-do-i-use-it?\" aria-expanded=\"false\" aria-controls=\"accordion-850740661-content\">\n\t\t\t<button class=\"toggle\" aria-label=\"Umschalten\"><i class=\"icon-angle-down\" aria-hidden=\"true\"><\/i><\/button>\n\t\t\t<span>Ich habe einen Aktionscode erhalten. Wie benutze ich es?<\/span>\n\t\t<\/a>\n\t\t<div id=\"accordion-850740661-content\" class=\"accordion-inner\" aria-labelledby=\"accordion-850740661-label\">\n\t\t\t\n<p>Wenn Sie einen julity-Aktionscode haben, geben Sie den Code in das Feld \u201eAktionscode\u201c am Ende des Einkaufs ein und klicken Sie auf \u201eAnwenden\u201c.<\/p>\n\t\t<\/div>\n\t<\/div>\n\t\n\t<div id=\"accordion-67729192\" class=\"accordion-item\">\n\t\t<a id=\"accordion-67729192-label\" class=\"accordion-title plain\" href=\"#accordion-item-what-should-i-do-if-i-receive-a-\u2018payment-didn\u2019t-go-through\u2019-message?\" aria-expanded=\"false\" aria-controls=\"accordion-67729192-content\">\n\t\t\t<button class=\"toggle\" aria-label=\"Umschalten\"><i class=\"icon-angle-down\" aria-hidden=\"true\"><\/i><\/button>\n\t\t\t<span>Was kann ich tun, wenn ich die Meldung &quot;Zahlung ist nicht durchgegangen&quot; erhalte?<\/span>\n\t\t<\/a>\n\t\t<div id=\"accordion-67729192-content\" class=\"accordion-inner\" aria-labelledby=\"accordion-67729192-label\">\n\t\t\t\n<p>Wenn Sie eine Nachricht erhalten, dass Ihre Zahlung nicht ausgef\u00fchrt wurde, \u00fcberpr\u00fcfen Sie bitte Ihre Zahlungsinformationen und stellen Sie sicher, dass diese korrekt sind.&nbsp;<br \/>\nWenn alle Angaben korrekt sind, versuchen Sie bitte, \u00fcber PayPal zu bezahlen. Sie m\u00fcssen kein registriertes Mitglied von PayPal sein, um deren Dienste nutzen zu k\u00f6nnen.&nbsp;<br \/>\nSie k\u00f6nnen auch eine andere Kreditkarte verwenden oder einige Stunden sp\u00e4ter erneut versuchen, mit dem Zahlungsvorgang fortzufahren.<\/p>\n\t\t<\/div>\n\t<\/div>\n\t\n\t<div id=\"accordion-518546205\" class=\"accordion-item\">\n\t\t<a id=\"accordion-518546205-label\" class=\"accordion-title plain\" href=\"#accordion-item-i-have-a-paypal-account-but-i-cannot-complete-the-payment.\" aria-expanded=\"false\" aria-controls=\"accordion-518546205-content\">\n\t\t\t<button class=\"toggle\" aria-label=\"Umschalten\"><i class=\"icon-angle-down\" aria-hidden=\"true\"><\/i><\/button>\n\t\t\t<span>Ich habe ein PayPal-Konto, kann die Zahlung jedoch nicht abschlie\u00dfen.<\/span>\n\t\t<\/a>\n\t\t<div id=\"accordion-518546205-content\" class=\"accordion-inner\" aria-labelledby=\"accordion-518546205-label\">\n\t\t\t\n<p>Wenn Sie Ihre Zahlung aus irgendeinem Grund nicht mit PayPal abschlie\u00dfen k\u00f6nnen, bitte&nbsp;<a href=\"https:\/\/julity.com\/de\/contact-us\/\">kontaktiere uns<\/a>&nbsp;mit Ihren Bestelldaten.&nbsp;<br \/>\nWir senden Ihnen eine E-Mail mit einer PayPal-Zahlungsanforderung, um Ihre Zahlung abzuschlie\u00dfen.<\/p>\n\t\t<\/div>\n\t<\/div>\n\t\n<\/div>\n\t\t<\/div>\n\t\t\t\t\t<\/div>\n\n\t\n<\/div>\n<div class=\"row\"  id=\"row-895699021\">\n\n\t<div id=\"col-888667270\" class=\"col small-12 large-12\"  >\n\t\t\t\t<div class=\"col-inner\"  >\n\t\t\t\n\t\t\t\n<h3 class=\"accordion_title\">Bestellungen aufgeben<\/h3><div class=\"accordion\">\n\t<div id=\"accordion-2295976222\" class=\"accordion-item\">\n\t\t<a id=\"accordion-2295976222-label\" class=\"accordion-title plain\" href=\"#accordion-item-how-do-i-place-an-order?\" aria-expanded=\"false\" aria-controls=\"accordion-2295976222-content\">\n\t\t\t<button class=\"toggle\" aria-label=\"Umschalten\"><i class=\"icon-angle-down\" aria-hidden=\"true\"><\/i><\/button>\n\t\t\t<span>Wie kann ich eine Bestellung aufgeben?<\/span>\n\t\t<\/a>\n\t\t<div id=\"accordion-2295976222-content\" class=\"accordion-inner\" aria-labelledby=\"accordion-2295976222-label\">\n\t\t\t\n<p>Eine Bestellung aufzugeben ist einfach. W\u00e4hlen Sie das Schmuckst\u00fcck und schreiben Sie die gew\u00fcnschte Inschrift.&nbsp;<br \/>\nW\u00e4hlen Sie die Kettenl\u00e4nge aus dem Dropbox-Men\u00fc und klicken Sie auf die Schaltfl\u00e4che &quot;In den Warenkorb&quot;.&nbsp;<br \/>\nIm Warenkorb k\u00f6nnen Sie eine Geschenkbox und eine Geschenkkartennachricht hinzuf\u00fcgen.&nbsp;<br \/>\nAnschlie\u00dfend w\u00e4hlen Sie im Warenkorb im Feld \u201eVersandart\u201c die gew\u00fcnschte Versandoption aus.&nbsp;<\/p>\n<p>Klicken Sie auf &quot;Weiter zur Kasse&quot; oder auf die Schaltfl\u00e4che &quot;Kasse mit PayPal&quot;, um Ihren Kauf abzuschlie\u00dfen.&nbsp;<br \/>\nSie werden zur ausgew\u00e4hlten sicheren Website f\u00fcr die Zahlungsabwicklung weitergeleitet.&nbsp;<br \/>\nDort haben Sie die M\u00f6glichkeit, mit Ihrer Kreditkarte, PayPal oder einer \u00dcberweisung zu bezahlen.&nbsp;<\/p>\n<p>Bitte z\u00f6gern Sie nicht&nbsp;<a href=\"https:\/\/julity.com\/de\/contact-us\/\">Schreiben Sie uns eine E-Mail<\/a>&nbsp;mit besonderen W\u00fcnschen oder Fragen.<\/p>\n\t\t<\/div>\n\t<\/div>\n\t\n\t<div id=\"accordion-3010788845\" class=\"accordion-item\">\n\t\t<a id=\"accordion-3010788845-label\" class=\"accordion-title plain\" href=\"#accordion-item-i-have-a-special-request-for-my-necklace,-what-should-i-do?\" aria-expanded=\"false\" aria-controls=\"accordion-3010788845-content\">\n\t\t\t<button class=\"toggle\" aria-label=\"Umschalten\"><i class=\"icon-angle-down\" aria-hidden=\"true\"><\/i><\/button>\n\t\t\t<span>Ich habe eine spezielle Anfrage f\u00fcr meine Halskette. Was soll ich tun?<\/span>\n\t\t<\/a>\n\t\t<div id=\"accordion-3010788845-content\" class=\"accordion-inner\" aria-labelledby=\"accordion-3010788845-label\">\n\t\t\t\n<p>Sie k\u00f6nnen Ihre Sonderw\u00fcnsche im Feld &quot;Kommentare&quot; unten in Ihrem Warenkorb hinzuf\u00fcgen.&nbsp;<br \/>\nWir sorgen daf\u00fcr, dass Ihre Bestellung nach Ihren W\u00fcnschen ausgef\u00fchrt wird.&nbsp;<\/p>\n<p>Wenn Sie sich nicht sicher sind, ob Ihre spezielle Anfrage m\u00f6glich ist, bitte&nbsp;<a href=\"https:\/\/julity.com\/de\/contact-us\/\">kontaktiere uns<\/a>.<\/p>\n\t\t<\/div>\n\t<\/div>\n\t\n\t<div id=\"accordion-2032853317\" class=\"accordion-item\">\n\t\t<a id=\"accordion-2032853317-label\" class=\"accordion-title plain\" href=\"#accordion-item-how-do-i-change-an-order-after-it-has-been-placed?\" aria-expanded=\"false\" aria-controls=\"accordion-2032853317-content\">\n\t\t\t<button class=\"toggle\" aria-label=\"Umschalten\"><i class=\"icon-angle-down\" aria-hidden=\"true\"><\/i><\/button>\n\t\t\t<span>Wie \u00e4ndere ich eine Bestellung, nachdem sie aufgegeben wurde?<\/span>\n\t\t<\/a>\n\t\t<div id=\"accordion-2032853317-content\" class=\"accordion-inner\" aria-labelledby=\"accordion-2032853317-label\">\n\t\t\t\n<p>Wir beginnen sofort nach Ihrer Bestellung mit der Arbeit an Ihrem Schmuck.&nbsp;<\/p>\n<p>Wenn Sie eine Bestellung \u00e4ndern m\u00f6chten, bitte&nbsp;<a href=\"https:\/\/julity.com\/de\/contact-us\/\">kontaktiere uns<\/a>&nbsp;so schnell wie m\u00f6glich.&nbsp;<br \/>\n\u00c4nderungen, die mehr als 12 Stunden nach dem Kauf vorgenommen wurden, erfordern m\u00f6glicherweise eine Wiederauff\u00fcllungsgeb\u00fchr von 30%.<\/p>\n\t\t<\/div>\n\t<\/div>\n\t\n\t<div id=\"accordion-3036481779\" class=\"accordion-item\">\n\t\t<a id=\"accordion-3036481779-label\" class=\"accordion-title plain\" href=\"#accordion-item-how-can-i-cancel-an-order?\" aria-expanded=\"false\" aria-controls=\"accordion-3036481779-content\">\n\t\t\t<button class=\"toggle\" aria-label=\"Umschalten\"><i class=\"icon-angle-down\" aria-hidden=\"true\"><\/i><\/button>\n\t\t\t<span>Wie kann ich eine Bestellung stornieren?<\/span>\n\t\t<\/a>\n\t\t<div id=\"accordion-3036481779-content\" class=\"accordion-inner\" aria-labelledby=\"accordion-3036481779-label\">\n\t\t\t\n<p>Sobald Ihre Bestellung eingegangen ist, werden wir sofort mit der Produktion der Artikel beginnen.&nbsp;<\/p>\n<p>Aufgrund der Tatsache, dass jeder Artikel einzigartig und individuell ist, wird Ihnen ein 70% des urspr\u00fcnglichen Artikelpreises erstattet, da er nicht wieder aufgef\u00fcllt werden kann. Wenn Sie Fragen zur Stornierung Ihrer Bestellung haben, z\u00f6gern Sie nicht&nbsp;<a href=\"https:\/\/julity.com\/de\/contact-us\/\">kontaktiere uns<\/a>.<\/p>\n\t\t<\/div>\n\t<\/div>\n\t\n\t<div id=\"accordion-1029410301\" class=\"accordion-item\">\n\t\t<a id=\"accordion-1029410301-label\" class=\"accordion-title plain\" href=\"#accordion-item-why-didn\u2019t-i-get-a-confirmation-\/-shipping-email?\" aria-expanded=\"false\" aria-controls=\"accordion-1029410301-content\">\n\t\t\t<button class=\"toggle\" aria-label=\"Umschalten\"><i class=\"icon-angle-down\" aria-hidden=\"true\"><\/i><\/button>\n\t\t\t<span>Warum habe ich keine Best\u00e4tigungs- \/ Versand-E-Mail erhalten?<\/span>\n\t\t<\/a>\n\t\t<div id=\"accordion-1029410301-content\" class=\"accordion-inner\" aria-labelledby=\"accordion-1029410301-label\">\n\t\t\t\n<p>Nach der Bestellung erhalten Sie eine E-Mail mit allen Bestelldaten. Wir bitten Sie, Ihre Artikel und Lieferadresse zu \u00fcberpr\u00fcfen. Daher ist es wichtig, uns eine g\u00fcltige E-Mail-Adresse mitzuteilen.&nbsp;<br \/>\nWenn Sie keine Best\u00e4tigungs-E-Mail erhalten haben, aktivieren Sie bitte Ihr Spam-Kontrollk\u00e4stchen.&nbsp;<br \/>\nUm sicherzustellen, dass unsere E-Mails nicht in Ihrem Spam-\/Junk-Ordner landen, f\u00fcgen Sie service@julity.com zu Ihrer E-Mail-Adressliste hinzu.&nbsp;<\/p>\n<p>Ihren Bestellstatus finden Sie hier:&nbsp;<a href=\"https:\/\/julity.com\/de\/track-order\/\">Bestell- und Versandstatusinformationen<\/a>.<\/p>\n\t\t<\/div>\n\t<\/div>\n\t\n<\/div>\n\t\t<\/div>\n\t\t\t\t\t<\/div>\n\n\t\n<\/div>\n<div class=\"row\"  id=\"row-2044858931\">\n\n\t<div id=\"col-548970632\" class=\"col small-12 large-12\"  >\n\t\t\t\t<div class=\"col-inner\"  >\n\t\t\t\n\t\t\t\n<h3 class=\"accordion_title\">R\u00fcckgabe und R\u00fcckerstattung<\/h3><div class=\"accordion\">\n\t<div id=\"accordion-3174666720\" class=\"accordion-item\">\n\t\t<a id=\"accordion-3174666720-label\" class=\"accordion-title plain\" href=\"#accordion-item-what-are-your-return-conditions?\" aria-expanded=\"false\" aria-controls=\"accordion-3174666720-content\">\n\t\t\t<button class=\"toggle\" aria-label=\"Umschalten\"><i class=\"icon-angle-down\" aria-hidden=\"true\"><\/i><\/button>\n\t\t\t<span>Was sind Ihre R\u00fcckgabebedingungen?<\/span>\n\t\t<\/a>\n\t\t<div id=\"accordion-3174666720-content\" class=\"accordion-inner\" aria-labelledby=\"accordion-3174666720-label\">\n\t\t\t\n<p>Sie k\u00f6nnen die meisten neuen, unge\u00f6ffneten Artikel, die Sie bei julity.com gekauft und erhalten haben, innerhalb von 30 Tagen nach Lieferung zur\u00fcckgeben.&nbsp;<\/p>\n<p>Hier finden Sie unsere vollst\u00e4ndigen R\u00fcckgabe- und Stornierungsbedingungen&nbsp;<a href=\"https:\/\/julity.com\/de\/return-and-cancellation-policy\/\">Hier<\/a>.<\/p>\n\t\t<\/div>\n\t<\/div>\n\t\n<\/div>\n\t\t<\/div>\n\t\t\t\t\t<\/div>\n\n\t\n<\/div>\n<div class=\"row\"  id=\"row-1175056239\">\n\n\t<div id=\"col-629507005\" class=\"col small-12 large-12\"  >\n\t\t\t\t<div class=\"col-inner\"  >\n\t\t\t\n\t\t\t\n<h3 class=\"accordion_title\">Brauchst du noch immer Hilfe?<\/h3><div class=\"accordion\">\n\t<div id=\"accordion-2043313112\" class=\"accordion-item\">\n\t\t<a id=\"accordion-2043313112-label\" class=\"accordion-title plain\" href=\"#accordion-item-contact-us\" aria-expanded=\"false\" aria-controls=\"accordion-2043313112-content\">\n\t\t\t<button class=\"toggle\" aria-label=\"Umschalten\"><i class=\"icon-angle-down\" aria-hidden=\"true\"><\/i><\/button>\n\t\t\t<span>kontaktiere uns<\/span>\n\t\t<\/a>\n\t\t<div id=\"accordion-2043313112-content\" class=\"accordion-inner\" aria-labelledby=\"accordion-2043313112-label\">\n\t\t\t\n<div id=\"faqs\"><span>Wenn Ihre Frage hier nicht aufgef\u00fchrt ist, wenden Sie sich bitte an&nbsp;<a href=\"https:\/\/julity.com\/de\/contact-us\/\">kontaktiere uns<\/a>.<\/span><\/div>\n\t\t<\/div>\n\t<\/div>\n\t\n<\/div>\n\t\t<\/div>\n\t\t\t\t\t<\/div>\n\n\t\n<\/div>","protected":false},"excerpt":{"rendered":"","protected":false},"author":1,"featured_media":0,"parent":0,"menu_order":0,"comment_status":"closed","ping_status":"closed","template":"","meta":{"footnotes":""},"class_list":["post-1848","page","type-page","status-publish","hentry"],"_links":{"self":[{"href":"https:\/\/julity.com\/de\/wp-json\/wp\/v2\/pages\/1848","targetHints":{"allow":["GET"]}}],"collection":[{"href":"https:\/\/julity.com\/de\/wp-json\/wp\/v2\/pages"}],"about":[{"href":"https:\/\/julity.com\/de\/wp-json\/wp\/v2\/types\/page"}],"author":[{"embeddable":true,"href":"https:\/\/julity.com\/de\/wp-json\/wp\/v2\/users\/1"}],"replies":[{"embeddable":true,"href":"https:\/\/julity.com\/de\/wp-json\/wp\/v2\/comments?post=1848"}],"version-history":[{"count":0,"href":"https:\/\/julity.com\/de\/wp-json\/wp\/v2\/pages\/1848\/revisions"}],"wp:attachment":[{"href":"https:\/\/julity.com\/de\/wp-json\/wp\/v2\/media?parent=1848"}],"curies":[{"name":"wp","href":"https:\/\/api.w.org\/{rel}","templated":true}]}}