{"id":1855,"date":"2020-05-17T05:55:26","date_gmt":"2020-05-17T09:55:26","guid":{"rendered":"https:\/\/www.leryca.com\/?page_id=1855"},"modified":"2025-06-30T01:10:19","modified_gmt":"2025-06-30T08:10:19","slug":"terms-and-conditions","status":"publish","type":"page","link":"https:\/\/julity.com\/de\/terms-and-conditions\/","title":{"rendered":"Gesch\u00e4ftsbedingungen"},"content":{"rendered":"<figure class=\"wp-block-table is-style-stripes\"><table><tbody><tr><td>GESCH\u00c4FTSBEDINGUNGEN<\/td><\/tr><tr><td>Durch den Kauf von&nbsp;<a href=\"https:\/\/julity.com\/de\/\">Irgendwie<\/a>Sie stimmen den folgenden Gesch\u00e4ftsbedingungen zu. Bitte lesen Sie sie sorgf\u00e4ltig durch.<br><br><strong>DATENSCHUTZ-BESTIMMUNGEN<\/strong><br><br>Die Achtung Ihrer Privatsph\u00e4re ist f\u00fcr uns von gr\u00f6\u00dfter Bedeutung&nbsp;<a href=\"https:\/\/julity.com\/de\/\">Irgendwie<\/a>.<br>Alle Informationen, die Sie auf unserer Website einreichen oder die w\u00e4hrend Ihres Besuchs durch ein \u201eCookie\u201c gesammelt werden, werden ausschlie\u00dflich von verwendet&nbsp;<a href=\"https:\/\/julity.com\/de\/\">Irgendwie<\/a>&nbsp;um Ihre Eink\u00e4ufe aufzuzeichnen und aus Werbegr\u00fcnden.<br>Wir verkaufen, \u00fcbertragen, vermieten oder handeln Ihre Daten nicht an Dritte.<br>Wenn Sie sich auf unserer Website registrieren, werden Sie aufgefordert, einige pers\u00f6nliche Informationen wie Name und Kontaktinformationen anzugeben.<br><a href=\"https:\/\/julity.com\/de\/\">Irgendwie<\/a>&nbsp;sch\u00fctzt Ihre pers\u00f6nlichen Daten. Unter keinen Umst\u00e4nden werden wir Ihre Daten an nicht autorisierte Dritte weitergeben.<br>Dar\u00fcber hinaus verwenden wir ein \u201eCookie\u201c, um Ihre Bewegungen auf der Website zu verfolgen. Der Cookie \u201emerkt\u201c sich, wer Sie sind, sodass Sie sich bei jedem Besuch unserer Website nicht mehr erneut bei uns registrieren m\u00fcssen.<br><br><strong>COOKIE-POLITIK<\/strong><br><br><a href=\"https:\/\/julity.com\/de\/\">Irgendwie<\/a>&nbsp;Platziert kleine Datenpakete, sogenannte Cookies, auf den Computern und Mobilger\u00e4ten der Kunden.<br>Dies ist eine Standardpraxis, an die sich alle Online-Unternehmen halten. Cookies sind ein wesentlicher Bestandteil der Unterst\u00fctzung&nbsp;<a href=\"https:\/\/julity.com\/de\/\">Irgendwie<\/a>&nbsp;Wir bieten allen Kunden ein qualitativ hochwertiges Online-Einkaufserlebnis.<br>Wenn Cookies aktiviert sind,&nbsp;<a href=\"https:\/\/julity.com\/de\/\">Irgendwie<\/a>&nbsp;kann das Kauf- und Surfverhalten aller Kunden bestimmen. Durch Surfen&nbsp;<a href=\"https:\/\/julity.com\/de\/\">Irgendwie<\/a>Kunden stimmen der Platzierung von Cookies auf ihrem Computer zu.<br>Kunden k\u00f6nnen Cookies deaktivieren, wenn sie dies pers\u00f6nlich \u00fcber ihren Browser w\u00fcnschen.<br>For more information about cookies, read our full&nbsp;Cookie Policy.<br><br><strong>VERSAND, ZOLL, PFLICHTEN UND STEUERN<\/strong><br><br>Alle Artikel gekauft von&nbsp;<a href=\"https:\/\/julity.com\/de\/\">Irgendwie<\/a>&nbsp;werden gem\u00e4\u00df einem Versandvertrag hergestellt.<br>Dies bedeutet, dass das Risiko des Verlusts und des Eigentums f\u00fcr solche Artikel mit unserer Lieferung an den Spediteur auf den K\u00e4ufer \u00fcbergeht.<br>Die Verwendung der&nbsp;<a href=\"https:\/\/julity.com\/de\/\">Irgendwie<\/a>&nbsp;Die Website richtet sich nur an Personen und Organisationen, die in der Lage sind, rechtsverbindliche Vereinbarungen zu treffen und Gegenst\u00e4nde f\u00fcr den pers\u00f6nlichen Gebrauch selbst oder als Geschenk zu kaufen.<br><a href=\"https:\/\/julity.com\/de\/\">Irgendwie<\/a>&nbsp;bietet weltweiten Versand an. Der auf der Lieferadresse angegebene Empf\u00e4nger ist der Importeur des gekauften Produkts und muss alle Gesetze und Vorschriften des Ziellandes einhalten.<br>Gekaufte Waren k\u00f6nnen Einfuhrsteuern, Z\u00f6llen und Geb\u00fchren unterliegen, die vom Zielland oder -staat erhoben werden.<br>Der auf der Lieferadresse angegebene Empf\u00e4nger kann solchen Einfuhrsteuern, Z\u00f6llen und Geb\u00fchren unterliegen, die erhoben werden, sobald eine Sendung das Land des Empf\u00e4ngers erreicht.<br>Zus\u00e4tzliche Geb\u00fchren f\u00fcr die Zollabfertigung sind vom Empf\u00e4nger zu tragen, der auf der Lieferadresse angegeben ist.&nbsp;<a href=\"https:\/\/julity.com\/de\/\">Irgendwie<\/a>&nbsp;hat keine Kontrolle \u00fcber diese Geb\u00fchren und kann nicht vorhersagen, was sie sein k\u00f6nnten.<br>Es liegt in der Verantwortung des Empf\u00e4ngers, sich f\u00fcr weitere Informationen an seine \u00f6rtliche Zollstelle zu wenden. Wenn Zollabfertigungsverfahren erforderlich sind, kann dies zu Verz\u00f6gerungen f\u00fchren&nbsp;<a href=\"https:\/\/julity.com\/de\/\">Irgendwie<\/a>&nbsp;Originallieferungssch\u00e4tzungen.<br><br><strong>HAFTUNGSAUSSCHLUSS UND HAFTUNGSBESCHR\u00c4NKUNG<\/strong><br><br><a href=\"https:\/\/julity.com\/de\/\">Irgendwie<\/a>&nbsp;bem\u00fcht sich, so genau wie m\u00f6glich zu sein und beabsichtigt, dass die Farben, das Design und der Stil der Produkte, die auf dieser Website erscheinen, denen des tats\u00e4chlichen Produkts entsprechen.<br>Jedoch,<a href=\"https:\/\/julity.com\/de\/\">Irgendwie<\/a>&nbsp;garantiert nicht, dass Produktbeschreibungen, Bilder oder sonstige Inhalte von&nbsp;<a href=\"https:\/\/julity.com\/de\/\">Irgendwie<\/a>&nbsp;ist genau, vollst\u00e4ndig, zuverl\u00e4ssig, aktuell oder fehlerfrei. Abweichungen, die aus technischen, typografischen, digitalen oder fotografischen Gr\u00fcnden verursacht werden, k\u00f6nnen auftreten.<br>Tats\u00e4chliche Farben und das &quot;Look and Feel&quot;, das Sie auf dem sehen&nbsp;<a href=\"https:\/\/julity.com\/de\/\">Irgendwie<\/a>&nbsp;Die Website h\u00e4ngt von Ihrem Computermonitor und anderen technischen Faktoren ab.<br>Wenn ein Produkt von angeboten wird&nbsp;<a href=\"https:\/\/julity.com\/de\/\">Irgendwie<\/a>&nbsp;selbst ist nicht wie beschrieben, Ihr einziges Mittel ist es, es in unbenutztem Zustand zur\u00fcckzugeben&nbsp;<a href=\"https:\/\/julity.com\/de\/\">Irgendwie<\/a>&nbsp;Produkte werden 30 Tage ab Rechnungsdatum gegen M\u00e4ngel garantiert. Sofern hierin nicht ausdr\u00fccklich angegeben,&nbsp;<a href=\"https:\/\/julity.com\/de\/\">Irgendwie<\/a>&nbsp;lehnt jegliche ausdr\u00fcckliche oder stillschweigende Gew\u00e4hrleistung jeglicher Art in Bezug auf Produkte ab, die auf der Website verkauft werden&nbsp;<a href=\"https:\/\/julity.com\/de\/\">Irgendwie<\/a>&nbsp;Seite? \u02c5.<br>Sie stimmen zu, dass die alleinige und ausschlie\u00dfliche maximale Haftung gegen\u00fcber&nbsp;<a href=\"https:\/\/julity.com\/de\/\">Irgendwie<\/a>&nbsp;aus einem Produkt auf der&nbsp;<a href=\"https:\/\/julity.com\/de\/\">Irgendwie<\/a>&nbsp;Website ist der Preis des bestellten Produkts.<br>In keinem Fall darf&nbsp;<a href=\"https:\/\/julity.com\/de\/\">Irgendwie<\/a>Die Direktoren, leitenden Angestellten, Mitarbeiter oder Vertreter haften f\u00fcr besondere, indirekte, Folgesch\u00e4den oder Strafsch\u00e4den im Zusammenhang mit verkauften Produkten.<br><br><strong>MARKETING-NUTZUNG IHRER PERS\u00d6NLICHEN INFORMATIONEN<\/strong><br><br>Wenn Sie sich f\u00fcr Newsletter anmelden, stimmen Sie zu, Sonderangebote und Werbeaktionen von zu erhalten&nbsp;<a href=\"https:\/\/julity.com\/de\/\">Irgendwie<\/a>. Sie k\u00f6nnen E-Mails jederzeit abbestellen, indem Sie auf den in der E-Mail enthaltenen Link zum Abbestellen klicken. Wir vermieten, verkaufen oder teilen pers\u00f6nliche Informationen \u00fcber Sie nicht ohne Ihre Erlaubnis mit anderen Personen oder nicht verbundenen Unternehmen zu Marketingzwecken.<br><br><strong>KONTAKTIEREN<\/strong><br><br>If customers have any comments, questions, or concerns regarding the Policy or any other issues regarding privacy and security, please do not hesitate to&nbsp;contact&nbsp;&nbsp;<a href=\"https:\/\/julity.com\/de\/\">Irgendwie<\/a>&nbsp;customer service representatives&nbsp;(service@julity.com).<\/td><\/tr><\/tbody><\/table><\/figure>","protected":false},"excerpt":{"rendered":"<p>TERMS AND CONDITIONS By purchasing from&nbsp;julity, you agree to the following terms and conditions. Please read them carefully. PRIVACY POLICY Respecting your privacy is of utmost importance to us at&nbsp;julity.Any information you submit to our website, or that is gathered by a \u201ccookie\u201d during your visit, is used strictly by&nbsp;julity&nbsp;to maintain a record of your [&#8230;]","protected":false},"author":1,"featured_media":0,"parent":0,"menu_order":0,"comment_status":"closed","ping_status":"closed","template":"","meta":{"footnotes":""},"class_list":["post-1855","page","type-page","status-publish","hentry"],"_links":{"self":[{"href":"https:\/\/julity.com\/de\/wp-json\/wp\/v2\/pages\/1855","targetHints":{"allow":["GET"]}}],"collection":[{"href":"https:\/\/julity.com\/de\/wp-json\/wp\/v2\/pages"}],"about":[{"href":"https:\/\/julity.com\/de\/wp-json\/wp\/v2\/types\/page"}],"author":[{"embeddable":true,"href":"https:\/\/julity.com\/de\/wp-json\/wp\/v2\/users\/1"}],"replies":[{"embeddable":true,"href":"https:\/\/julity.com\/de\/wp-json\/wp\/v2\/comments?post=1855"}],"version-history":[{"count":1,"href":"https:\/\/julity.com\/de\/wp-json\/wp\/v2\/pages\/1855\/revisions"}],"predecessor-version":[{"id":410178,"href":"https:\/\/julity.com\/de\/wp-json\/wp\/v2\/pages\/1855\/revisions\/410178"}],"wp:attachment":[{"href":"https:\/\/julity.com\/de\/wp-json\/wp\/v2\/media?parent=1855"}],"curies":[{"name":"wp","href":"https:\/\/api.w.org\/{rel}","templated":true}]}}