{"id":1056,"date":"2018-11-14T01:59:00","date_gmt":"2018-11-14T06:59:00","guid":{"rendered":"https:\/\/www.leryca.com\/product\/unisex-couple-custom-photo-watch\/"},"modified":"2022-12-06T02:15:48","modified_gmt":"2022-12-06T06:15:48","slug":"unisex-couple-custom-photo-watch","status":"publish","type":"product","link":"https:\/\/julity.com\/de\/product\/unisex-couple-custom-photo-watch\/","title":{"rendered":"Unisex Paar benutzerdefinierte Foto Uhr"},"content":{"rendered":"<p>Uhrengeh\u00e4use: Speziallegierung und Glas, Au\u00dfendurchmesser 4,0 cm<br \/>\nUhrenarmband: Speziallegierung, 20 cm lang, 1,8 cm breit.<br \/>\n\u00dcberraschen Sie Ihre Liebsten mit einer individuellen Fotouhr, die ausschlie\u00dflich auf jede Pers\u00f6nlichkeit zugeschnitten ist. Das Bild des Designs wird direkt auf die Innenseite der Uhrenoberfl\u00e4che gedruckt. Sobald Sie eine Bestellung aufgegeben haben, k\u00f6nnen Sie eine Vorschau der Anzeige auf der Uhr anzeigen. Bitte denken Sie daran, dass hochaufl\u00f6sende Bilder besser als die Vorschau angezeigt werden. Diese benutzerdefinierte Fotouhr kann nicht erstattet werden, sobald wir mit dem Herstellungsprozess beginnen. Eine benutzerdefinierte Fotouhr ist immer ein tolles Geschenk und wird nie aus der Mode kommen. Kaufen Sie noch heute Ihre!<\/p>\n<div class=\"simple-video-replace\" style=\"display: none;\" data-slide=\"4\"><video preload=\"auto\" controls=\"controls\" width=\"500\" height=\"500\"><source src=\"https:\/\/videos.files.wordpress.com\/dj07TaOE\/6532564937032597504_n-1-2_hd.mp4\" source=\"\" \/><\/video><\/div>","protected":false},"excerpt":{"rendered":"<p>Watch Case: Special Alloy and Glass, Outside Diameter 1.57 in\/4.0 cm Watch Band: Special Alloy, 7.8 in\/20 cm in Length, 0.7 in\/1.8 cm in Width. Surprise your loved one with a custom photo watch which is purely custom made to fit any personality. The image of design is directly printed onto the inside of watch [&#8230;]","protected":false},"featured_media":1057,"comment_status":"open","ping_status":"closed","template":"","meta":[],"product_brand":[],"product_cat":[102,112],"product_tag":[],"class_list":{"0":"post-1056","1":"product","2":"type-product","3":"status-publish","4":"has-post-thumbnail","6":"product_cat-gifts-for-him","7":"product_cat-photo-watches","8":"tm-has-options","10":"first","11":"instock","12":"sale","13":"shipping-taxable","14":"purchasable","15":"product-type-simple"},"_links":{"self":[{"href":"https:\/\/julity.com\/de\/wp-json\/wp\/v2\/product\/1056","targetHints":{"allow":["GET"]}}],"collection":[{"href":"https:\/\/julity.com\/de\/wp-json\/wp\/v2\/product"}],"about":[{"href":"https:\/\/julity.com\/de\/wp-json\/wp\/v2\/types\/product"}],"replies":[{"embeddable":true,"href":"https:\/\/julity.com\/de\/wp-json\/wp\/v2\/comments?post=1056"}],"wp:featuredmedia":[{"embeddable":true,"href":"https:\/\/julity.com\/de\/wp-json\/wp\/v2\/media\/1057"}],"wp:attachment":[{"href":"https:\/\/julity.com\/de\/wp-json\/wp\/v2\/media?parent=1056"}],"wp:term":[{"taxonomy":"product_brand","embeddable":true,"href":"https:\/\/julity.com\/de\/wp-json\/wp\/v2\/product_brand?post=1056"},{"taxonomy":"product_cat","embeddable":true,"href":"https:\/\/julity.com\/de\/wp-json\/wp\/v2\/product_cat?post=1056"},{"taxonomy":"product_tag","embeddable":true,"href":"https:\/\/julity.com\/de\/wp-json\/wp\/v2\/product_tag?post=1056"}],"curies":[{"name":"wp","href":"https:\/\/api.w.org\/{rel}","templated":true}]}}