{"id":1142,"date":"2018-11-16T00:42:00","date_gmt":"2018-11-16T05:42:00","guid":{"rendered":"https:\/\/www.leryca.com\/product\/three-disc-necklace-with-gold-plating\/"},"modified":"2020-05-19T04:32:25","modified_gmt":"2020-05-19T08:32:25","slug":"three-disc-necklace-with-gold-plating","status":"publish","type":"product","link":"https:\/\/julity.com\/de\/product\/three-disc-necklace-with-gold-plating\/","title":{"rendered":"Drei-Scheiben-Halskette mit Vergoldung"},"content":{"rendered":"<p>Wenn Sie Schmuck f\u00fcr M\u00fctter kaufen, ist unsere Halskette mit drei Scheiben das perfekte Geschenk. Gravieren Sie drei oder mehr Namen in die Ringe dieses ros\u00e9vergoldeten St\u00fccks, um es zu etwas ganz Besonderem zu machen. Die Ringe h\u00e4ngen elegant an einer ros\u00e9vergoldeten Rollo-Kette.<\/p>\n<div class=\"simple-video-replace\" style=\"display: none;\" data-slide=\"4\"><video preload=\"auto\" controls=\"controls\" width=\"500\" height=\"500\"><source src=\"https:\/\/videos.files.wordpress.com\/vjjpHSXo\/Three-Disc-Necklace-20190103_hd.mp4\" source=\"\" \/><\/video><\/div>","protected":false},"excerpt":{"rendered":"<p>Wenn Sie Schmuck f\u00fcr M\u00fctter kaufen, ist unsere Halskette mit drei Scheiben das perfekte Geschenk. Gravieren Sie drei oder mehr Namen in die Ringe dieses ros\u00e9vergoldeten St\u00fccks, um es zu etwas ganz Besonderem zu machen. Die Ringe h\u00e4ngen elegant an einer ros\u00e9vergoldeten Rollo-Kette.<\/p>","protected":false},"featured_media":1143,"comment_status":"open","ping_status":"closed","template":"","meta":[],"product_brand":[],"product_cat":[96,95,86,78],"product_tag":[],"class_list":{"0":"post-1142","1":"product","2":"type-product","3":"status-publish","4":"has-post-thumbnail","6":"product_cat-discs-circles","7":"product_cat-gifts-for-grandmother","8":"product_cat-gifts-for-mom","9":"product_cat-moms-necklaces","10":"tm-has-options","12":"first","13":"instock","14":"sale","15":"shipping-taxable","16":"purchasable","17":"product-type-simple"},"_links":{"self":[{"href":"https:\/\/julity.com\/de\/wp-json\/wp\/v2\/product\/1142","targetHints":{"allow":["GET"]}}],"collection":[{"href":"https:\/\/julity.com\/de\/wp-json\/wp\/v2\/product"}],"about":[{"href":"https:\/\/julity.com\/de\/wp-json\/wp\/v2\/types\/product"}],"replies":[{"embeddable":true,"href":"https:\/\/julity.com\/de\/wp-json\/wp\/v2\/comments?post=1142"}],"wp:featuredmedia":[{"embeddable":true,"href":"https:\/\/julity.com\/de\/wp-json\/wp\/v2\/media\/1143"}],"wp:attachment":[{"href":"https:\/\/julity.com\/de\/wp-json\/wp\/v2\/media?parent=1142"}],"wp:term":[{"taxonomy":"product_brand","embeddable":true,"href":"https:\/\/julity.com\/de\/wp-json\/wp\/v2\/product_brand?post=1142"},{"taxonomy":"product_cat","embeddable":true,"href":"https:\/\/julity.com\/de\/wp-json\/wp\/v2\/product_cat?post=1142"},{"taxonomy":"product_tag","embeddable":true,"href":"https:\/\/julity.com\/de\/wp-json\/wp\/v2\/product_tag?post=1142"}],"curies":[{"name":"wp","href":"https:\/\/api.w.org\/{rel}","templated":true}]}}