{"id":1176,"date":"2018-11-29T08:06:00","date_gmt":"2018-11-29T13:06:00","guid":{"rendered":"https:\/\/www.leryca.com\/product\/family-tree-sterling-silver-personalized-necklace\/"},"modified":"2020-05-19T04:30:58","modified_gmt":"2020-05-19T08:30:58","slug":"family-tree-sterling-silver-personalized-necklace","status":"publish","type":"product","link":"https:\/\/julity.com\/de\/product\/family-tree-sterling-silver-personalized-necklace\/","title":{"rendered":"Stammbaum Sterling Silber personalisierte Halskette"},"content":{"rendered":"<p>Lieben Sie das Aussehen von Stammbaumketten? Mit diesem k\u00f6nnen Sie Ihre Verbindung zu denjenigen, die Sie am meisten lieben, geschmackvoll darstellen. Unsere\u00a0<b>Stammbaum Halskette mit Geburtssteinen<\/b>\u00a0macht ein sch\u00f6nes und bedeutungsvolles Geschenk f\u00fcr alle Gelegenheiten, besonders wenn Sie es Mutter oder Oma geben.<\/p>\n<p>W\u00e4hlen Sie bis zu sechs Namen und entsprechende Geburtssteine, um diesen raffinierten Anh\u00e4nger zu erg\u00e4nzen, der anmutig an einem aufgeh\u00e4ngt ist\u00a0<b>Rollokette<\/b>\u00a0f\u00fcr einen perfekt abgestimmten Look. Diese Stammbaumkette ist auch in Silber erh\u00e4ltlich. Was auch immer Sie bevorzugen, Sie werden es zu sch\u00e4tzen wissen, wie es Sie an Ihre Lieben erinnert und all Ihren Lieblingsoutfits einen Hauch von Glanz verleiht.<\/p>","protected":false},"excerpt":{"rendered":"<p>Love the look of\u00a0family tree necklaces? This one lets you tastefully display your connection to the ones you love most. Our\u00a0Family Tree Necklace with Birthstones\u00a0makes a beautiful and meaningful all-occasion gift, especially when you give it to mom or grandma. Choose up to six names and corresponding birthstones to add to this sophisticated pendant, which [&#8230;]","protected":false},"featured_media":1177,"comment_status":"open","ping_status":"closed","template":"","meta":[],"product_brand":[],"product_cat":[95,78,81],"product_tag":[],"class_list":{"0":"post-1176","1":"product","2":"type-product","3":"status-publish","4":"has-post-thumbnail","6":"product_cat-gifts-for-grandmother","7":"product_cat-moms-necklaces","8":"product_cat-sterling-silver","9":"tm-has-options","11":"first","12":"instock","13":"sale","14":"shipping-taxable","15":"purchasable","16":"product-type-simple"},"_links":{"self":[{"href":"https:\/\/julity.com\/de\/wp-json\/wp\/v2\/product\/1176","targetHints":{"allow":["GET"]}}],"collection":[{"href":"https:\/\/julity.com\/de\/wp-json\/wp\/v2\/product"}],"about":[{"href":"https:\/\/julity.com\/de\/wp-json\/wp\/v2\/types\/product"}],"replies":[{"embeddable":true,"href":"https:\/\/julity.com\/de\/wp-json\/wp\/v2\/comments?post=1176"}],"wp:featuredmedia":[{"embeddable":true,"href":"https:\/\/julity.com\/de\/wp-json\/wp\/v2\/media\/1177"}],"wp:attachment":[{"href":"https:\/\/julity.com\/de\/wp-json\/wp\/v2\/media?parent=1176"}],"wp:term":[{"taxonomy":"product_brand","embeddable":true,"href":"https:\/\/julity.com\/de\/wp-json\/wp\/v2\/product_brand?post=1176"},{"taxonomy":"product_cat","embeddable":true,"href":"https:\/\/julity.com\/de\/wp-json\/wp\/v2\/product_cat?post=1176"},{"taxonomy":"product_tag","embeddable":true,"href":"https:\/\/julity.com\/de\/wp-json\/wp\/v2\/product_tag?post=1176"}],"curies":[{"name":"wp","href":"https:\/\/api.w.org\/{rel}","templated":true}]}}