{"id":1239,"date":"2019-01-12T00:24:00","date_gmt":"2019-01-12T05:24:00","guid":{"rendered":"https:\/\/www.leryca.com\/product\/circles-necklace-with-engraving-and-birthstones-in-sterling-silver\/"},"modified":"2020-05-19T04:28:44","modified_gmt":"2020-05-19T08:28:44","slug":"circles-necklace-with-engraving-and-birthstones-in-sterling-silver","status":"publish","type":"product","link":"https:\/\/julity.com\/de\/product\/circles-necklace-with-engraving-and-birthstones-in-sterling-silver\/","title":{"rendered":"Kreise Halskette mit Gravur und Geburtssteinen in Sterling Silber"},"content":{"rendered":"<p>Kreise sind seit langem ein Symbol f\u00fcr Kontinuit\u00e4t, was sie zum perfekten Element f\u00fcr die Halskette jeder Mutter macht. Die Forever Circles Birthstone Halskette f\u00fcr Mama besteht aus drei oder vier Sterling Silber Kreisen, die jeweils mit einer einzigartigen Gravur und einem Geburtsstein versehen sind. An einer eleganten Schachtelkette k\u00f6nnen Sie Ihre Halskette mit den Namen Ihrer Kinder oder Ihrer Lieben personalisieren, um sie zu Ihrem eigenen einzigartigen Schmuckst\u00fcck zu machen. Schicht mit einem anderen makellosen Design aus unserer Engraved Circle Necklace Collection. Diese Halskette ist auch in 18 Karat vergoldet erh\u00e4ltlich.<\/p>","protected":false},"excerpt":{"rendered":"<p>Circles have long been a symbol of continuity which makes them the perfect element for any mother&#8217;s necklace. The Forever Circles Birthstone Necklace for mom is designed with either three or four Sterling Silver circles, each customized with a unique engraving and birthstone. Set on an elegant box chain, you can personalize your necklace with [&#8230;]","protected":false},"featured_media":1240,"comment_status":"open","ping_status":"closed","template":"","meta":[],"product_brand":[],"product_cat":[96,95,86,78,81],"product_tag":[],"class_list":{"0":"post-1239","1":"product","2":"type-product","3":"status-publish","4":"has-post-thumbnail","6":"product_cat-discs-circles","7":"product_cat-gifts-for-grandmother","8":"product_cat-gifts-for-mom","9":"product_cat-moms-necklaces","10":"product_cat-sterling-silver","11":"tm-has-options","13":"first","14":"instock","15":"sale","16":"shipping-taxable","17":"purchasable","18":"product-type-simple"},"_links":{"self":[{"href":"https:\/\/julity.com\/de\/wp-json\/wp\/v2\/product\/1239","targetHints":{"allow":["GET"]}}],"collection":[{"href":"https:\/\/julity.com\/de\/wp-json\/wp\/v2\/product"}],"about":[{"href":"https:\/\/julity.com\/de\/wp-json\/wp\/v2\/types\/product"}],"replies":[{"embeddable":true,"href":"https:\/\/julity.com\/de\/wp-json\/wp\/v2\/comments?post=1239"}],"wp:featuredmedia":[{"embeddable":true,"href":"https:\/\/julity.com\/de\/wp-json\/wp\/v2\/media\/1240"}],"wp:attachment":[{"href":"https:\/\/julity.com\/de\/wp-json\/wp\/v2\/media?parent=1239"}],"wp:term":[{"taxonomy":"product_brand","embeddable":true,"href":"https:\/\/julity.com\/de\/wp-json\/wp\/v2\/product_brand?post=1239"},{"taxonomy":"product_cat","embeddable":true,"href":"https:\/\/julity.com\/de\/wp-json\/wp\/v2\/product_cat?post=1239"},{"taxonomy":"product_tag","embeddable":true,"href":"https:\/\/julity.com\/de\/wp-json\/wp\/v2\/product_tag?post=1239"}],"curies":[{"name":"wp","href":"https:\/\/api.w.org\/{rel}","templated":true}]}}