{"id":1247,"date":"2019-01-12T00:40:00","date_gmt":"2019-01-12T05:40:00","guid":{"rendered":"https:\/\/www.leryca.com\/product\/key-to-my-heart-name-pendant-set-for-couple-sterling-silver-925\/"},"modified":"2020-05-19T04:28:17","modified_gmt":"2020-05-19T08:28:17","slug":"key-to-my-heart-name-pendant-set-for-couple-sterling-silver-925","status":"publish","type":"product","link":"https:\/\/julity.com\/de\/product\/key-to-my-heart-name-pendant-set-for-couple-sterling-silver-925\/","title":{"rendered":"Schl\u00fcssel zu meinem Herzen Name Anh\u00e4nger Set f\u00fcr Paar Sterling Silber 925"},"content":{"rendered":"<p><b>Geschenk f\u00fcr Sie &amp; Ihn<\/b>\u00a0- Schl\u00fcssel zu meinem Herzen Name Anh\u00e4nger Set f\u00fcr Paare - Wer hat den Schl\u00fcssel zu Ihrem Herzen? Zeigen Sie der Welt, wie sehr Sie sich mit dieser einzigartigen Paar-Halskette lieben! Unsere Halskette kann mit seinen und ihren Namen und Geburtssteinen personalisiert werden. W\u00e4hlen Sie 2 Namen mit jeweils bis zu 12 Buchstaben und die entsprechenden Geburtssteine. Die Halskette wird in einer eigenen Geschenkbox geliefert, die als entz\u00fcckendes Geschenk pr\u00e4sentiert werden kann. Verpassen Sie diesen einzigartigen personalisierten Schmuck nicht, nachdem Sie den Schl\u00fcssel- und Herzstil und das Gef\u00fchl entdeckt haben, das sie oder ihn zum L\u00e4cheln bringt.<\/p>","protected":false},"excerpt":{"rendered":"<p>Gift For Him &amp; Her\u00a0&#8211; Key to My Heart Name Pendant Set For Couple &#8211; Who has the key to your heart? Show the world how much you love each other with this unique\u00a0couple necklace! Our\u00a0necklace can be personalized\u00a0with his &amp; hers names and birthstones. Choose 2 names, up to 12 letters each, and corresponding [&#8230;]","protected":false},"featured_media":1248,"comment_status":"open","ping_status":"closed","template":"","meta":[],"product_brand":[],"product_cat":[90,102,85,94,81],"product_tag":[],"class_list":{"0":"post-1247","1":"product","2":"type-product","3":"status-publish","4":"has-post-thumbnail","6":"product_cat-gifts-for-couples","7":"product_cat-gifts-for-him","8":"product_cat-gifts-for-your-love","9":"product_cat-heart-necklace","10":"product_cat-sterling-silver","11":"tm-has-options","13":"first","14":"instock","15":"sale","16":"shipping-taxable","17":"purchasable","18":"product-type-simple"},"_links":{"self":[{"href":"https:\/\/julity.com\/de\/wp-json\/wp\/v2\/product\/1247","targetHints":{"allow":["GET"]}}],"collection":[{"href":"https:\/\/julity.com\/de\/wp-json\/wp\/v2\/product"}],"about":[{"href":"https:\/\/julity.com\/de\/wp-json\/wp\/v2\/types\/product"}],"replies":[{"embeddable":true,"href":"https:\/\/julity.com\/de\/wp-json\/wp\/v2\/comments?post=1247"}],"wp:featuredmedia":[{"embeddable":true,"href":"https:\/\/julity.com\/de\/wp-json\/wp\/v2\/media\/1248"}],"wp:attachment":[{"href":"https:\/\/julity.com\/de\/wp-json\/wp\/v2\/media?parent=1247"}],"wp:term":[{"taxonomy":"product_brand","embeddable":true,"href":"https:\/\/julity.com\/de\/wp-json\/wp\/v2\/product_brand?post=1247"},{"taxonomy":"product_cat","embeddable":true,"href":"https:\/\/julity.com\/de\/wp-json\/wp\/v2\/product_cat?post=1247"},{"taxonomy":"product_tag","embeddable":true,"href":"https:\/\/julity.com\/de\/wp-json\/wp\/v2\/product_tag?post=1247"}],"curies":[{"name":"wp","href":"https:\/\/api.w.org\/{rel}","templated":true}]}}