{"id":1266,"date":"2019-01-12T02:50:00","date_gmt":"2019-01-12T07:50:00","guid":{"rendered":"https:\/\/www.leryca.com\/product\/engraved-heart-mom-daughter-photo-necklace-sterling-silver\/"},"modified":"2021-01-23T08:58:11","modified_gmt":"2021-01-23T07:58:11","slug":"engraved-heart-mom-daughter-photo-necklace-sterling-silver","status":"publish","type":"product","link":"https:\/\/julity.com\/de\/product\/engraved-heart-mom-daughter-photo-necklace-sterling-silver\/","title":{"rendered":"Graviertes Herz Mutter &amp; Tochter Foto Halskette Sterling Silber"},"content":{"rendered":"<div class=\"item-attr\">\n<div class=\"item-attr-title\">\n<h3>Artikelspezifikationen:<\/h3>\n<\/div>\n<div>\n<table class=\"table table-striped\">\n<tbody>\n<tr>\n<td>Stil<\/td>\n<td>Halsketten f\u00fcr M\u00fctter<\/td>\n<\/tr>\n<tr>\n<td>Anh\u00e4ngergr\u00f6\u00dfe<\/td>\n<td>2.7*2.7CM(1.08*1.08INCH),Biggest Thickness:2.7MM(0.108INCH)<\/td>\n<\/tr>\n<tr>\n<td>Haken<\/td>\n<td>Einzelhaken<\/td>\n<\/tr>\n<tr>\n<td>Kettentyp<\/td>\n<td>Rolo Kette<\/td>\n<\/tr>\n<tr>\n<td>Material<\/td>\n<td>Sterling Silber 925<\/td>\n<\/tr>\n<\/tbody>\n<\/table>\n<\/div>\n<\/div>\n<div class=\"product-desc clearfix\">\n<p>Our Sterling Silver Heart Color\u00a0Photo Necklace\u00a0is the perfect way to proudly share your favorite color photo.In addition engrave your color photo on the back with a custom message. It is best memorial gift for families keep the nice moment forever in our heart.<\/p>\n<\/div>","protected":false},"excerpt":{"rendered":"<p>Item specifics: Style Mothers Necklaces Pendant Size 2.7*2.7CM(1.08*1.08INCH),Biggest Thickness:2.7MM(0.108INCH) Hook Single Hook Chain type Rolo Chain Material Sterling Silver 925 Our Sterling Silver Heart Color\u00a0Photo Necklace\u00a0is the perfect way to proudly share your favorite color photo.In addition engrave your color photo on the back with a custom message. It is best memorial gift for families [&#8230;]","protected":false},"featured_media":1267,"comment_status":"open","ping_status":"closed","template":"","meta":[],"product_brand":[],"product_cat":[86,88,85,78,84,111,81],"product_tag":[],"class_list":{"0":"post-1266","1":"product","2":"type-product","3":"status-publish","4":"has-post-thumbnail","6":"product_cat-gifts-for-mom","7":"product_cat-gifts-for-new-mom","8":"product_cat-gifts-for-your-love","9":"product_cat-moms-necklaces","10":"product_cat-new-arrivals","11":"product_cat-photo-necklaces","12":"product_cat-sterling-silver","13":"tm-has-options","15":"first","16":"instock","17":"sale","18":"shipping-taxable","19":"purchasable","20":"product-type-simple"},"_links":{"self":[{"href":"https:\/\/julity.com\/de\/wp-json\/wp\/v2\/product\/1266","targetHints":{"allow":["GET"]}}],"collection":[{"href":"https:\/\/julity.com\/de\/wp-json\/wp\/v2\/product"}],"about":[{"href":"https:\/\/julity.com\/de\/wp-json\/wp\/v2\/types\/product"}],"replies":[{"embeddable":true,"href":"https:\/\/julity.com\/de\/wp-json\/wp\/v2\/comments?post=1266"}],"wp:featuredmedia":[{"embeddable":true,"href":"https:\/\/julity.com\/de\/wp-json\/wp\/v2\/media\/1267"}],"wp:attachment":[{"href":"https:\/\/julity.com\/de\/wp-json\/wp\/v2\/media?parent=1266"}],"wp:term":[{"taxonomy":"product_brand","embeddable":true,"href":"https:\/\/julity.com\/de\/wp-json\/wp\/v2\/product_brand?post=1266"},{"taxonomy":"product_cat","embeddable":true,"href":"https:\/\/julity.com\/de\/wp-json\/wp\/v2\/product_cat?post=1266"},{"taxonomy":"product_tag","embeddable":true,"href":"https:\/\/julity.com\/de\/wp-json\/wp\/v2\/product_tag?post=1266"}],"curies":[{"name":"wp","href":"https:\/\/api.w.org\/{rel}","templated":true}]}}