{"id":1270,"date":"2019-01-12T02:53:00","date_gmt":"2019-01-12T07:53:00","guid":{"rendered":"https:\/\/www.leryca.com\/product\/engraved-stainless-steel-photo-necklace-for-father\/"},"modified":"2021-01-23T08:57:55","modified_gmt":"2021-01-23T07:57:55","slug":"engraved-stainless-steel-photo-necklace-for-father","status":"publish","type":"product","link":"https:\/\/julity.com\/de\/product\/engraved-stainless-steel-photo-necklace-for-father\/","title":{"rendered":"Gravierte Edelstahl-Foto-Halskette f\u00fcr Vater"},"content":{"rendered":"<div class=\"item-attr\">\n<div class=\"item-attr-title\">\n<div class=\"item-attr\">\n<div class=\"item-attr-title\">\n<div class=\"item-attr\">\n<div class=\"item-attr-title\">\n<div class=\"item-attr\">\n<div class=\"item-attr-title\">\n<h3>Artikelspezifikationen:<\/h3>\n<\/div>\n<div>\n<table class=\"table table-striped\">\n<tbody>\n<tr>\n<td>Stil<\/td>\n<td>Man Necklace<\/td>\n<\/tr>\n<tr>\n<td>Anh\u00e4ngergr\u00f6\u00dfe<\/td>\n<td>4.9*2.8CM(1.96*1.12INCH),Thickness:1.8MM(0.072INCH)<\/td>\n<\/tr>\n<tr>\n<td>Haken<\/td>\n<td>Einzelhaken<\/td>\n<\/tr>\n<tr>\n<td>Kettentyp<\/td>\n<td>Kabelkette<\/td>\n<\/tr>\n<tr>\n<td>Material<\/td>\n<td>Stainless Steel<\/td>\n<\/tr>\n<\/tbody>\n<\/table>\n<\/div>\n<\/div>\n<div class=\"product-desc clearfix\">\n<p class=\"p\">This extraordinarily Necklace is exquisitely handcrafted in gleaming sterling silver. You can immortalize your children\u2019s favorite piece of art into this special jewelry, which is a great way to record the process of growing up of your kids and keep your memories. It would make a wonderful gift for your wife , mom or grandma in any special occasions .<\/p>\n<\/div>\n<\/div>\n<\/div>\n<\/div>\n<\/div>\n<\/div>\n<\/div>","protected":false},"excerpt":{"rendered":"<p>Item specifics: Style Man Necklace Pendant Size 4.9*2.8CM(1.96*1.12INCH),Thickness:1.8MM(0.072INCH) Hook Single Hook Chain type Cable Chain Material Stainless Steel This extraordinarily Necklace is exquisitely handcrafted in gleaming sterling silver. You can immortalize your children\u2019s favorite piece of art into this special jewelry, which is a great way to record the process of growing up of your [&#8230;]","protected":false},"featured_media":1271,"comment_status":"open","ping_status":"closed","template":"","meta":[],"product_brand":[],"product_cat":[85,84,111,81],"product_tag":[],"class_list":{"0":"post-1270","1":"product","2":"type-product","3":"status-publish","4":"has-post-thumbnail","6":"product_cat-gifts-for-your-love","7":"product_cat-new-arrivals","8":"product_cat-photo-necklaces","9":"product_cat-sterling-silver","10":"tm-has-options","12":"first","13":"instock","14":"sale","15":"shipping-taxable","16":"purchasable","17":"product-type-simple"},"_links":{"self":[{"href":"https:\/\/julity.com\/de\/wp-json\/wp\/v2\/product\/1270","targetHints":{"allow":["GET"]}}],"collection":[{"href":"https:\/\/julity.com\/de\/wp-json\/wp\/v2\/product"}],"about":[{"href":"https:\/\/julity.com\/de\/wp-json\/wp\/v2\/types\/product"}],"replies":[{"embeddable":true,"href":"https:\/\/julity.com\/de\/wp-json\/wp\/v2\/comments?post=1270"}],"wp:featuredmedia":[{"embeddable":true,"href":"https:\/\/julity.com\/de\/wp-json\/wp\/v2\/media\/1271"}],"wp:attachment":[{"href":"https:\/\/julity.com\/de\/wp-json\/wp\/v2\/media?parent=1270"}],"wp:term":[{"taxonomy":"product_brand","embeddable":true,"href":"https:\/\/julity.com\/de\/wp-json\/wp\/v2\/product_brand?post=1270"},{"taxonomy":"product_cat","embeddable":true,"href":"https:\/\/julity.com\/de\/wp-json\/wp\/v2\/product_cat?post=1270"},{"taxonomy":"product_tag","embeddable":true,"href":"https:\/\/julity.com\/de\/wp-json\/wp\/v2\/product_tag?post=1270"}],"curies":[{"name":"wp","href":"https:\/\/api.w.org\/{rel}","templated":true}]}}