{"id":130020,"date":"2021-01-23T08:58:41","date_gmt":"2021-01-23T07:58:41","guid":{"rendered":"https:\/\/www.heagift.com\/?post_type=product&#038;p=130020"},"modified":"2021-11-26T01:03:02","modified_gmt":"2021-11-26T05:03:02","slug":"angel-wings-heart-photo-locket-necklace","status":"publish","type":"product","link":"https:\/\/julity.com\/de\/product\/angel-wings-heart-photo-locket-necklace\/","title":{"rendered":"Engelsfl\u00fcgel Herz Foto Medaillon Halskette"},"content":{"rendered":"<p>Versch\u00f6nern Sie Ihr Outfit mit einer fabelhaften Charm-Halskette von Julity. Es gibt so viele verschiedene vorgefertigte Optionen zur Auswahl, aber es gibt auch viele M\u00f6glichkeiten, Ihre eigenen benutzerdefinierten Teile zu erstellen. F\u00fcr etwas ganz Besonderes k\u00f6nnen Sie mit Julity Photo Charm Halsketten und Medaillons Fotoerinnerungen hinzuf\u00fcgen, die Sie gerne im Herzen behalten m\u00f6chten. Sie haben auch die M\u00f6glichkeit, einfache Ketten und Charms separat zu bestellen, sodass Sie Ihre Halskette jederzeit wechseln k\u00f6nnen. Tragen Sie Halsketten mit einem oder mehreren Anh\u00e4ngern, je nach Ihrer Modestimmung f\u00fcr den Tag. Sie k\u00f6nnen einem Schmuckfan in Ihrem Leben auch eine Vielzahl von Ketten schenken, damit er etwas hat, auf das er seinen Charme legen kann, wenn er sie nicht an Armb\u00e4ndern tragen m\u00f6chte.<\/p>","protected":false},"excerpt":{"rendered":"<p>Dress up your outfit with a fabulous charm necklace by julity. There are so many different pre-made options to select from, however there are also many ways to create your own customized pieces. For something extra special, julity photo charm necklaces and lockets allow you to add in photo memories that you will want to [&#8230;]","protected":false},"featured_media":130025,"comment_status":"open","ping_status":"closed","template":"","meta":[],"product_brand":[],"product_cat":[95,86,111],"product_tag":[],"class_list":{"0":"post-130020","1":"product","2":"type-product","3":"status-publish","4":"has-post-thumbnail","6":"product_cat-gifts-for-grandmother","7":"product_cat-gifts-for-mom","8":"product_cat-photo-necklaces","9":"tm-has-options","11":"first","12":"instock","13":"sale","14":"shipping-taxable","15":"purchasable","16":"product-type-simple"},"_links":{"self":[{"href":"https:\/\/julity.com\/de\/wp-json\/wp\/v2\/product\/130020","targetHints":{"allow":["GET"]}}],"collection":[{"href":"https:\/\/julity.com\/de\/wp-json\/wp\/v2\/product"}],"about":[{"href":"https:\/\/julity.com\/de\/wp-json\/wp\/v2\/types\/product"}],"replies":[{"embeddable":true,"href":"https:\/\/julity.com\/de\/wp-json\/wp\/v2\/comments?post=130020"}],"wp:featuredmedia":[{"embeddable":true,"href":"https:\/\/julity.com\/de\/wp-json\/wp\/v2\/media\/130025"}],"wp:attachment":[{"href":"https:\/\/julity.com\/de\/wp-json\/wp\/v2\/media?parent=130020"}],"wp:term":[{"taxonomy":"product_brand","embeddable":true,"href":"https:\/\/julity.com\/de\/wp-json\/wp\/v2\/product_brand?post=130020"},{"taxonomy":"product_cat","embeddable":true,"href":"https:\/\/julity.com\/de\/wp-json\/wp\/v2\/product_cat?post=130020"},{"taxonomy":"product_tag","embeddable":true,"href":"https:\/\/julity.com\/de\/wp-json\/wp\/v2\/product_tag?post=130020"}],"curies":[{"name":"wp","href":"https:\/\/api.w.org\/{rel}","templated":true}]}}