{"id":130046,"date":"2021-01-23T12:14:49","date_gmt":"2021-01-23T11:14:49","guid":{"rendered":"https:\/\/www.heagift.com\/product\/import-placeholder-for-1294\/"},"modified":"2024-10-06T23:54:29","modified_gmt":"2024-10-07T06:54:29","slug":"personalized-sterling-silver-men-leather-black-bracelet","status":"publish","type":"product","link":"https:\/\/julity.com\/de\/product\/personalized-sterling-silver-men-leather-black-bracelet\/","title":{"rendered":"Personalisiertes schwarzes Armband aus Sterlingsilber f\u00fcr M\u00e4nner"},"content":{"rendered":"<p>Individuelle Details machen das Herrenarmband mit kleinen benutzerdefinierten Perlen in Silber zu einem herausragenden Produkt. Dieses personalisierte Armband verf\u00fcgt \u00fcber ein h\u00fcbsch geflochtenes Band, das mit einem stabilen Silberverschluss befestigt wird. Die kreisf\u00f6rmigen Perlen sorgen f\u00fcr einen angenehmen Kontrast und werden auf Bestellung graviert. Dieses Armband besteht aus hochwertigen Komponenten wie Sterlingsilber. Es verf\u00fcgt \u00fcber:<\/p>\n<ul>\n<li>Material: Sterling Silber 0,925 Armband aus echtem Leder<\/li>\n<li>Perlengr\u00f6\u00dfe: 9,8 * 4,8 mm (0,38 * 0,18 Zoll) <\/li>\n<li>Perlendicke: 0,8 MM (0,03 ZOLL)<\/li>\n<li>Umfang des Armbands: Einstellbar - 60 cm (24 Zoll)<\/li>\n<li>Die Gr\u00f6\u00dfe der Kette kann ge\u00e4ndert werden und die Schnittstelle wird mit einem silbernen Knopf gesichert.<\/li>\n<li>Jede Perle kann mit einem benutzerdefinierten Namen graviert werden<\/li>\n<\/ul>","protected":false},"excerpt":{"rendered":"<p>Customized details make the Men Bracelet with Small Custom Beads in Silver a standout. This personalized bracelet features a handsomely braided band that fastens with a sturdy silver clasp. The circular beads add pleasing contrast, and are engraved to order. This bracelet is made with quality components including sterling silver. It features: Material: Sterling Silver [&#8230;]","protected":false},"featured_media":130050,"comment_status":"open","ping_status":"closed","template":"","meta":[],"product_brand":[],"product_cat":[101],"product_tag":[115,117],"class_list":{"0":"post-130046","1":"product","2":"type-product","3":"status-publish","4":"has-post-thumbnail","6":"product_cat-name-bracelets","7":"product_tag-bracelets","8":"product_tag-fathergift","9":"tm-has-options","11":"first","12":"instock","13":"sale","14":"shipping-taxable","15":"purchasable","16":"product-type-simple"},"_links":{"self":[{"href":"https:\/\/julity.com\/de\/wp-json\/wp\/v2\/product\/130046","targetHints":{"allow":["GET"]}}],"collection":[{"href":"https:\/\/julity.com\/de\/wp-json\/wp\/v2\/product"}],"about":[{"href":"https:\/\/julity.com\/de\/wp-json\/wp\/v2\/types\/product"}],"replies":[{"embeddable":true,"href":"https:\/\/julity.com\/de\/wp-json\/wp\/v2\/comments?post=130046"}],"wp:featuredmedia":[{"embeddable":true,"href":"https:\/\/julity.com\/de\/wp-json\/wp\/v2\/media\/130050"}],"wp:attachment":[{"href":"https:\/\/julity.com\/de\/wp-json\/wp\/v2\/media?parent=130046"}],"wp:term":[{"taxonomy":"product_brand","embeddable":true,"href":"https:\/\/julity.com\/de\/wp-json\/wp\/v2\/product_brand?post=130046"},{"taxonomy":"product_cat","embeddable":true,"href":"https:\/\/julity.com\/de\/wp-json\/wp\/v2\/product_cat?post=130046"},{"taxonomy":"product_tag","embeddable":true,"href":"https:\/\/julity.com\/de\/wp-json\/wp\/v2\/product_tag?post=130046"}],"curies":[{"name":"wp","href":"https:\/\/api.w.org\/{rel}","templated":true}]}}