{"id":1647,"date":"2020-05-12T13:12:56","date_gmt":"2020-05-12T17:12:56","guid":{"rendered":"https:\/\/www.leryca.com\/?post_type=product&#038;p=1647"},"modified":"2020-05-19T04:26:16","modified_gmt":"2020-05-19T08:26:16","slug":"russian-ring-necklace-with-engraving-gold-plated","status":"publish","type":"product","link":"https:\/\/julity.com\/de\/product\/russian-ring-necklace-with-engraving-gold-plated\/","title":{"rendered":"Russische Ringkette mit Gravur - vergoldet"},"content":{"rendered":"<p>Diese Freude mit drei Ringen ist eine unterhaltsame und trendige M\u00f6glichkeit, die Namen derjenigen anzuzeigen, die Ihnen am n\u00e4chsten stehen. Schreiben Sie bis zu drei Namen in diese dynamische russische Ringkette. Dieser Artikel ist in Silber erh\u00e4ltlich und h\u00e4ngt an einer passenden Silberboxkette. Dieser Artikel ist auch in 18 Karat vergoldet, 18 Karat Ros\u00e9 vergoldet und 10 Karat Gold erh\u00e4ltlich.<\/p>\n<p>Weitere Halsketten finden Sie in unserer\u00a0<a href=\"\/de\/product-category\/necklaces\/moms-necklaces\/\">Mutter Halskette Sammlung<\/a>.<\/p>","protected":false},"excerpt":{"rendered":"<p>This three ring delight is a fun and trendy way to display the names of the ones closest to you. Inscribe up to three names on this dynamic Russian Ring Necklace. This item is available in silver and hangs from a matching silver box chain.This item is also available in\u00a018k Gold Plated,\u00a018k Rose Gold Plated\u00a0and\u00a010K [&#8230;]","protected":false},"featured_media":1211,"comment_status":"open","ping_status":"closed","template":"","meta":[],"product_brand":[],"product_cat":[96],"product_tag":[],"class_list":{"0":"post-1647","1":"product","2":"type-product","3":"status-publish","4":"has-post-thumbnail","6":"product_cat-discs-circles","7":"tm-has-options","9":"first","10":"instock","11":"sale","12":"shipping-taxable","13":"purchasable","14":"product-type-simple"},"_links":{"self":[{"href":"https:\/\/julity.com\/de\/wp-json\/wp\/v2\/product\/1647","targetHints":{"allow":["GET"]}}],"collection":[{"href":"https:\/\/julity.com\/de\/wp-json\/wp\/v2\/product"}],"about":[{"href":"https:\/\/julity.com\/de\/wp-json\/wp\/v2\/types\/product"}],"replies":[{"embeddable":true,"href":"https:\/\/julity.com\/de\/wp-json\/wp\/v2\/comments?post=1647"}],"wp:featuredmedia":[{"embeddable":true,"href":"https:\/\/julity.com\/de\/wp-json\/wp\/v2\/media\/1211"}],"wp:attachment":[{"href":"https:\/\/julity.com\/de\/wp-json\/wp\/v2\/media?parent=1647"}],"wp:term":[{"taxonomy":"product_brand","embeddable":true,"href":"https:\/\/julity.com\/de\/wp-json\/wp\/v2\/product_brand?post=1647"},{"taxonomy":"product_cat","embeddable":true,"href":"https:\/\/julity.com\/de\/wp-json\/wp\/v2\/product_cat?post=1647"},{"taxonomy":"product_tag","embeddable":true,"href":"https:\/\/julity.com\/de\/wp-json\/wp\/v2\/product_tag?post=1647"}],"curies":[{"name":"wp","href":"https:\/\/api.w.org\/{rel}","templated":true}]}}