{"id":1758,"date":"2020-05-14T09:43:03","date_gmt":"2020-05-14T13:43:03","guid":{"rendered":"https:\/\/www.leryca.com\/?post_type=product&#038;p=1758"},"modified":"2021-11-26T01:03:26","modified_gmt":"2021-11-26T05:03:26","slug":"heart-engraved-necklace-with-custom-birthstone-family-gift-rose-gold-plated","status":"publish","type":"product","link":"https:\/\/julity.com\/de\/product\/heart-engraved-necklace-with-custom-birthstone-family-gift-rose-gold-plated\/","title":{"rendered":"Herz gravierte Halskette mit benutzerdefinierten Geburtsstein Familiengeschenk Rose vergoldet"},"content":{"rendered":"<p>F\u00fcgen Sie Ihrer Schmuckschatulle mit den offiziellen gravierbaren Halsketten von Name Necklace etwas Besonderes hinzu. Es gibt eine Vielzahl wundersch\u00f6ner Designs, die mit einem Namen, zwei Namen oder sogar inspirierenden W\u00f6rtern, die Sie lieben, angepasst werden k\u00f6nnen. Name Necklace Official bietet erschwinglichen gravierbaren Schmuck, der die Bank nicht sprengt. Dar\u00fcber hinaus sind diese St\u00fccke sehr nachdenkliche und gesch\u00e4tzte Geschenke f\u00fcr Freunde und Familie. Geben Sie sie jemandem, der Geburtstag, Abschlussfeier, Babyparty oder Jubil\u00e4um feiert. Die Oberfl\u00e4chen sind wundersch\u00f6n poliert, so dass der Glanz, der von ihnen ausgeht, sehr intensiv ist. Es gibt alles von kreisf\u00f6rmigen Anh\u00e4nger-Halsketten und Doppelstangen-Halsketten bis hin zu Fu\u00dfabdruck-Halsketten und Kinder-Charm-Halsketten.<\/p>","protected":false},"excerpt":{"rendered":"<p>Add something extra special to your jewelry box with Name Necklace Official engravable necklaces. There are a plethora of gorgeous designs that can be customized with a name, two names, or even inspirational words that you love. Name Necklace Official provides affordable engravable jewelry that won&#8217;t break the bank. In addition, these pieces make for [&#8230;]","protected":false},"featured_media":1750,"comment_status":"open","ping_status":"closed","template":"","meta":[],"product_brand":[],"product_cat":[83,86,78],"product_tag":[],"class_list":{"0":"post-1758","1":"product","2":"type-product","3":"status-publish","4":"has-post-thumbnail","6":"product_cat-18k-rose-gold","7":"product_cat-gifts-for-mom","8":"product_cat-moms-necklaces","9":"tm-has-options","11":"first","12":"instock","13":"sale","14":"shipping-taxable","15":"purchasable","16":"product-type-simple"},"_links":{"self":[{"href":"https:\/\/julity.com\/de\/wp-json\/wp\/v2\/product\/1758","targetHints":{"allow":["GET"]}}],"collection":[{"href":"https:\/\/julity.com\/de\/wp-json\/wp\/v2\/product"}],"about":[{"href":"https:\/\/julity.com\/de\/wp-json\/wp\/v2\/types\/product"}],"replies":[{"embeddable":true,"href":"https:\/\/julity.com\/de\/wp-json\/wp\/v2\/comments?post=1758"}],"wp:featuredmedia":[{"embeddable":true,"href":"https:\/\/julity.com\/de\/wp-json\/wp\/v2\/media\/1750"}],"wp:attachment":[{"href":"https:\/\/julity.com\/de\/wp-json\/wp\/v2\/media?parent=1758"}],"wp:term":[{"taxonomy":"product_brand","embeddable":true,"href":"https:\/\/julity.com\/de\/wp-json\/wp\/v2\/product_brand?post=1758"},{"taxonomy":"product_cat","embeddable":true,"href":"https:\/\/julity.com\/de\/wp-json\/wp\/v2\/product_cat?post=1758"},{"taxonomy":"product_tag","embeddable":true,"href":"https:\/\/julity.com\/de\/wp-json\/wp\/v2\/product_tag?post=1758"}],"curies":[{"name":"wp","href":"https:\/\/api.w.org\/{rel}","templated":true}]}}