{"id":1814,"date":"2020-05-17T03:55:31","date_gmt":"2020-05-17T07:55:31","guid":{"rendered":"https:\/\/www.leryca.com\/?post_type=product&#038;p=1814"},"modified":"2021-11-26T01:03:21","modified_gmt":"2021-11-26T05:03:21","slug":"personalized-intertwined-hearts-necklace-with-birthstone","status":"publish","type":"product","link":"https:\/\/julity.com\/de\/product\/personalized-intertwined-hearts-necklace-with-birthstone\/","title":{"rendered":"Personalisierte Halskette mit verschlungenen Herzen und Geburtsstein"},"content":{"rendered":"<div class=\"item-attr-title\">\n<h3>Artikelspezifikationen:<\/h3>\n<\/div>\n<div>\n<table class=\"table table-striped\">\n<tbody>\n<tr>\n<th>Stil<\/th>\n<td>Personalisierte Halskette<\/td>\n<\/tr>\n<tr>\n<th>Haken<\/th>\n<td>Einzelhaken \/ Doppelhaken<\/td>\n<\/tr>\n<tr>\n<th>Kettentyp<\/th>\n<td>Rolo Kette<\/td>\n<\/tr>\n<tr>\n<th>Kettenl\u00e4nge<\/th>\n<td>14&#8243;,16&#8243;,18&#8243;,20&#8243;,22&#8243;<\/td>\n<\/tr>\n<tr>\n<th>Material<\/th>\n<td>Sterling Silber 925<\/td>\n<\/tr>\n<\/tbody>\n<\/table>\n<p>Diese charmante, ineinander verschlungene Herzkette aus Sterlingsilber verleiht Ihrem Look einen besonderen Hauch von Liebe. Die Herzen greifen ineinander und sind jeweils mit Details und schimmerndem Geburtsstein geschm\u00fcckt. W\u00e4hlen Sie den Namen und den Geburtsstein f\u00fcr jedes Herz f\u00fcr einen v\u00f6llig einzigartigen Look. Es ist ein perfektes Geschenk f\u00fcr Ihre Frau, Freundin, eine Mutter, die ihre Lieben auch dann in ihrer N\u00e4he halten kann, wenn sie weit weg sind. Machen Sie ihren Tag zu etwas Besonderem mit dieser personalisierten Herzkette!<\/p>\n<\/div>","protected":false},"excerpt":{"rendered":"<p>Item specifics: Style Personalized Necklace Hook Single Hook\/Double Hooks Chain type Rolo Chain Chain Length 14&#8243;,16&#8243;,18&#8243;,20&#8243;,22&#8243; Material Sterling Silver 925 Created in sterling silver, this charming intertwined heart necklace can add a special touch of love to your look. The hearts interlock with each other and each adorned with detailing and shimmering birthstone. Choose the [&#8230;]","protected":false},"featured_media":1815,"comment_status":"open","ping_status":"closed","template":"","meta":[],"product_brand":[],"product_cat":[94,78],"product_tag":[],"class_list":{"0":"post-1814","1":"product","2":"type-product","3":"status-publish","4":"has-post-thumbnail","6":"product_cat-heart-necklace","7":"product_cat-moms-necklaces","8":"tm-has-options","10":"first","11":"instock","12":"sale","13":"shipping-taxable","14":"purchasable","15":"product-type-simple"},"_links":{"self":[{"href":"https:\/\/julity.com\/de\/wp-json\/wp\/v2\/product\/1814","targetHints":{"allow":["GET"]}}],"collection":[{"href":"https:\/\/julity.com\/de\/wp-json\/wp\/v2\/product"}],"about":[{"href":"https:\/\/julity.com\/de\/wp-json\/wp\/v2\/types\/product"}],"replies":[{"embeddable":true,"href":"https:\/\/julity.com\/de\/wp-json\/wp\/v2\/comments?post=1814"}],"wp:featuredmedia":[{"embeddable":true,"href":"https:\/\/julity.com\/de\/wp-json\/wp\/v2\/media\/1815"}],"wp:attachment":[{"href":"https:\/\/julity.com\/de\/wp-json\/wp\/v2\/media?parent=1814"}],"wp:term":[{"taxonomy":"product_brand","embeddable":true,"href":"https:\/\/julity.com\/de\/wp-json\/wp\/v2\/product_brand?post=1814"},{"taxonomy":"product_cat","embeddable":true,"href":"https:\/\/julity.com\/de\/wp-json\/wp\/v2\/product_cat?post=1814"},{"taxonomy":"product_tag","embeddable":true,"href":"https:\/\/julity.com\/de\/wp-json\/wp\/v2\/product_tag?post=1814"}],"curies":[{"name":"wp","href":"https:\/\/api.w.org\/{rel}","templated":true}]}}