{"id":1940,"date":"2020-08-18T03:16:52","date_gmt":"2020-08-18T07:16:52","guid":{"rendered":"https:\/\/www.leryca.com\/product\/import-placeholder-for-75137\/"},"modified":"2021-11-26T01:03:11","modified_gmt":"2021-11-26T05:03:11","slug":"personalized-baby-feet-birthstone-necklace-for-mother","status":"publish","type":"product","link":"https:\/\/julity.com\/de\/product\/personalized-baby-feet-birthstone-necklace-for-mother\/","title":{"rendered":"Personalisierte Baby Feet Birthstone Halskette f\u00fcr Mutter"},"content":{"rendered":"<div class=\"item-attr-title\">\n<h3>Artikelspezifikationen:<\/h3>\n<\/div>\n<div>\n<table class=\"table table-striped\">\n<tbody>\n<tr>\n<th>Stil<\/th>\n<td>Halsketten f\u00fcr M\u00fctter<\/td>\n<\/tr>\n<tr>\n<th>Anh\u00e4ngergr\u00f6\u00dfe<\/th>\n<td>1 Fu\u00df: 7 x 11 mm (0,27 x 0,43 Zoll); 2 Fu\u00df: 14 x 11 mm (0,55 x 0,43 Zoll); 3 Fu\u00df: 18 x 16 mm (0,70 x 0,62 Zoll); )\uff1b5 Fu\u00df: 21*21MM(0,82*0,82INCH)\uff1b6 Fu\u00df: 22*22MM(0,86*0,86INCH)<\/td>\n<\/tr>\n<tr>\n<th>Haken<\/th>\n<td>Einzelhaken<\/td>\n<\/tr>\n<tr>\n<th>Kettentyp<\/th>\n<td>Rolo Kette<\/td>\n<\/tr>\n<tr>\n<th>Kettenl\u00e4nge<\/th>\n<td>14&#8243;,16&#8243;,18&#8243;,20&#8243;,22&#8243;<\/td>\n<\/tr>\n<tr>\n<th>Material<\/th>\n<td>Sterling Silber 925<\/td>\n<\/tr>\n<\/tbody>\n<\/table>\n<\/div>","protected":false},"excerpt":{"rendered":"<p>Item specifics: Style Mothers Necklaces Pendant Size 1 foot: 7*11MM(0.27*0.43INCH)\uff1b2 feet: 14*11MM(0.55*0.43INCH)\uff1b3 feet: 18*16MM(0.70*0.62INCH)\uff1b4 feet: 21*21MM(0.82*0.82INCH)\uff1b5 feet: 21*21MM(0.82*0.82INCH)\uff1b6 feet: 22*22MM(0.86*0.86INCH) Hook Single Hook Chain type Rolo Chain Chain Length 14&#8243;,16&#8243;,18&#8243;,20&#8243;,22&#8243; Material Sterling Silver 925<\/p>","protected":false},"featured_media":1975,"comment_status":"closed","ping_status":"closed","template":"","meta":[],"product_brand":[],"product_cat":[78],"product_tag":[],"class_list":{"0":"post-1940","1":"product","2":"type-product","3":"status-publish","4":"has-post-thumbnail","6":"product_cat-moms-necklaces","7":"tm-has-options","9":"first","10":"instock","11":"sale","12":"shipping-taxable","13":"purchasable","14":"product-type-simple"},"_links":{"self":[{"href":"https:\/\/julity.com\/de\/wp-json\/wp\/v2\/product\/1940","targetHints":{"allow":["GET"]}}],"collection":[{"href":"https:\/\/julity.com\/de\/wp-json\/wp\/v2\/product"}],"about":[{"href":"https:\/\/julity.com\/de\/wp-json\/wp\/v2\/types\/product"}],"replies":[{"embeddable":true,"href":"https:\/\/julity.com\/de\/wp-json\/wp\/v2\/comments?post=1940"}],"wp:featuredmedia":[{"embeddable":true,"href":"https:\/\/julity.com\/de\/wp-json\/wp\/v2\/media\/1975"}],"wp:attachment":[{"href":"https:\/\/julity.com\/de\/wp-json\/wp\/v2\/media?parent=1940"}],"wp:term":[{"taxonomy":"product_brand","embeddable":true,"href":"https:\/\/julity.com\/de\/wp-json\/wp\/v2\/product_brand?post=1940"},{"taxonomy":"product_cat","embeddable":true,"href":"https:\/\/julity.com\/de\/wp-json\/wp\/v2\/product_cat?post=1940"},{"taxonomy":"product_tag","embeddable":true,"href":"https:\/\/julity.com\/de\/wp-json\/wp\/v2\/product_tag?post=1940"}],"curies":[{"name":"wp","href":"https:\/\/api.w.org\/{rel}","templated":true}]}}