{"id":2105,"date":"2020-12-07T06:37:58","date_gmt":"2020-12-07T10:37:58","guid":{"rendered":"https:\/\/julity.com\/?post_type=product&#038;p=2105"},"modified":"2025-12-02T05:29:25","modified_gmt":"2025-12-02T12:29:25","slug":"christmas-gifts-for-mom-birthstone-necklace-for-mom","status":"publish","type":"product","link":"https:\/\/julity.com\/de\/product\/christmas-gifts-for-mom-birthstone-necklace-for-mom\/","title":{"rendered":"Herzgeburtssteinketten in 925 Sterlingsilber"},"content":{"rendered":"<div class=\"item-attr-title\">\n<h3>Artikelspezifikationen:<\/h3>\n<\/div>\n<div>\n<table class=\"table table-striped\">\n<tbody>\n<tr>\n<th>Stil<\/th>\n<td>Herz Halskette<\/td>\n<\/tr>\n<tr>\n<th>Anh\u00e4ngergr\u00f6\u00dfe<\/th>\n<td>H\u00f6he: 25,5 mm (1 Zoll), Breite: 25,5 mm (1 Zoll), Geburtssteingr\u00f6\u00dfe: 2,5 mm (0,1 Zoll)<\/td>\n<\/tr>\n<tr>\n<th>Haken<\/th>\n<td>Einzelhaken<\/td>\n<\/tr>\n<tr>\n<th>Kettentyp<\/th>\n<td>Rolo Kette<\/td>\n<\/tr>\n<tr>\n<th>Material<\/th>\n<td>Sterling Silber 925<\/td>\n<\/tr>\n<tr>\n<th>Dicke<\/th>\n<td>4 MM (0,16 Zoll)<\/td>\n<\/tr>\n<\/tbody>\n<\/table>\n<p>Geburtsstein:<img decoding=\"async\" src=\"\/\/julity.com\/wp-content\/uploads\/2021\/10\/stone.jpg\" alt=\"\" \/><br \/>\n<!--StartFragment --><\/p>\n<div><\/div>\n<p>\u2022Designdetails: Die Herz-Geburtssteinkette von Gift ist mit 2\u20134 Geburtssteinen, individuellen Namen und wundersch\u00f6n verziert mit mehreren funkelnden klaren Kristallen verziert.<\/p>\n<p>\u2022 Design Inspiration: Herzform ist f\u00fcr immer ein beliebtes und klassisches Element. Das verdrehte Design ist wie zwei verliebte Menschen, die sich umarmen, was seine zeitlose Anziehungskraft unterstreicht<\/p>\n<p>\u2022 Geschenkanlass: Valentinstag, Jubil\u00e4um, Weihnachten, Geburtstag einer Freundin usw.<\/p>\n<p>\u2022 Geschenkempf\u00e4nger: Frau, Schwestern, BBF, Liebhaber, Mutter, sich selbst behandeln usw.<\/p>\n<p>\u2022 Dieses einzigartige und von Herzen kommende Produkt ist in einer sch\u00f6nen Schachtel verpackt und bereit zum Verschenken.<\/p>\n<p>Hinweis: Der erste Buchstabe des Namens oder Wortes wird standardm\u00e4\u00dfig gro\u00dfgeschrieben.<\/p>\n<\/div>\n<p><!--more--><\/p>","protected":false},"excerpt":{"rendered":"<p>Item specifics: Style Heart Necklace Pendant Size Height: 25.5MM(1INCH), Width: 25.5MM(1INCH), Birthstone Size: 2.5MM(0.1INCH) Hook Single Hook Chain type Rolo Chain Material Sterling Silver 925 Thickness 4MM(0.16INCH) Birthstone: \u2022Design Details: the heart birthstone necklace by Gift is adorned with 2-4 birthstones, names customized, beautifully embellished with several sparkling clear crystals. \u2022Design Inspiration: heart shape is [&#8230;]","protected":false},"featured_media":390053,"comment_status":"open","ping_status":"closed","template":"","meta":[],"product_brand":[],"product_cat":[82,90,86,91,84],"product_tag":[125,114,119],"class_list":{"0":"post-2105","1":"product","2":"type-product","3":"status-publish","4":"has-post-thumbnail","6":"product_cat-18k-gold-plated","7":"product_cat-gifts-for-couples","8":"product_cat-gifts-for-mom","9":"product_cat-gifts-for-teens","10":"product_cat-new-arrivals","11":"product_tag-emailshow","12":"product_tag-new","13":"product_tag-new2021","14":"tm-has-options","16":"first","17":"instock","18":"sale","19":"shipping-taxable","20":"purchasable","21":"product-type-simple"},"_links":{"self":[{"href":"https:\/\/julity.com\/de\/wp-json\/wp\/v2\/product\/2105","targetHints":{"allow":["GET"]}}],"collection":[{"href":"https:\/\/julity.com\/de\/wp-json\/wp\/v2\/product"}],"about":[{"href":"https:\/\/julity.com\/de\/wp-json\/wp\/v2\/types\/product"}],"replies":[{"embeddable":true,"href":"https:\/\/julity.com\/de\/wp-json\/wp\/v2\/comments?post=2105"}],"wp:featuredmedia":[{"embeddable":true,"href":"https:\/\/julity.com\/de\/wp-json\/wp\/v2\/media\/390053"}],"wp:attachment":[{"href":"https:\/\/julity.com\/de\/wp-json\/wp\/v2\/media?parent=2105"}],"wp:term":[{"taxonomy":"product_brand","embeddable":true,"href":"https:\/\/julity.com\/de\/wp-json\/wp\/v2\/product_brand?post=2105"},{"taxonomy":"product_cat","embeddable":true,"href":"https:\/\/julity.com\/de\/wp-json\/wp\/v2\/product_cat?post=2105"},{"taxonomy":"product_tag","embeddable":true,"href":"https:\/\/julity.com\/de\/wp-json\/wp\/v2\/product_tag?post=2105"}],"curies":[{"name":"wp","href":"https:\/\/api.w.org\/{rel}","templated":true}]}}