{"id":2137,"date":"2020-12-07T06:58:16","date_gmt":"2020-12-07T05:58:16","guid":{"rendered":"https:\/\/julity.com\/?post_type=product&#038;p=2137"},"modified":"2025-06-17T06:37:11","modified_gmt":"2025-06-17T13:37:11","slug":"6name-necklace","status":"publish","type":"product","link":"https:\/\/julity.com\/de\/product\/6name-necklace\/","title":{"rendered":"[2021 Hot Sale] Geschenke f\u00fcr Mama 925 Sterling Silber Geburtsstein Halskette"},"content":{"rendered":"<p>F\u00fcgen Sie Ihrer Schmuckschatulle mit gravierbaren Halsketten etwas ganz Besonderes hinzu. Es gibt eine F\u00fclle wundersch\u00f6ner Designs, die mit einem Namen, zwei Namen oder sogar inspirierenden W\u00f6rtern, die Sie lieben, angepasst werden k\u00f6nnen. julity bietet erschwinglichen gravierbaren Schmuck, der die Bank nicht sprengen wird. Dar\u00fcber hinaus sind diese St\u00fccke sehr durchdachte und gesch\u00e4tzte Geschenke f\u00fcr Freunde und Familie. Geben Sie sie jemandem, der einen Geburtstag, eine Abschlussfeier, eine Babyparty oder ein Jubil\u00e4um feiert. Die Oberfl\u00e4chen sind wundersch\u00f6n poliert, so dass der Glanz, der von ihnen ausgeht, sehr intensiv ist.<\/p>","protected":false},"excerpt":{"rendered":"<p>Add something extra special to your jewelry box with engravable necklaces. There are a plethora of gorgeous designs that can be customized with a name, two names, or even inspirational words that you love. julity provides affordable engravable jewelry that won\u2019t break the bank. In addition, these pieces make for very thoughtful and appreciated gifts [&#8230;]","protected":false},"featured_media":2138,"comment_status":"open","ping_status":"closed","template":"","meta":[],"product_brand":[],"product_cat":[82,90,86,91,84],"product_tag":[114],"class_list":{"0":"post-2137","1":"product","2":"type-product","3":"status-publish","4":"has-post-thumbnail","6":"product_cat-18k-gold-plated","7":"product_cat-gifts-for-couples","8":"product_cat-gifts-for-mom","9":"product_cat-gifts-for-teens","10":"product_cat-new-arrivals","11":"product_tag-new","12":"tm-has-options","14":"first","15":"instock","16":"sale","17":"shipping-taxable","18":"purchasable","19":"product-type-simple"},"_links":{"self":[{"href":"https:\/\/julity.com\/de\/wp-json\/wp\/v2\/product\/2137","targetHints":{"allow":["GET"]}}],"collection":[{"href":"https:\/\/julity.com\/de\/wp-json\/wp\/v2\/product"}],"about":[{"href":"https:\/\/julity.com\/de\/wp-json\/wp\/v2\/types\/product"}],"replies":[{"embeddable":true,"href":"https:\/\/julity.com\/de\/wp-json\/wp\/v2\/comments?post=2137"}],"wp:featuredmedia":[{"embeddable":true,"href":"https:\/\/julity.com\/de\/wp-json\/wp\/v2\/media\/2138"}],"wp:attachment":[{"href":"https:\/\/julity.com\/de\/wp-json\/wp\/v2\/media?parent=2137"}],"wp:term":[{"taxonomy":"product_brand","embeddable":true,"href":"https:\/\/julity.com\/de\/wp-json\/wp\/v2\/product_brand?post=2137"},{"taxonomy":"product_cat","embeddable":true,"href":"https:\/\/julity.com\/de\/wp-json\/wp\/v2\/product_cat?post=2137"},{"taxonomy":"product_tag","embeddable":true,"href":"https:\/\/julity.com\/de\/wp-json\/wp\/v2\/product_tag?post=2137"}],"curies":[{"name":"wp","href":"https:\/\/api.w.org\/{rel}","templated":true}]}}