{"id":240004,"date":"2021-10-22T00:25:41","date_gmt":"2021-10-22T04:25:41","guid":{"rendered":"https:\/\/julity.com\/?post_type=product&#038;p=240004"},"modified":"2025-06-17T06:40:25","modified_gmt":"2025-06-17T13:40:25","slug":"personalized-heart-birthstone-necklace-with-engraving","status":"publish","type":"product","link":"https:\/\/julity.com\/de\/product\/personalized-heart-birthstone-necklace-with-engraving\/","title":{"rendered":"Personalisierte Herz-Geburtsstein-Halskette mit Gravur"},"content":{"rendered":"<div class=\"item-attr-title\">\n<h3>Artikelspezifikationen:<\/h3>\n<\/div>\n<div>\n<table class=\"table table-striped\">\n<tbody>\n<tr>\n<th>Stil<\/th>\n<td>Herz Halskette<\/td>\n<\/tr>\n<tr>\n<th>Anh\u00e4ngergr\u00f6\u00dfe<\/th>\n<td>H\u00f6he: 25,5 mm (1 Zoll), Breite: 25,5 mm (1 Zoll), Geburtssteingr\u00f6\u00dfe: 2,5 mm (0,1 Zoll)<\/td>\n<\/tr>\n<tr>\n<th>Haken<\/th>\n<td>Einzelhaken<\/td>\n<\/tr>\n<tr>\n<th>Kettentyp<\/th>\n<td>Rolo Kette<\/td>\n<\/tr>\n<tr>\n<th>Material<\/th>\n<td>Sterling Silber 925<\/td>\n<\/tr>\n<tr>\n<th>Dicke<\/th>\n<td>4 MM (0,16 Zoll)<\/td>\n<\/tr>\n<\/tbody>\n<\/table>\n<p>Geburtsstein:<img decoding=\"async\" src=\"\/\/julity.com\/wp-content\/uploads\/2021\/10\/stone.jpg\" alt=\"\" \/><br \/>\n<!--StartFragment --><\/p>\n<div><\/div>\n<p>Ehren Sie Ihre Mutter mit dieser personalisierten Mutterherz-Halskette! Diese Familie kann mit den Namen und Geburtssteinen all ihrer Kinder eingraviert werden und gibt ihr Kameradschaft, wohin sie auch geht. Mit den personalisierten Namen aller ihrer Kinder, die um den Herzanh\u00e4nger eingraviert sind, wird diese Halskette ein bedeutungsvolles Geschenk f\u00fcr eine Mutter, das sie f\u00fcr immer sch\u00e4tzen k\u00f6nnen! Individualisiere die Mama-Halskette mit deinen Familiennamen und zeige deiner Mama, wie sehr du sie liebst!<\/p>\n<\/div>","protected":false},"excerpt":{"rendered":"<p>Item specifics: Style Heart Necklace Pendant Size Height: 25.5MM(1INCH), Width: 25.5MM(1INCH), Birthstone Size: 2.5MM(0.1INCH) Hook Single Hook Chain type Rolo Chain Material Sterling Silver 925 Thickness 4MM(0.16INCH) Birthstone: Honor your mother with this personalized mom&#8217;s heart necklace! This family can be engraved with the names and birthstones of all her children and gives her companionship [&#8230;]","protected":false},"featured_media":300709,"comment_status":"open","ping_status":"closed","template":"","meta":[],"product_brand":[],"product_cat":[82,90,86,91,84],"product_tag":[125,119],"class_list":{"0":"post-240004","1":"product","2":"type-product","3":"status-publish","4":"has-post-thumbnail","6":"product_cat-18k-gold-plated","7":"product_cat-gifts-for-couples","8":"product_cat-gifts-for-mom","9":"product_cat-gifts-for-teens","10":"product_cat-new-arrivals","11":"product_tag-emailshow","12":"product_tag-new2021","13":"tm-has-options","15":"first","16":"instock","17":"sale","18":"shipping-taxable","19":"purchasable","20":"product-type-simple"},"_links":{"self":[{"href":"https:\/\/julity.com\/de\/wp-json\/wp\/v2\/product\/240004","targetHints":{"allow":["GET"]}}],"collection":[{"href":"https:\/\/julity.com\/de\/wp-json\/wp\/v2\/product"}],"about":[{"href":"https:\/\/julity.com\/de\/wp-json\/wp\/v2\/types\/product"}],"replies":[{"embeddable":true,"href":"https:\/\/julity.com\/de\/wp-json\/wp\/v2\/comments?post=240004"}],"wp:featuredmedia":[{"embeddable":true,"href":"https:\/\/julity.com\/de\/wp-json\/wp\/v2\/media\/300709"}],"wp:attachment":[{"href":"https:\/\/julity.com\/de\/wp-json\/wp\/v2\/media?parent=240004"}],"wp:term":[{"taxonomy":"product_brand","embeddable":true,"href":"https:\/\/julity.com\/de\/wp-json\/wp\/v2\/product_brand?post=240004"},{"taxonomy":"product_cat","embeddable":true,"href":"https:\/\/julity.com\/de\/wp-json\/wp\/v2\/product_cat?post=240004"},{"taxonomy":"product_tag","embeddable":true,"href":"https:\/\/julity.com\/de\/wp-json\/wp\/v2\/product_tag?post=240004"}],"curies":[{"name":"wp","href":"https:\/\/api.w.org\/{rel}","templated":true}]}}