{"id":240006,"date":"2021-10-22T00:25:41","date_gmt":"2021-10-22T04:25:41","guid":{"rendered":"https:\/\/julity.com\/?post_type=product&#038;p=240006"},"modified":"2025-06-17T06:36:07","modified_gmt":"2025-06-17T13:36:07","slug":"personalized-family-tree-name-necklace-birthstone-necklace","status":"publish","type":"product","link":"https:\/\/julity.com\/de\/product\/personalized-family-tree-name-necklace-birthstone-necklace\/","title":{"rendered":"Personalisierte Stammbaum Name Halskette Geburtsstein Halskette"},"content":{"rendered":"<div class=\"item-attr-title\">\n<h3>Artikelspezifikationen:<\/h3>\n<\/div>\n<div>\n<table class=\"table table-striped\">\n<tbody>\n<tr>\n<th>Stil<\/th>\n<td>Kreis-Halskette<\/td>\n<\/tr>\n<tr>\n<th>Anh\u00e4ngergr\u00f6\u00dfe<\/th>\n<td>H\u00f6he: 25,5 mm (1 Zoll), Breite: 25,5 mm (1 Zoll), Geburtssteingr\u00f6\u00dfe: 2,5 mm (0,1 Zoll)<\/td>\n<\/tr>\n<tr>\n<th>Haken<\/th>\n<td>Einzelhaken<\/td>\n<\/tr>\n<tr>\n<th>Kettentyp<\/th>\n<td>Rolo Kette<\/td>\n<\/tr>\n<tr>\n<th>Material<\/th>\n<td>Sterling Silber 925<\/td>\n<\/tr>\n<tr>\n<th>Dicke<\/th>\n<td>4 MM (0,16 Zoll)<\/td>\n<\/tr>\n<\/tbody>\n<\/table>\n<p>Geburtsstein:<img decoding=\"async\" src=\"\/\/julity.com\/wp-content\/uploads\/2021\/10\/stone.jpg\" alt=\"\" \/><br \/>\n<!--StartFragment --><\/p>\n<div><\/div>\n<p>Honor your mother with this personalized mom??s heart necklace! This family can be engraved with the names and birthstones of all her children and gives her companionship wherever she goes. With personalized names of all her children engraved around the heart pendant, this necklace will make a meaningful gift for a mom to cherish forever! Customize the Mama necklace with your family names and show your mom how much you love her!<\/p>\n<\/div>","protected":false},"excerpt":{"rendered":"<p>Item specifics: Style Circle Necklace Pendant Size Height: 25.5MM(1INCH), Width: 25.5MM(1INCH), Birthstone Size: 2.5MM(0.1INCH) Hook Single Hook Chain type Rolo Chain Material Sterling Silver 925 Thickness 4MM(0.16INCH) Birthstone: Honor your mother with this personalized mom??s heart necklace! This family can be engraved with the names and birthstones of all her children and gives her companionship [&#8230;]","protected":false},"featured_media":240041,"comment_status":"open","ping_status":"closed","template":"","meta":[],"product_brand":[],"product_cat":[82,90,86,91,84],"product_tag":[125,114,119],"class_list":{"0":"post-240006","1":"product","2":"type-product","3":"status-publish","4":"has-post-thumbnail","6":"product_cat-18k-gold-plated","7":"product_cat-gifts-for-couples","8":"product_cat-gifts-for-mom","9":"product_cat-gifts-for-teens","10":"product_cat-new-arrivals","11":"product_tag-emailshow","12":"product_tag-new","13":"product_tag-new2021","14":"tm-has-options","16":"first","17":"instock","18":"sale","19":"shipping-taxable","20":"purchasable","21":"product-type-simple"},"_links":{"self":[{"href":"https:\/\/julity.com\/de\/wp-json\/wp\/v2\/product\/240006","targetHints":{"allow":["GET"]}}],"collection":[{"href":"https:\/\/julity.com\/de\/wp-json\/wp\/v2\/product"}],"about":[{"href":"https:\/\/julity.com\/de\/wp-json\/wp\/v2\/types\/product"}],"replies":[{"embeddable":true,"href":"https:\/\/julity.com\/de\/wp-json\/wp\/v2\/comments?post=240006"}],"wp:featuredmedia":[{"embeddable":true,"href":"https:\/\/julity.com\/de\/wp-json\/wp\/v2\/media\/240041"}],"wp:attachment":[{"href":"https:\/\/julity.com\/de\/wp-json\/wp\/v2\/media?parent=240006"}],"wp:term":[{"taxonomy":"product_brand","embeddable":true,"href":"https:\/\/julity.com\/de\/wp-json\/wp\/v2\/product_brand?post=240006"},{"taxonomy":"product_cat","embeddable":true,"href":"https:\/\/julity.com\/de\/wp-json\/wp\/v2\/product_cat?post=240006"},{"taxonomy":"product_tag","embeddable":true,"href":"https:\/\/julity.com\/de\/wp-json\/wp\/v2\/product_tag?post=240006"}],"curies":[{"name":"wp","href":"https:\/\/api.w.org\/{rel}","templated":true}]}}