{"id":300605,"date":"2023-02-24T22:34:54","date_gmt":"2023-02-25T05:34:54","guid":{"rendered":"https:\/\/julity.com\/?post_type=product&#038;p=300605"},"modified":"2023-10-11T02:39:52","modified_gmt":"2023-10-11T09:39:52","slug":"personalized-wave-925-silver-family-necklace","status":"publish","type":"product","link":"https:\/\/julity.com\/de\/product\/personalized-wave-925-silver-family-necklace\/","title":{"rendered":"Personalisierte Wave 925 Silber Familienkette"},"content":{"rendered":"<div class=\"item-attr-title\">\n<h3>Artikelspezifikationen:<\/h3>\n<\/div>\n<div>\n<table class=\"table table-striped\">\n<tbody>\n<tr>\n<th>Stil<\/th>\n<td>Familienkette<\/td>\n<\/tr>\n<tr>\n<th>Anh\u00e4ngergr\u00f6\u00dfe<\/th>\n<td>H\u00f6he: 25,5 mm (1 Zoll), Breite: 25,5 mm (1 Zoll), Geburtssteingr\u00f6\u00dfe: 2,5 mm (0,1 Zoll)<\/td>\n<\/tr>\n<tr>\n<th>Haken<\/th>\n<td>Einzelhaken<\/td>\n<\/tr>\n<tr>\n<th>Kettentyp<\/th>\n<td>Rolo Kette<\/td>\n<\/tr>\n<tr>\n<th>Kettenl\u00e4nge<\/th>\n<td>14&#8243;,16&#8243;,18&#8243;,20&#8243;,22&#8243;<\/td>\n<\/tr>\n<tr>\n<th>Material<\/th>\n<td>Sterling Silber 925<\/td>\n<\/tr>\n<tr>\n<th>Dicke<\/th>\n<td>4 MM (0,16 Zoll)<\/td>\n<\/tr>\n<\/tbody>\n<\/table>\n<p>Geburtsstein:<img decoding=\"async\" src=\"\/\/julity.com\/wp-content\/uploads\/2021\/10\/stone.jpg\" alt=\"\" \/><!--StartFragment --><\/p>\n<div><\/div>\n<p>professional jewelry gifts<\/p>\n<p>Our shop is dedicated to providing customers with unique and meaningful fashion jewelry and gifts. These include various pendant necklaces, bracelets, rings, birthstone jewelry, watches, wallets, keychains, etc.<br \/>\nOur products are backed by first-class customer support, unparalleled craftsmanship and quality to ensure you get the best jewelry gift.<br \/>\nWe have strict requirements on the quality of jewellery-necklaces with each name are 100% safe for sensitive skin, and are versatile and can be worn every day.<br \/>\nOur products will be updated at any time, there are gifts for mothers, gifts for fathers, Christmas gifts, birthday gifts, anniversary gifts, etc. to choose from.<\/p>\n<\/div>\n<p><em>Suitable for everyday wear<\/em><br \/>\n<img decoding=\"async\" src=\"https:\/\/julity.com\/wp-content\/uploads\/2023\/02\/wave1.jpg\" alt=\"\" \/><br \/>\nOur necklace can be customized with 2\/3\/4\/5 names and birthstones. It can be used as a gift to mother in any holiday and can be worn at any time.<\/p>\n<p><em>Geburtsstein<\/em><br \/>\n<img decoding=\"async\" src=\"https:\/\/julity.com\/wp-content\/uploads\/2023\/02\/wave2.jpg\" alt=\"\" \/><br \/>\nYou can choose gems of 12 colors, namely January, February, March, April, May, June, July, August, September, October, November and December.<\/p>\n<p><em>Exquisite box<\/em><br \/>\n<img decoding=\"async\" src=\"https:\/\/julity.com\/wp-content\/uploads\/2023\/02\/wave3.jpg\" alt=\"\" \/><br \/>\nIf no other packaging requirements are noted, you will receive 1 necklace, 1 flower box and 1 jewelry wipe flannel.<br \/>\n<!--more--><\/p>","protected":false},"excerpt":{"rendered":"<p>Item specifics: Style Family Necklace Pendant Size Height: 25.5MM(1INCH), Width: 25.5MM(1INCH), Birthstone Size: 2.5MM(0.1INCH) Hook Single Hook Chain type Rolo Chain Chain Length 14&#8243;,16&#8243;,18&#8243;,20&#8243;,22&#8243; Material Sterling Silver 925 Thickness 4MM(0.16INCH) Birthstone: professional jewelry gifts Our shop is dedicated to providing customers with unique and meaningful fashion jewelry and gifts. These include various pendant necklaces, bracelets, [&#8230;]","protected":false},"featured_media":300619,"comment_status":"open","ping_status":"closed","template":"","meta":[],"product_brand":[],"product_cat":[15],"product_tag":[125,114,119,124],"class_list":{"0":"post-300605","1":"product","2":"type-product","3":"status-publish","4":"has-post-thumbnail","6":"product_cat-uncategorized","7":"product_tag-emailshow","8":"product_tag-new","9":"product_tag-new2021","10":"product_tag-new2023","11":"tm-has-options","13":"first","14":"instock","15":"sale","16":"shipping-taxable","17":"purchasable","18":"product-type-simple"},"_links":{"self":[{"href":"https:\/\/julity.com\/de\/wp-json\/wp\/v2\/product\/300605","targetHints":{"allow":["GET"]}}],"collection":[{"href":"https:\/\/julity.com\/de\/wp-json\/wp\/v2\/product"}],"about":[{"href":"https:\/\/julity.com\/de\/wp-json\/wp\/v2\/types\/product"}],"replies":[{"embeddable":true,"href":"https:\/\/julity.com\/de\/wp-json\/wp\/v2\/comments?post=300605"}],"wp:featuredmedia":[{"embeddable":true,"href":"https:\/\/julity.com\/de\/wp-json\/wp\/v2\/media\/300619"}],"wp:attachment":[{"href":"https:\/\/julity.com\/de\/wp-json\/wp\/v2\/media?parent=300605"}],"wp:term":[{"taxonomy":"product_brand","embeddable":true,"href":"https:\/\/julity.com\/de\/wp-json\/wp\/v2\/product_brand?post=300605"},{"taxonomy":"product_cat","embeddable":true,"href":"https:\/\/julity.com\/de\/wp-json\/wp\/v2\/product_cat?post=300605"},{"taxonomy":"product_tag","embeddable":true,"href":"https:\/\/julity.com\/de\/wp-json\/wp\/v2\/product_tag?post=300605"}],"curies":[{"name":"wp","href":"https:\/\/api.w.org\/{rel}","templated":true}]}}