{"id":300610,"date":"2023-02-24T22:34:54","date_gmt":"2023-02-25T05:34:54","guid":{"rendered":"https:\/\/julity.com\/?post_type=product&#038;p=300610"},"modified":"2025-06-21T01:18:21","modified_gmt":"2025-06-21T08:18:21","slug":"custom-2-birthstone-mothers-necklace","status":"publish","type":"product","link":"https:\/\/julity.com\/de\/product\/custom-2-birthstone-mothers-necklace\/","title":{"rendered":"Halskette der benutzerdefinierten 2 Geburtsstein-Mutter"},"content":{"rendered":"<div class=\"item-attr-title\">\n<h3>Artikelspezifikationen:<\/h3>\n<\/div>\n<div>\n<table class=\"table table-striped\">\n<tbody>\n<tr>\n<th>Stil<\/th>\n<td> Herz Halskette<\/td>\n<\/tr>\n<tr>\n<th>Anh\u00e4ngergr\u00f6\u00dfe<\/th>\n<td>H\u00f6he: 25,5 mm (1 Zoll), Breite: 25,5 mm (1 Zoll), Geburtssteingr\u00f6\u00dfe: 2,5 mm (0,1 Zoll)<\/td>\n<\/tr>\n<tr>\n<th>Haken<\/th>\n<td>Einzelhaken<\/td>\n<\/tr>\n<tr>\n<th>Kettentyp<\/th>\n<td>Rolo Kette<\/td>\n<\/tr>\n<tr>\n<th>Material<\/th>\n<td>Sterling Silber 925<\/td>\n<\/tr>\n<tr>\n<th>Dicke<\/th>\n<td>4 MM (0,16 Zoll)<\/td>\n<\/tr>\n<\/tbody>\n<\/table>\n<p>Geburtsstein:<img decoding=\"async\" src=\"\/\/julity.com\/wp-content\/uploads\/2021\/10\/stone.jpg\" alt=\"\" \/><br \/>\n<!--StartFragment --><\/p>\n<div><\/div>\n<p>Gravierte Herzkette mit Geburtsstein \u2013 personalisiertes Geschenk f\u00fcr Sie. Diese wundersch\u00f6ne Geburtssteinkette enth\u00e4lt herzf\u00f6rmige Geburtssteine Ihrer Wahl, um Ihre Liebe zu symbolisieren. Sie k\u00f6nnen es personalisieren, indem Sie die Namen Ihrer Lieben eingravieren. Gravieren Sie bis zu 1\u20136 Namen zusammen mit 1\u20136 Geburtssteinen Ihrer Wahl in diesen personalisierten Schmuck. Die individuelle Halskette ist aus Sterlingsilber gefertigt. Die Halskette verf\u00fcgt \u00fcber ein hervorragendes Design und der Anh\u00e4nger ist in Herzform mit Geburtssteinen gestaltet und bietet einen erstaunlichen visuellen Effekt. Empf\u00e4nger: Mutter, Freundin, Ehefrau, Tochter. Geschenkart: Geburtsstein-Halsketten. Anl\u00e4sse: Muttertag, Valentinstag, Weihnachten, Geburtstag usw. Personalisierungstyp: Name, Nachricht, Datum. <\/p>","protected":false},"excerpt":{"rendered":"<p>Item specifics: Style Heart Necklace Pendant Size Height: 25.5MM(1INCH), Width: 25.5MM(1INCH), Birthstone Size: 2.5MM(0.1INCH) Hook Single Hook Chain type Rolo Chain Material Sterling Silver 925 Thickness 4MM(0.16INCH) Birthstone: Engraved Heart Necklace with Birthstone &#8211; Personalized Gift for Her. This lovely birthstone necklace features heart-shaped birthstones of your choice to symbolise your love. You may personalize [&#8230;]","protected":false},"featured_media":300671,"comment_status":"open","ping_status":"closed","template":"","meta":[],"product_brand":[],"product_cat":[15],"product_tag":[114,119,124],"class_list":{"0":"post-300610","1":"product","2":"type-product","3":"status-publish","4":"has-post-thumbnail","6":"product_cat-uncategorized","7":"product_tag-new","8":"product_tag-new2021","9":"product_tag-new2023","10":"tm-has-options","12":"first","13":"instock","14":"sale","15":"shipping-taxable","16":"purchasable","17":"product-type-simple"},"_links":{"self":[{"href":"https:\/\/julity.com\/de\/wp-json\/wp\/v2\/product\/300610","targetHints":{"allow":["GET"]}}],"collection":[{"href":"https:\/\/julity.com\/de\/wp-json\/wp\/v2\/product"}],"about":[{"href":"https:\/\/julity.com\/de\/wp-json\/wp\/v2\/types\/product"}],"replies":[{"embeddable":true,"href":"https:\/\/julity.com\/de\/wp-json\/wp\/v2\/comments?post=300610"}],"wp:featuredmedia":[{"embeddable":true,"href":"https:\/\/julity.com\/de\/wp-json\/wp\/v2\/media\/300671"}],"wp:attachment":[{"href":"https:\/\/julity.com\/de\/wp-json\/wp\/v2\/media?parent=300610"}],"wp:term":[{"taxonomy":"product_brand","embeddable":true,"href":"https:\/\/julity.com\/de\/wp-json\/wp\/v2\/product_brand?post=300610"},{"taxonomy":"product_cat","embeddable":true,"href":"https:\/\/julity.com\/de\/wp-json\/wp\/v2\/product_cat?post=300610"},{"taxonomy":"product_tag","embeddable":true,"href":"https:\/\/julity.com\/de\/wp-json\/wp\/v2\/product_tag?post=300610"}],"curies":[{"name":"wp","href":"https:\/\/api.w.org\/{rel}","templated":true}]}}