{"id":390334,"date":"2024-07-24T01:01:00","date_gmt":"2024-07-24T08:01:00","guid":{"rendered":"https:\/\/julity.com\/?post_type=product&#038;p=390334"},"modified":"2024-07-24T06:33:52","modified_gmt":"2024-07-24T13:33:52","slug":"name-bracelet-personalized-with-birthstone","status":"publish","type":"product","link":"https:\/\/julity.com\/de\/product\/name-bracelet-personalized-with-birthstone\/","title":{"rendered":"Sterling Silber 925 Namensarmband personalisiert mit Geburtsstein"},"content":{"rendered":"<p>Suchen Sie ein handgefertigtes, personalisiertes Geschenk f\u00fcr Ihre Lieben? Dieses minimalistische, zierliche, verstellbare Armband ist ein gro\u00dfartiges Geschenk, das Sie nirgendwo sonst so leicht finden k\u00f6nnen. Wir gravieren die Namen (S\u00e4tze, Initialen) Ihrer Lieben mit ihren Geburtssteinen ein. Es wird mit einer hochwertigen Kette und Swarovski-Geburtssteinen geliefert, die aus allen Winkeln strahlen. Dieses Armband ist ein ganz besonderes, einzigartiges Geschenk. Hergestellt aus Sterlingsilber 925 \u2013 speziell f\u00fcr Sie angefertigt, personalisieren Sie Ihre Wahl.<\/p>","protected":false},"excerpt":{"rendered":"<p>Are you looking for handmade personalized gift for your loved ones? This minimalist, dainty, adjustable bracelet is a great gift that you can&#8217;t find easily anywhere else. We will engrave names (phrases, initials) of your loved ones with their birthstones. It comes with a high quality chain and Swarovski birthstones which will shine from all [&#8230;]","protected":false},"featured_media":390336,"comment_status":"open","ping_status":"closed","template":"","meta":[],"product_brand":[],"product_cat":[82,95,86,99,101,84,81],"product_tag":[125,114,119],"class_list":{"0":"post-390334","1":"product","2":"type-product","3":"status-publish","4":"has-post-thumbnail","6":"product_cat-18k-gold-plated","7":"product_cat-gifts-for-grandmother","8":"product_cat-gifts-for-mom","9":"product_cat-mothers-bracelets","10":"product_cat-name-bracelets","11":"product_cat-new-arrivals","12":"product_cat-sterling-silver","13":"product_tag-emailshow","14":"product_tag-new","15":"product_tag-new2021","16":"tm-has-options","18":"first","19":"instock","20":"sale","21":"shipping-taxable","22":"purchasable","23":"product-type-simple"},"_links":{"self":[{"href":"https:\/\/julity.com\/de\/wp-json\/wp\/v2\/product\/390334","targetHints":{"allow":["GET"]}}],"collection":[{"href":"https:\/\/julity.com\/de\/wp-json\/wp\/v2\/product"}],"about":[{"href":"https:\/\/julity.com\/de\/wp-json\/wp\/v2\/types\/product"}],"replies":[{"embeddable":true,"href":"https:\/\/julity.com\/de\/wp-json\/wp\/v2\/comments?post=390334"}],"wp:featuredmedia":[{"embeddable":true,"href":"https:\/\/julity.com\/de\/wp-json\/wp\/v2\/media\/390336"}],"wp:attachment":[{"href":"https:\/\/julity.com\/de\/wp-json\/wp\/v2\/media?parent=390334"}],"wp:term":[{"taxonomy":"product_brand","embeddable":true,"href":"https:\/\/julity.com\/de\/wp-json\/wp\/v2\/product_brand?post=390334"},{"taxonomy":"product_cat","embeddable":true,"href":"https:\/\/julity.com\/de\/wp-json\/wp\/v2\/product_cat?post=390334"},{"taxonomy":"product_tag","embeddable":true,"href":"https:\/\/julity.com\/de\/wp-json\/wp\/v2\/product_tag?post=390334"}],"curies":[{"name":"wp","href":"https:\/\/api.w.org\/{rel}","templated":true}]}}