{"id":410610,"date":"2026-02-18T04:57:45","date_gmt":"2026-02-18T08:57:45","guid":{"rendered":"https:\/\/julity.com\/?post_type=product&#038;p=410610"},"modified":"2026-02-18T07:15:44","modified_gmt":"2026-02-18T11:15:44","slug":"personalized-sterling-silver-men-single-strand-thick-leather-bracelet-1","status":"publish","type":"product","link":"https:\/\/julity.com\/de\/product\/personalized-sterling-silver-men-single-strand-thick-leather-bracelet-1\/","title":{"rendered":"Personalisiertes Sterlingsilber-Herrenarmband aus dickem Leder"},"content":{"rendered":"<p>Dieses handgefertigte, personalisierte Armband besteht aus hochwertigem Leder und anpassbaren Silberperlen und ist ein einzigartiges und durchdachtes Geschenk f\u00fcr Ihren Ehepartner, einen Freund oder ein Familienmitglied. Dar\u00fcber hinaus sind dies wunderbare Geschenke f\u00fcr Geburtstage, Weihnachten, Valentinstag, Muttertag, Vatertag und andere besondere Anl\u00e4sse.<br \/>\nDieses personalisierte Armband besteht aus einem h\u00fcbsch geflochtenen Band, das mit einem stabilen Magnetverschluss befestigt wird.<\/p>\n<p>Individuelle Details machen das Herrenarmband mit kleinen benutzerdefinierten Perlen in Silber zu einem herausragenden Produkt. Dieses personalisierte Armband verf\u00fcgt \u00fcber ein h\u00fcbsch geflochtenes Band, das mit einem stabilen Silberverschluss befestigt wird. Die kreisf\u00f6rmigen Perlen sorgen f\u00fcr einen angenehmen Kontrast und werden auf Bestellung graviert. Dieses Armband besteht aus hochwertigen Komponenten wie Sterlingsilber. Es verf\u00fcgt \u00fcber:<\/p>\n<ul>\n<li>Material: Sterling Silber 0,925 Armband aus echtem Leder<\/li>\n<li>Perlengr\u00f6\u00dfe: 9,8 * 4,8 mm (0,38 * 0,18 Zoll)<\/li>\n<li>Perlendicke: 0,8 MM (0,03 ZOLL)<\/li>\n<li>Jede Perle kann mit einem benutzerdefinierten Namen graviert werden<\/li>\n<\/ul>\n<p><img decoding=\"async\" src=\"https:\/\/julity.com\/wp-content\/uploads\/2024\/05\/brace-szsie.jpg\" alt=\"size\" \/><\/p>","protected":false},"excerpt":{"rendered":"<p>This handmade personalized bracelet is made of high quality leather and customizable silver beads, making it a unique and thoughtful gift for your spouse, a friend, or a member of your family. Additionally, these are wonderful presents for birthdays, Christmas, Valentine&#8217;s Day, Mother&#8217;s Day, Father&#8217;s Day, and other special occasions. This personalized bracelet features a [&#8230;]","protected":false},"featured_media":390310,"comment_status":"open","ping_status":"closed","template":"","meta":[],"product_brand":[],"product_cat":[101],"product_tag":[115],"class_list":{"0":"post-410610","1":"product","2":"type-product","3":"status-publish","4":"has-post-thumbnail","6":"product_cat-name-bracelets","7":"product_tag-bracelets","8":"tm-no-options","10":"first","11":"instock","12":"sale","13":"shipping-taxable","14":"purchasable","15":"product-type-simple"},"_links":{"self":[{"href":"https:\/\/julity.com\/de\/wp-json\/wp\/v2\/product\/410610","targetHints":{"allow":["GET"]}}],"collection":[{"href":"https:\/\/julity.com\/de\/wp-json\/wp\/v2\/product"}],"about":[{"href":"https:\/\/julity.com\/de\/wp-json\/wp\/v2\/types\/product"}],"replies":[{"embeddable":true,"href":"https:\/\/julity.com\/de\/wp-json\/wp\/v2\/comments?post=410610"}],"wp:featuredmedia":[{"embeddable":true,"href":"https:\/\/julity.com\/de\/wp-json\/wp\/v2\/media\/390310"}],"wp:attachment":[{"href":"https:\/\/julity.com\/de\/wp-json\/wp\/v2\/media?parent=410610"}],"wp:term":[{"taxonomy":"product_brand","embeddable":true,"href":"https:\/\/julity.com\/de\/wp-json\/wp\/v2\/product_brand?post=410610"},{"taxonomy":"product_cat","embeddable":true,"href":"https:\/\/julity.com\/de\/wp-json\/wp\/v2\/product_cat?post=410610"},{"taxonomy":"product_tag","embeddable":true,"href":"https:\/\/julity.com\/de\/wp-json\/wp\/v2\/product_tag?post=410610"}],"curies":[{"name":"wp","href":"https:\/\/api.w.org\/{rel}","templated":true}]}}