{"id":553,"date":"2018-11-09T09:38:00","date_gmt":"2018-11-09T14:38:00","guid":{"rendered":"https:\/\/www.leryca.com\/product\/personalized-infinity-2-names-birthstone-necklace-in-gold\/"},"modified":"2020-05-19T04:44:19","modified_gmt":"2020-05-19T08:44:19","slug":"personalized-infinity-2-names-birthstone-necklace-in-gold","status":"publish","type":"product","link":"https:\/\/julity.com\/de\/product\/personalized-infinity-2-names-birthstone-necklace-in-gold\/","title":{"rendered":"Personalisierte Unendlichkeit 2 Namen Birthstone Halskette in Gold"},"content":{"rendered":"<p>Namensketten sind ein Muss f\u00fcr jede modische Frau. Sie haben ein lustiges und pers\u00f6nliches Gef\u00fchl. Dar\u00fcber hinaus sind Julity-Namensketten vielseitig genug f\u00fcr den Alltag. Ziehen Sie sie alleine an oder legen Sie sie f\u00fcr einen mutigeren Look auf. Je nachdem, welchen Stil Sie erhalten, k\u00f6nnen Sie Julity-St\u00fccke mit Initialen, einem Namen oder zwei Namen anpassen. Es gibt personalisierte Infinity-Halsketten, Retro-Typenschild-Halsketten und moderne Bar-Halsketten. Zus\u00e4tzlich zu Ihrem eigenen Namen k\u00f6nnen Sie auch den Namen eines Freundes, einer BFF, eines Haustieres, eines Elternteils oder sogar eines Lieblingsworts ermitteln, das Sie als Inspiration verwenden.<\/p>\n<div class=\"simple-video-replace\" style=\"display: none;\" data-slide=\"2\"><video preload=\"auto\" controls=\"controls\" width=\"500\" height=\"500\"><source src=\"https:\/\/videos.files.wordpress.com\/O02er3Gm\/infinity-2-Names-Birthstones-Necklace01_hd.mp4\" source=\"\" \/><\/video><\/div>","protected":false},"excerpt":{"rendered":"<p>Name necklaces are a must for every fashionable woman. They have a fun and personalized feel to them. In addition, julity name necklaces are versatile enough for everyday wear. Slip them on alone or layer them up for a bolder look. Depending on which style you get, you can customize julity pieces with initials, one [&#8230;]","protected":false},"featured_media":554,"comment_status":"open","ping_status":"closed","template":"","meta":[],"product_brand":[],"product_cat":[82,86,85,87,78],"product_tag":[],"class_list":{"0":"post-553","1":"product","2":"type-product","3":"status-publish","4":"has-post-thumbnail","6":"product_cat-18k-gold-plated","7":"product_cat-gifts-for-mom","8":"product_cat-gifts-for-your-love","9":"product_cat-infinity-name-necklaces","10":"product_cat-moms-necklaces","11":"tm-has-options","13":"first","14":"instock","15":"sale","16":"shipping-taxable","17":"purchasable","18":"product-type-simple"},"_links":{"self":[{"href":"https:\/\/julity.com\/de\/wp-json\/wp\/v2\/product\/553","targetHints":{"allow":["GET"]}}],"collection":[{"href":"https:\/\/julity.com\/de\/wp-json\/wp\/v2\/product"}],"about":[{"href":"https:\/\/julity.com\/de\/wp-json\/wp\/v2\/types\/product"}],"replies":[{"embeddable":true,"href":"https:\/\/julity.com\/de\/wp-json\/wp\/v2\/comments?post=553"}],"wp:featuredmedia":[{"embeddable":true,"href":"https:\/\/julity.com\/de\/wp-json\/wp\/v2\/media\/554"}],"wp:attachment":[{"href":"https:\/\/julity.com\/de\/wp-json\/wp\/v2\/media?parent=553"}],"wp:term":[{"taxonomy":"product_brand","embeddable":true,"href":"https:\/\/julity.com\/de\/wp-json\/wp\/v2\/product_brand?post=553"},{"taxonomy":"product_cat","embeddable":true,"href":"https:\/\/julity.com\/de\/wp-json\/wp\/v2\/product_cat?post=553"},{"taxonomy":"product_tag","embeddable":true,"href":"https:\/\/julity.com\/de\/wp-json\/wp\/v2\/product_tag?post=553"}],"curies":[{"name":"wp","href":"https:\/\/api.w.org\/{rel}","templated":true}]}}