{"id":632,"date":"2018-11-09T15:07:00","date_gmt":"2018-11-09T20:07:00","guid":{"rendered":"https:\/\/www.leryca.com\/product\/true-love-couples-heart-necklace-with-engraving-silver\/"},"modified":"2020-05-19T04:32:51","modified_gmt":"2020-05-19T08:32:51","slug":"true-love-couples-heart-necklace-with-engraving-silver","status":"publish","type":"product","link":"https:\/\/julity.com\/de\/product\/true-love-couples-heart-necklace-with-engraving-silver\/","title":{"rendered":"&quot;Wahre Liebe&quot; Paare Herz Halskette mit Gravur Silber"},"content":{"rendered":"<p>Verleihen Sie Ihrer Schmuckschatulle etwas ganz Besonderes mit den julity-gravierbaren Halsketten. Es gibt eine Vielzahl wundersch\u00f6ner Designs, die mit einem Namen, zwei Namen oder sogar inspirierenden W\u00f6rtern, die Sie lieben, individuell gestaltet werden k\u00f6nnen. julity bietet erschwinglichen gravierbaren Schmuck, der Ihr Budget nicht sprengt. Dar\u00fcber hinaus sind diese St\u00fccke sehr aufmerksame und gesch\u00e4tzte Geschenke f\u00fcr Freunde und Familie. Verschenken Sie sie an jemanden, der einen Geburtstag, eine Abschlussfeier, eine Babyparty oder ein Jubil\u00e4um feiert. Die Oberfl\u00e4chen sind wundersch\u00f6n poliert, so dass der Glanz, der von ihnen ausgeht, sehr intensiv ist. Es gibt alles von Halsketten mit Kreisanh\u00e4ngern und Doppelsteg-Halsketten bis hin zu Fu\u00dfabdruck-Halsketten und Charm-Halsketten f\u00fcr Kinder.<\/p>","protected":false},"excerpt":{"rendered":"<p>Add something extra special to your jewelry box with julity engravable necklaces. There are a plethora of gorgeous designs that can be customized with a name, two names, or even inspirational words that you love. julity provides affordable engravable jewelry that won\u2019t break the bank. In addition, these pieces make for very thoughtful and appreciated [&#8230;]","protected":false},"featured_media":633,"comment_status":"open","ping_status":"closed","template":"","meta":[],"product_brand":[],"product_cat":[90,85,94,78,81],"product_tag":[],"class_list":{"0":"post-632","1":"product","2":"type-product","3":"status-publish","4":"has-post-thumbnail","6":"product_cat-gifts-for-couples","7":"product_cat-gifts-for-your-love","8":"product_cat-heart-necklace","9":"product_cat-moms-necklaces","10":"product_cat-sterling-silver","11":"tm-has-options","13":"first","14":"instock","15":"sale","16":"shipping-taxable","17":"purchasable","18":"product-type-simple"},"_links":{"self":[{"href":"https:\/\/julity.com\/de\/wp-json\/wp\/v2\/product\/632","targetHints":{"allow":["GET"]}}],"collection":[{"href":"https:\/\/julity.com\/de\/wp-json\/wp\/v2\/product"}],"about":[{"href":"https:\/\/julity.com\/de\/wp-json\/wp\/v2\/types\/product"}],"replies":[{"embeddable":true,"href":"https:\/\/julity.com\/de\/wp-json\/wp\/v2\/comments?post=632"}],"wp:featuredmedia":[{"embeddable":true,"href":"https:\/\/julity.com\/de\/wp-json\/wp\/v2\/media\/633"}],"wp:attachment":[{"href":"https:\/\/julity.com\/de\/wp-json\/wp\/v2\/media?parent=632"}],"wp:term":[{"taxonomy":"product_brand","embeddable":true,"href":"https:\/\/julity.com\/de\/wp-json\/wp\/v2\/product_brand?post=632"},{"taxonomy":"product_cat","embeddable":true,"href":"https:\/\/julity.com\/de\/wp-json\/wp\/v2\/product_cat?post=632"},{"taxonomy":"product_tag","embeddable":true,"href":"https:\/\/julity.com\/de\/wp-json\/wp\/v2\/product_tag?post=632"}],"curies":[{"name":"wp","href":"https:\/\/api.w.org\/{rel}","templated":true}]}}