{"id":1864,"date":"2020-05-17T05:58:23","date_gmt":"2020-05-17T09:58:23","guid":{"rendered":"https:\/\/www.leryca.com\/?page_id=1864"},"modified":"2025-06-30T01:12:11","modified_gmt":"2025-06-30T08:12:11","slug":"return-and-cancellation-policy","status":"publish","type":"page","link":"https:\/\/julity.com\/es\/return-and-cancellation-policy\/","title":{"rendered":"POL\u00cdTICA DE DEVOLUCI\u00d3N Y CANCELACI\u00d3N"},"content":{"rendered":"<div class=\"wp-block-columns is-layout-flex wp-container-core-columns-is-layout-9d6595d7 wp-block-columns-is-layout-flex\">\n<div class=\"wp-block-column is-layout-flow wp-block-column-is-layout-flow\" style=\"flex-basis:100%\">\n<figure class=\"wp-block-table is-style-stripes\"><table><tbody><tr><td>POL\u00cdTICA DE DEVOLUCI\u00d3N Y CANCELACI\u00d3N<\/td><\/tr><tr><td>At julity&nbsp;we strive to make every piece of personalized jewelry as precious and beautiful as the moment it commemorates. If your item arrives damaged, incorrectly designed, or is simply not what you expected, please&nbsp;let us know immediately&nbsp;and we\u2019ll do our utmost to recreate it to your full satisfaction. To get in touch concerning a return or cancellation, please email us&nbsp;here.<br><br><strong>POL\u00cdTICA DE DEVOLUCIONES<\/strong><br><br>Los art\u00edculos solo se pueden devolver de forma gratuita dentro de los 60 d\u00edas posteriores a la compra despu\u00e9s de coordinar con nuestro equipo de Servicio al Cliente. Las devoluciones no coordinadas est\u00e1n sujetas a una tarifa de reposici\u00f3n.<br><br><strong>POL\u00cdTICA DE CANCELACI\u00d3N<\/strong><br><br>Si bien comenzamos el proceso de producci\u00f3n de sus art\u00edculos personalizados tan pronto como env\u00ede un pedido, respetamos su deseo de cancelar y lo ayudaremos con su cancelaci\u00f3n sin cargo adicional. En tales casos, por favor notif\u00edquenos lo antes posible.<br>julity reserves the right to make any amendments to this policy at any time. Notification of any changes will be published on this page. If you have any inquiries regarding cancellations or any of our other policies please&nbsp;contact our Customer Service Representatives.<\/td><\/tr><\/tbody><\/table><\/figure>\n<\/div>\n<\/div>","protected":false},"excerpt":{"rendered":"<p>RETURN AND CANCELLATION POLICY At julity&nbsp;we strive to make every piece of personalized jewelry as precious and beautiful as the moment it commemorates. If your item arrives damaged, incorrectly designed, or is simply not what you expected, please&nbsp;let us know immediately&nbsp;and we\u2019ll do our utmost to recreate it to your full satisfaction. To get in [&#8230;]","protected":false},"author":1,"featured_media":0,"parent":0,"menu_order":0,"comment_status":"closed","ping_status":"closed","template":"","meta":{"footnotes":""},"class_list":["post-1864","page","type-page","status-publish","hentry"],"_links":{"self":[{"href":"https:\/\/julity.com\/es\/wp-json\/wp\/v2\/pages\/1864","targetHints":{"allow":["GET"]}}],"collection":[{"href":"https:\/\/julity.com\/es\/wp-json\/wp\/v2\/pages"}],"about":[{"href":"https:\/\/julity.com\/es\/wp-json\/wp\/v2\/types\/page"}],"author":[{"embeddable":true,"href":"https:\/\/julity.com\/es\/wp-json\/wp\/v2\/users\/1"}],"replies":[{"embeddable":true,"href":"https:\/\/julity.com\/es\/wp-json\/wp\/v2\/comments?post=1864"}],"version-history":[{"count":1,"href":"https:\/\/julity.com\/es\/wp-json\/wp\/v2\/pages\/1864\/revisions"}],"predecessor-version":[{"id":410180,"href":"https:\/\/julity.com\/es\/wp-json\/wp\/v2\/pages\/1864\/revisions\/410180"}],"wp:attachment":[{"href":"https:\/\/julity.com\/es\/wp-json\/wp\/v2\/media?parent=1864"}],"curies":[{"name":"wp","href":"https:\/\/api.w.org\/{rel}","templated":true}]}}