{"id":1048,"date":"2018-11-14T01:28:00","date_gmt":"2018-11-14T06:28:00","guid":{"rendered":"https:\/\/www.leryca.com\/product\/womens-heart-photo-engraved-tag-necklace-with-engraving-stainless-steel\/"},"modified":"2020-05-19T04:37:14","modified_gmt":"2020-05-19T08:37:14","slug":"womens-heart-photo-engraved-tag-necklace-with-engraving-stainless-steel","status":"publish","type":"product","link":"https:\/\/julity.com\/es\/product\/womens-heart-photo-engraved-tag-necklace-with-engraving-stainless-steel\/","title":{"rendered":"Collar de etiqueta con foto de coraz\u00f3n grabado para mujer con acero inoxidable grabado"},"content":{"rendered":"<p>Viste tu atuendo con un fabuloso collar con dijes de Julity. Hay tantas opciones prefabricadas diferentes para elegir, sin embargo, tambi\u00e9n hay muchas formas de crear sus propias piezas personalizadas. Para algo m\u00e1s especial, los collares y relicarios con dijes fotogr\u00e1ficos julity le permiten agregar recuerdos fotogr\u00e1ficos que querr\u00e1 tener cerca de su coraz\u00f3n. Tambi\u00e9n tiene la opci\u00f3n de pedir cadenas simples y dijes por separado para que pueda cambiar su collar cuando lo desee. Use collares con uno o m\u00e1s amuletos dependiendo de su estado de \u00e1nimo de moda para el d\u00eda. Tambi\u00e9n puedes regalarle a un fan\u00e1tico de las joyas en tu vida una variedad de cadenas para que tengan algo en lo que deslizar sus amuletos cuando no quieran usarlos en pulseras.<\/p>","protected":false},"excerpt":{"rendered":"<p>Dress up your outfit with a fabulous charm necklace by julity. There are so many different pre-made options to select from, however there are also many ways to create your own customized pieces. For something extra special, julity photo charm necklaces and lockets allow you to add in photo memories that you will want to [&#8230;]","protected":false},"featured_media":1049,"comment_status":"open","ping_status":"closed","template":"","meta":[],"product_brand":[],"product_cat":[86,88,111],"product_tag":[],"class_list":{"0":"post-1048","1":"product","2":"type-product","3":"status-publish","4":"has-post-thumbnail","6":"product_cat-gifts-for-mom","7":"product_cat-gifts-for-new-mom","8":"product_cat-photo-necklaces","9":"tm-has-options","11":"first","12":"instock","13":"sale","14":"shipping-taxable","15":"purchasable","16":"product-type-simple"},"_links":{"self":[{"href":"https:\/\/julity.com\/es\/wp-json\/wp\/v2\/product\/1048","targetHints":{"allow":["GET"]}}],"collection":[{"href":"https:\/\/julity.com\/es\/wp-json\/wp\/v2\/product"}],"about":[{"href":"https:\/\/julity.com\/es\/wp-json\/wp\/v2\/types\/product"}],"replies":[{"embeddable":true,"href":"https:\/\/julity.com\/es\/wp-json\/wp\/v2\/comments?post=1048"}],"wp:featuredmedia":[{"embeddable":true,"href":"https:\/\/julity.com\/es\/wp-json\/wp\/v2\/media\/1049"}],"wp:attachment":[{"href":"https:\/\/julity.com\/es\/wp-json\/wp\/v2\/media?parent=1048"}],"wp:term":[{"taxonomy":"product_brand","embeddable":true,"href":"https:\/\/julity.com\/es\/wp-json\/wp\/v2\/product_brand?post=1048"},{"taxonomy":"product_cat","embeddable":true,"href":"https:\/\/julity.com\/es\/wp-json\/wp\/v2\/product_cat?post=1048"},{"taxonomy":"product_tag","embeddable":true,"href":"https:\/\/julity.com\/es\/wp-json\/wp\/v2\/product_tag?post=1048"}],"curies":[{"name":"wp","href":"https:\/\/api.w.org\/{rel}","templated":true}]}}