{"id":1102,"date":"2018-11-14T02:04:00","date_gmt":"2018-11-14T07:04:00","guid":{"rendered":"https:\/\/www.leryca.com\/product\/womens-photo-watch-pink-leather-strap\/"},"modified":"2020-05-19T04:34:02","modified_gmt":"2020-05-19T08:34:02","slug":"womens-photo-watch-pink-leather-strap","status":"publish","type":"product","link":"https:\/\/julity.com\/es\/product\/womens-photo-watch-pink-leather-strap\/","title":{"rendered":"Reloj fotogr\u00e1fico para mujer correa de cuero rosa"},"content":{"rendered":"<p>Caja del reloj: aleaci\u00f3n especial y vidrio, di\u00e1metro exterior 1.57 in \/ 4.0 cm<br \/>\nCorrea de reloj: aleaci\u00f3n especial, 7.8 pulgadas \/ 20 cm de longitud, 0.7 pulgadas \/ 1.8 cm de ancho.<br \/>\nSorprenda a su ser querido con un reloj fotogr\u00e1fico personalizado que est\u00e1 hecho a medida para adaptarse a cualquier personalidad. La imagen del dise\u00f1o se imprime directamente en el interior de la superficie del reloj. Una vez que realice un pedido, podr\u00e1 obtener una vista previa de c\u00f3mo aparecer\u00e1 en el reloj. Recuerde que la imagen de alta resoluci\u00f3n saldr\u00e1 mejor que la vista previa. Este reloj de fotos personalizado no se puede reembolsar una vez que comenzamos el proceso de creaci\u00f3n. Un reloj fotogr\u00e1fico personalizado siempre es un gran regalo y nunca pasar\u00e1 de moda. \u00a1Compre el suyo hoy!<\/p>\n<div class=\"simple-video-replace\" style=\"display: none;\" data-slide=\"4\"><video preload=\"auto\" controls=\"controls\" width=\"500\" height=\"500\"><source src=\"https:\/\/videos.files.wordpress.com\/XgfHkPvb\/39215308772374322_n-1_hd.mp4\" source=\"\" \/><\/video><\/div>","protected":false},"excerpt":{"rendered":"<p>Watch Case: Special Alloy and Glass, Outside Diameter 1.57 in\/4.0 cm Watch Band: Special Alloy, 7.8 in\/20 cm in Length, 0.7 in\/1.8 cm in Width. Surprise your loved one with a custom photo watch which is purely custom made to fit any personality. The image of design is directly printed onto the inside of watch [&#8230;]","protected":false},"featured_media":1103,"comment_status":"open","ping_status":"closed","template":"","meta":[],"product_brand":[],"product_cat":[86,88,112],"product_tag":[],"class_list":{"0":"post-1102","1":"product","2":"type-product","3":"status-publish","4":"has-post-thumbnail","6":"product_cat-gifts-for-mom","7":"product_cat-gifts-for-new-mom","8":"product_cat-photo-watches","9":"tm-no-options","11":"first","12":"instock","13":"sale","14":"shipping-taxable","15":"purchasable","16":"product-type-simple"},"_links":{"self":[{"href":"https:\/\/julity.com\/es\/wp-json\/wp\/v2\/product\/1102","targetHints":{"allow":["GET"]}}],"collection":[{"href":"https:\/\/julity.com\/es\/wp-json\/wp\/v2\/product"}],"about":[{"href":"https:\/\/julity.com\/es\/wp-json\/wp\/v2\/types\/product"}],"replies":[{"embeddable":true,"href":"https:\/\/julity.com\/es\/wp-json\/wp\/v2\/comments?post=1102"}],"wp:featuredmedia":[{"embeddable":true,"href":"https:\/\/julity.com\/es\/wp-json\/wp\/v2\/media\/1103"}],"wp:attachment":[{"href":"https:\/\/julity.com\/es\/wp-json\/wp\/v2\/media?parent=1102"}],"wp:term":[{"taxonomy":"product_brand","embeddable":true,"href":"https:\/\/julity.com\/es\/wp-json\/wp\/v2\/product_brand?post=1102"},{"taxonomy":"product_cat","embeddable":true,"href":"https:\/\/julity.com\/es\/wp-json\/wp\/v2\/product_cat?post=1102"},{"taxonomy":"product_tag","embeddable":true,"href":"https:\/\/julity.com\/es\/wp-json\/wp\/v2\/product_tag?post=1102"}],"curies":[{"name":"wp","href":"https:\/\/api.w.org\/{rel}","templated":true}]}}