{"id":1247,"date":"2019-01-12T00:40:00","date_gmt":"2019-01-12T05:40:00","guid":{"rendered":"https:\/\/www.leryca.com\/product\/key-to-my-heart-name-pendant-set-for-couple-sterling-silver-925\/"},"modified":"2020-05-19T04:28:17","modified_gmt":"2020-05-19T08:28:17","slug":"key-to-my-heart-name-pendant-set-for-couple-sterling-silver-925","status":"publish","type":"product","link":"https:\/\/julity.com\/es\/product\/key-to-my-heart-name-pendant-set-for-couple-sterling-silver-925\/","title":{"rendered":"Juego de colgante con el nombre de la llave de mi coraz\u00f3n para pareja Plata de ley 925"},"content":{"rendered":"<p><b>Regalo para \u00e9l y para ella<\/b>\u00a0- Juego de colgante con nombre de la llave de mi coraz\u00f3n para pareja - \u00bfQui\u00e9n tiene la llave de tu coraz\u00f3n? \u00a1Mu\u00e9strale al mundo cu\u00e1nto se aman con este collar \u00fanico para parejas! Nuestro collar se puede personalizar con sus nombres y piedras de nacimiento. Elija 2 nombres, hasta 12 letras cada uno, y las piedras de nacimiento correspondientes. El collar viene en su propia caja de regalo, listo para ser presentado como un regalo encantador. Ahora que ha descubierto la clave y el estilo de coraz\u00f3n y el sentimiento que la hace sonre\u00edr, no se pierda estas joyas personalizadas \u00fanicas.<\/p>","protected":false},"excerpt":{"rendered":"<p>Gift For Him &amp; Her\u00a0&#8211; Key to My Heart Name Pendant Set For Couple &#8211; Who has the key to your heart? Show the world how much you love each other with this unique\u00a0couple necklace! Our\u00a0necklace can be personalized\u00a0with his &amp; hers names and birthstones. Choose 2 names, up to 12 letters each, and corresponding [&#8230;]","protected":false},"featured_media":1248,"comment_status":"open","ping_status":"closed","template":"","meta":[],"product_brand":[],"product_cat":[90,102,85,94,81],"product_tag":[],"class_list":{"0":"post-1247","1":"product","2":"type-product","3":"status-publish","4":"has-post-thumbnail","6":"product_cat-gifts-for-couples","7":"product_cat-gifts-for-him","8":"product_cat-gifts-for-your-love","9":"product_cat-heart-necklace","10":"product_cat-sterling-silver","11":"tm-has-options","13":"first","14":"instock","15":"sale","16":"shipping-taxable","17":"purchasable","18":"product-type-simple"},"_links":{"self":[{"href":"https:\/\/julity.com\/es\/wp-json\/wp\/v2\/product\/1247","targetHints":{"allow":["GET"]}}],"collection":[{"href":"https:\/\/julity.com\/es\/wp-json\/wp\/v2\/product"}],"about":[{"href":"https:\/\/julity.com\/es\/wp-json\/wp\/v2\/types\/product"}],"replies":[{"embeddable":true,"href":"https:\/\/julity.com\/es\/wp-json\/wp\/v2\/comments?post=1247"}],"wp:featuredmedia":[{"embeddable":true,"href":"https:\/\/julity.com\/es\/wp-json\/wp\/v2\/media\/1248"}],"wp:attachment":[{"href":"https:\/\/julity.com\/es\/wp-json\/wp\/v2\/media?parent=1247"}],"wp:term":[{"taxonomy":"product_brand","embeddable":true,"href":"https:\/\/julity.com\/es\/wp-json\/wp\/v2\/product_brand?post=1247"},{"taxonomy":"product_cat","embeddable":true,"href":"https:\/\/julity.com\/es\/wp-json\/wp\/v2\/product_cat?post=1247"},{"taxonomy":"product_tag","embeddable":true,"href":"https:\/\/julity.com\/es\/wp-json\/wp\/v2\/product_tag?post=1247"}],"curies":[{"name":"wp","href":"https:\/\/api.w.org\/{rel}","templated":true}]}}