{"id":130046,"date":"2021-01-23T12:14:49","date_gmt":"2021-01-23T11:14:49","guid":{"rendered":"https:\/\/www.heagift.com\/product\/import-placeholder-for-1294\/"},"modified":"2024-10-06T23:54:29","modified_gmt":"2024-10-07T06:54:29","slug":"personalized-sterling-silver-men-leather-black-bracelet","status":"publish","type":"product","link":"https:\/\/julity.com\/es\/product\/personalized-sterling-silver-men-leather-black-bracelet\/","title":{"rendered":"Pulsera de plata de ley personalizada para hombre en cuero negro"},"content":{"rendered":"<p>Los detalles personalizados hacen que la pulsera para hombre con cuentas peque\u00f1as personalizadas en plata se destaque. Esta pulsera personalizada presenta una hermosa banda trenzada que se abrocha con un resistente broche de plata. Las cuentas circulares a\u00f1aden un agradable contraste y est\u00e1n grabadas bajo pedido. Esta pulsera est\u00e1 hecha con componentes de calidad que incluyen plata de ley. Cuenta con:<\/p>\n<ul>\n<li>Material: pulsera trenzada de cuero genuino 0.925 de plata esterlina<\/li>\n<li>Tama\u00f1o de la cuenta: 9,8 * 4,8 MM (0,38 * 0,18 pulgadas) <\/li>\n<li>Espesor de cuentas: 0,8 mm (0,03 pulgadas)<\/li>\n<li>Per\u00edmetro de la pulsera: ajustable - 60 cm (24 pulgadas)<\/li>\n<li>La cadena se puede cambiar de tama\u00f1o y la interfaz se asegura con un bot\u00f3n plateado.<\/li>\n<li>Cada cuenta se puede grabar con un nombre personalizado<\/li>\n<\/ul>","protected":false},"excerpt":{"rendered":"<p>Customized details make the Men Bracelet with Small Custom Beads in Silver a standout. This personalized bracelet features a handsomely braided band that fastens with a sturdy silver clasp. The circular beads add pleasing contrast, and are engraved to order. This bracelet is made with quality components including sterling silver. It features: Material: Sterling Silver [&#8230;]","protected":false},"featured_media":130050,"comment_status":"open","ping_status":"closed","template":"","meta":[],"product_brand":[],"product_cat":[101],"product_tag":[115,117],"class_list":{"0":"post-130046","1":"product","2":"type-product","3":"status-publish","4":"has-post-thumbnail","6":"product_cat-name-bracelets","7":"product_tag-bracelets","8":"product_tag-fathergift","9":"tm-has-options","11":"first","12":"instock","13":"sale","14":"shipping-taxable","15":"purchasable","16":"product-type-simple"},"_links":{"self":[{"href":"https:\/\/julity.com\/es\/wp-json\/wp\/v2\/product\/130046","targetHints":{"allow":["GET"]}}],"collection":[{"href":"https:\/\/julity.com\/es\/wp-json\/wp\/v2\/product"}],"about":[{"href":"https:\/\/julity.com\/es\/wp-json\/wp\/v2\/types\/product"}],"replies":[{"embeddable":true,"href":"https:\/\/julity.com\/es\/wp-json\/wp\/v2\/comments?post=130046"}],"wp:featuredmedia":[{"embeddable":true,"href":"https:\/\/julity.com\/es\/wp-json\/wp\/v2\/media\/130050"}],"wp:attachment":[{"href":"https:\/\/julity.com\/es\/wp-json\/wp\/v2\/media?parent=130046"}],"wp:term":[{"taxonomy":"product_brand","embeddable":true,"href":"https:\/\/julity.com\/es\/wp-json\/wp\/v2\/product_brand?post=130046"},{"taxonomy":"product_cat","embeddable":true,"href":"https:\/\/julity.com\/es\/wp-json\/wp\/v2\/product_cat?post=130046"},{"taxonomy":"product_tag","embeddable":true,"href":"https:\/\/julity.com\/es\/wp-json\/wp\/v2\/product_tag?post=130046"}],"curies":[{"name":"wp","href":"https:\/\/api.w.org\/{rel}","templated":true}]}}