{"id":130047,"date":"2021-01-23T12:14:49","date_gmt":"2021-01-23T11:14:49","guid":{"rendered":"https:\/\/www.heagift.com\/product\/import-placeholder-for-2176\/"},"modified":"2021-11-26T01:02:57","modified_gmt":"2021-11-26T05:02:57","slug":"engraved-small-gold-women-beads","status":"publish","type":"product","link":"https:\/\/julity.com\/es\/product\/engraved-small-gold-women-beads\/","title":{"rendered":"Cuentas de mujer peque\u00f1as grabadas en oro"},"content":{"rendered":"<p>Las pulseras con nombre son vanguardistas y una excelente manera de mostrar algo personal y \u00fanico. Tenga en cuenta que no es necesario que personalice las pulseras coutumecollier con un nombre. Tambi\u00e9n puedes escribir una palabra favorita para inspirarte a lo largo del d\u00eda. Adem\u00e1s de los acabados plateados, tambi\u00e9n est\u00e1n disponibles las opciones de oro amarillo y oro rosa. Mezcle y combine metales para crear su propia creaci\u00f3n apilada \u00fanica y colorida. Las pulseras con nombre como esta tambi\u00e9n ser\u00edan fant\u00e1sticas opciones de regalos para amigos y familiares en su vida. Compre a trav\u00e9s de todo, desde pulseras con dije de nombre y pulseras con placa de identificaci\u00f3n hasta brazaletes con nombre y pulseras con nombre ajustable.<\/p>","protected":false},"excerpt":{"rendered":"<p>Name bracelets are fashion forward and a great way to show off something personal and unique. Keep in mind, you don&#8217;t have to customize coutumecollier bracelets with a name. You could also get a favorite word on it to bring you some inspiration throughout the day. In addition to silver finishes, yellow gold and rose [&#8230;]","protected":false},"featured_media":130054,"comment_status":"closed","ping_status":"closed","template":"","meta":[],"product_brand":[],"product_cat":[82,90,86,91,103,101,84],"product_tag":[115],"class_list":{"0":"post-130047","1":"product","2":"type-product","3":"status-publish","4":"has-post-thumbnail","6":"product_cat-18k-gold-plated","7":"product_cat-gifts-for-couples","8":"product_cat-gifts-for-mom","9":"product_cat-gifts-for-teens","10":"product_cat-love-bracelets","11":"product_cat-name-bracelets","12":"product_cat-new-arrivals","13":"product_tag-bracelets","14":"tm-has-options","16":"first","17":"instock","18":"sale","19":"shipping-taxable","20":"purchasable","21":"product-type-simple"},"_links":{"self":[{"href":"https:\/\/julity.com\/es\/wp-json\/wp\/v2\/product\/130047","targetHints":{"allow":["GET"]}}],"collection":[{"href":"https:\/\/julity.com\/es\/wp-json\/wp\/v2\/product"}],"about":[{"href":"https:\/\/julity.com\/es\/wp-json\/wp\/v2\/types\/product"}],"replies":[{"embeddable":true,"href":"https:\/\/julity.com\/es\/wp-json\/wp\/v2\/comments?post=130047"}],"wp:featuredmedia":[{"embeddable":true,"href":"https:\/\/julity.com\/es\/wp-json\/wp\/v2\/media\/130054"}],"wp:attachment":[{"href":"https:\/\/julity.com\/es\/wp-json\/wp\/v2\/media?parent=130047"}],"wp:term":[{"taxonomy":"product_brand","embeddable":true,"href":"https:\/\/julity.com\/es\/wp-json\/wp\/v2\/product_brand?post=130047"},{"taxonomy":"product_cat","embeddable":true,"href":"https:\/\/julity.com\/es\/wp-json\/wp\/v2\/product_cat?post=130047"},{"taxonomy":"product_tag","embeddable":true,"href":"https:\/\/julity.com\/es\/wp-json\/wp\/v2\/product_tag?post=130047"}],"curies":[{"name":"wp","href":"https:\/\/api.w.org\/{rel}","templated":true}]}}