{"id":1793,"date":"2020-05-14T12:01:22","date_gmt":"2020-05-14T16:01:22","guid":{"rendered":"https:\/\/www.leryca.com\/?post_type=product&#038;p=1793"},"modified":"2021-11-26T01:03:22","modified_gmt":"2021-11-26T05:03:22","slug":"personalized-1-13-names-family-tree-necklace","status":"publish","type":"product","link":"https:\/\/julity.com\/es\/product\/personalized-1-13-names-family-tree-necklace\/","title":{"rendered":"Collar personalizado del \u00e1rbol geneal\u00f3gico de 1-13 nombres"},"content":{"rendered":"<div class=\"item-attr-title\">\n<h3>Caracter\u00edsticas del art\u00edculo:<\/h3>\n<\/div>\n<div>\n<table class=\"table table-striped\">\n<tbody>\n<tr>\n<th>Estilo<\/th>\n<td>Collar de \u00e1rbol geneal\u00f3gico<\/td>\n<\/tr>\n<tr>\n<th>Tama\u00f1o Colgante<\/th>\n<td>Di\u00e1metro del disco: 33MM (1.2INCH)<\/td>\n<\/tr>\n<tr>\n<th>Gancho<\/th>\n<td>Gancho simple<\/td>\n<\/tr>\n<tr>\n<th>Tipo de cadena<\/th>\n<td>Cadena Rolo<\/td>\n<\/tr>\n<tr>\n<th>Longitud de la cadena<\/th>\n<td>14&#8243;,16&#8243;,18&#8243;,20&#8243;,22&#8243;<\/td>\n<\/tr>\n<tr>\n<th>Material<\/th>\n<td>Plata de Ley 925 \/ Acero Inoxidable<\/td>\n<\/tr>\n<\/tbody>\n<\/table>\n<p>El \u00e1rbol es el s\u00edmbolo permanente de la vida y el amor se extiende en las familias. El collar del \u00e1rbol geneal\u00f3gico representa el amor inquebrantable y la conexi\u00f3n entre la familia, al igual que un \u00e1rbol y su rama en crecimiento. Este collar de 1-13 nombres proporciona la mejor manera de mostrar su amor a todos los miembros de su familia o amigos. Joyas familiares perfectas para mam\u00e1 y abuela con significado conmemorativo y sentimental. Ser\u00e1n tocados al mantener a toda la familia cerrada y unida.<\/p>\n<\/div>","protected":false},"excerpt":{"rendered":"<p>Item specifics: Style Family Tree Necklace Pendant Size Disc Diameter: 33MM(1.2INCH) Hook Single Hook Chain type Rolo Chain Chain Length 14&#8243;,16&#8243;,18&#8243;,20&#8243;,22&#8243; Material Sterling Silver 925\/Stainless Steel The tree is the permanent symbol of life and love extend in families. The family tree necklace represents the unshaken love and connection between family, just like a tree [&#8230;]","protected":false},"featured_media":1794,"comment_status":"open","ping_status":"closed","template":"","meta":[],"product_brand":[],"product_cat":[78],"product_tag":[],"class_list":{"0":"post-1793","1":"product","2":"type-product","3":"status-publish","4":"has-post-thumbnail","6":"product_cat-moms-necklaces","7":"tm-has-options","9":"first","10":"instock","11":"sale","12":"shipping-taxable","13":"purchasable","14":"product-type-simple"},"_links":{"self":[{"href":"https:\/\/julity.com\/es\/wp-json\/wp\/v2\/product\/1793","targetHints":{"allow":["GET"]}}],"collection":[{"href":"https:\/\/julity.com\/es\/wp-json\/wp\/v2\/product"}],"about":[{"href":"https:\/\/julity.com\/es\/wp-json\/wp\/v2\/types\/product"}],"replies":[{"embeddable":true,"href":"https:\/\/julity.com\/es\/wp-json\/wp\/v2\/comments?post=1793"}],"wp:featuredmedia":[{"embeddable":true,"href":"https:\/\/julity.com\/es\/wp-json\/wp\/v2\/media\/1794"}],"wp:attachment":[{"href":"https:\/\/julity.com\/es\/wp-json\/wp\/v2\/media?parent=1793"}],"wp:term":[{"taxonomy":"product_brand","embeddable":true,"href":"https:\/\/julity.com\/es\/wp-json\/wp\/v2\/product_brand?post=1793"},{"taxonomy":"product_cat","embeddable":true,"href":"https:\/\/julity.com\/es\/wp-json\/wp\/v2\/product_cat?post=1793"},{"taxonomy":"product_tag","embeddable":true,"href":"https:\/\/julity.com\/es\/wp-json\/wp\/v2\/product_tag?post=1793"}],"curies":[{"name":"wp","href":"https:\/\/api.w.org\/{rel}","templated":true}]}}