{"id":1814,"date":"2020-05-17T03:55:31","date_gmt":"2020-05-17T07:55:31","guid":{"rendered":"https:\/\/www.leryca.com\/?post_type=product&#038;p=1814"},"modified":"2021-11-26T01:03:21","modified_gmt":"2021-11-26T05:03:21","slug":"personalized-intertwined-hearts-necklace-with-birthstone","status":"publish","type":"product","link":"https:\/\/julity.com\/es\/product\/personalized-intertwined-hearts-necklace-with-birthstone\/","title":{"rendered":"Collar personalizado de corazones entrelazados con piedra de nacimiento"},"content":{"rendered":"<div class=\"item-attr-title\">\n<h3>Caracter\u00edsticas del art\u00edculo:<\/h3>\n<\/div>\n<div>\n<table class=\"table table-striped\">\n<tbody>\n<tr>\n<th>Estilo<\/th>\n<td>Collar personalizado<\/td>\n<\/tr>\n<tr>\n<th>Gancho<\/th>\n<td>Gancho simple \/ Ganchos dobles<\/td>\n<\/tr>\n<tr>\n<th>Tipo de cadena<\/th>\n<td>Cadena Rolo<\/td>\n<\/tr>\n<tr>\n<th>Longitud de la cadena<\/th>\n<td>14&#8243;,16&#8243;,18&#8243;,20&#8243;,22&#8243;<\/td>\n<\/tr>\n<tr>\n<th>Material<\/th>\n<td>Plata de ley 925<\/td>\n<\/tr>\n<\/tbody>\n<\/table>\n<p>Creado en plata esterlina, este encantador collar de coraz\u00f3n entrelazado puede agregar un toque especial de amor a tu look. Los corazones se entrelazan entre s\u00ed y est\u00e1n adornados con detalles y brillantes piedras de nacimiento. Elija el nombre y la piedra de nacimiento para cada coraz\u00f3n para una apariencia completamente \u00fanica. Es un regalo perfecto para su esposa, novia, una madre que puede mantener a sus seres queridos cerca de ella, incluso cuando est\u00e1n lejos. \u00a1Haz que su d\u00eda sea especial con este collar de corazones personalizado!<\/p>\n<\/div>","protected":false},"excerpt":{"rendered":"<p>Item specifics: Style Personalized Necklace Hook Single Hook\/Double Hooks Chain type Rolo Chain Chain Length 14&#8243;,16&#8243;,18&#8243;,20&#8243;,22&#8243; Material Sterling Silver 925 Created in sterling silver, this charming intertwined heart necklace can add a special touch of love to your look. The hearts interlock with each other and each adorned with detailing and shimmering birthstone. Choose the [&#8230;]","protected":false},"featured_media":1815,"comment_status":"open","ping_status":"closed","template":"","meta":[],"product_brand":[],"product_cat":[94,78],"product_tag":[],"class_list":{"0":"post-1814","1":"product","2":"type-product","3":"status-publish","4":"has-post-thumbnail","6":"product_cat-heart-necklace","7":"product_cat-moms-necklaces","8":"tm-has-options","10":"first","11":"instock","12":"sale","13":"shipping-taxable","14":"purchasable","15":"product-type-simple"},"_links":{"self":[{"href":"https:\/\/julity.com\/es\/wp-json\/wp\/v2\/product\/1814","targetHints":{"allow":["GET"]}}],"collection":[{"href":"https:\/\/julity.com\/es\/wp-json\/wp\/v2\/product"}],"about":[{"href":"https:\/\/julity.com\/es\/wp-json\/wp\/v2\/types\/product"}],"replies":[{"embeddable":true,"href":"https:\/\/julity.com\/es\/wp-json\/wp\/v2\/comments?post=1814"}],"wp:featuredmedia":[{"embeddable":true,"href":"https:\/\/julity.com\/es\/wp-json\/wp\/v2\/media\/1815"}],"wp:attachment":[{"href":"https:\/\/julity.com\/es\/wp-json\/wp\/v2\/media?parent=1814"}],"wp:term":[{"taxonomy":"product_brand","embeddable":true,"href":"https:\/\/julity.com\/es\/wp-json\/wp\/v2\/product_brand?post=1814"},{"taxonomy":"product_cat","embeddable":true,"href":"https:\/\/julity.com\/es\/wp-json\/wp\/v2\/product_cat?post=1814"},{"taxonomy":"product_tag","embeddable":true,"href":"https:\/\/julity.com\/es\/wp-json\/wp\/v2\/product_tag?post=1814"}],"curies":[{"name":"wp","href":"https:\/\/api.w.org\/{rel}","templated":true}]}}