{"id":2068,"date":"2020-09-17T05:53:36","date_gmt":"2020-09-17T09:53:36","guid":{"rendered":"https:\/\/www.leryca.com\/product\/import-placeholder-for-1997\/"},"modified":"2023-03-14T04:33:26","modified_gmt":"2023-03-14T11:33:26","slug":"personalized-name-and-birthstone-family-necklace-for-mom","status":"publish","type":"product","link":"https:\/\/julity.com\/es\/product\/personalized-name-and-birthstone-family-necklace-for-mom\/","title":{"rendered":"Collar familiar con nombre personalizado y piedra natal para mam\u00e1"},"content":{"rendered":"<div class=\"item-attr-title\">\n<h3>Caracter\u00edsticas del art\u00edculo:<\/h3>\n<\/div>\n<div>\n<table class=\"table table-striped\">\n<tbody>\n<tr>\n<th>Estilo<\/th>\n<td>Collar de familia<\/td>\n<\/tr>\n<tr>\n<th>Tama\u00f1o Colgante<\/th>\n<td>Altura: 25,5 mm (1 pulgada), ancho: 25,5 mm (1 pulgada), tama\u00f1o de la piedra de nacimiento: 2,5 mm (0,1 pulgadas)<\/td>\n<\/tr>\n<tr>\n<th>Gancho<\/th>\n<td>Gancho simple<\/td>\n<\/tr>\n<tr>\n<th>Tipo de cadena<\/th>\n<td>Cadena Rolo<\/td>\n<\/tr>\n<tr>\n<th>Longitud de la cadena<\/th>\n<td>14&#8243;,16&#8243;,18&#8243;,20&#8243;,22&#8243;<\/td>\n<\/tr>\n<tr>\n<th>Material<\/th>\n<td>Plata de ley 925<\/td>\n<\/tr>\n<tr>\n<th>Grosor<\/th>\n<td>4 MM (0,16 PULGADAS)<\/td>\n<\/tr>\n<\/tbody>\n<\/table>\n<p>Piedra del zod\u00edaco:<img decoding=\"async\" src=\"\/\/julity.com\/wp-content\/uploads\/2021\/10\/stone.jpg\" alt=\"\" \/><!--StartFragment --><\/p>\n<div><\/div>\n<p>\u00a1Honre a su madre con este collar de coraz\u00f3n personalizado para mam\u00e1! Esta familia puede grabar los nombres y las piedras de nacimiento de todos sus hijos y le brinda compa\u00f1\u00eda dondequiera que vaya. Con los nombres personalizados de todos sus hijos grabados alrededor del colgante con forma de coraz\u00f3n, este collar ser\u00e1 un regalo significativo para que una mam\u00e1 lo aprecie para siempre. \u00a1Personaliza el collar Mama con los nombres de tu familia y mu\u00e9strale a tu mam\u00e1 cu\u00e1nto la amas!<\/p>\n<\/div>\n<p><!--more--><\/p>","protected":false},"excerpt":{"rendered":"<p>Item specifics: Style Family Necklace Pendant Size Height: 25.5MM(1INCH), Width: 25.5MM(1INCH), Birthstone Size: 2.5MM(0.1INCH) Hook Single Hook Chain type Rolo Chain Chain Length 14&#8243;,16&#8243;,18&#8243;,20&#8243;,22&#8243; Material Sterling Silver 925 Thickness 4MM(0.16INCH) Birthstone: Honor your mother with this personalized mom&#8217;s heart necklace! This family can be engraved with the names and birthstones of all her children and [&#8230;]","protected":false},"featured_media":300716,"comment_status":"open","ping_status":"closed","template":"","meta":[],"product_brand":[],"product_cat":[78],"product_tag":[125,114,119],"class_list":{"0":"post-2068","1":"product","2":"type-product","3":"status-publish","4":"has-post-thumbnail","6":"product_cat-moms-necklaces","7":"product_tag-emailshow","8":"product_tag-new","9":"product_tag-new2021","10":"tm-has-options","12":"first","13":"instock","14":"sale","15":"shipping-taxable","16":"purchasable","17":"product-type-simple"},"_links":{"self":[{"href":"https:\/\/julity.com\/es\/wp-json\/wp\/v2\/product\/2068","targetHints":{"allow":["GET"]}}],"collection":[{"href":"https:\/\/julity.com\/es\/wp-json\/wp\/v2\/product"}],"about":[{"href":"https:\/\/julity.com\/es\/wp-json\/wp\/v2\/types\/product"}],"replies":[{"embeddable":true,"href":"https:\/\/julity.com\/es\/wp-json\/wp\/v2\/comments?post=2068"}],"wp:featuredmedia":[{"embeddable":true,"href":"https:\/\/julity.com\/es\/wp-json\/wp\/v2\/media\/300716"}],"wp:attachment":[{"href":"https:\/\/julity.com\/es\/wp-json\/wp\/v2\/media?parent=2068"}],"wp:term":[{"taxonomy":"product_brand","embeddable":true,"href":"https:\/\/julity.com\/es\/wp-json\/wp\/v2\/product_brand?post=2068"},{"taxonomy":"product_cat","embeddable":true,"href":"https:\/\/julity.com\/es\/wp-json\/wp\/v2\/product_cat?post=2068"},{"taxonomy":"product_tag","embeddable":true,"href":"https:\/\/julity.com\/es\/wp-json\/wp\/v2\/product_tag?post=2068"}],"curies":[{"name":"wp","href":"https:\/\/api.w.org\/{rel}","templated":true}]}}