{"id":2105,"date":"2020-12-07T06:37:58","date_gmt":"2020-12-07T10:37:58","guid":{"rendered":"https:\/\/julity.com\/?post_type=product&#038;p=2105"},"modified":"2025-12-02T05:29:25","modified_gmt":"2025-12-02T12:29:25","slug":"christmas-gifts-for-mom-birthstone-necklace-for-mom","status":"publish","type":"product","link":"https:\/\/julity.com\/es\/product\/christmas-gifts-for-mom-birthstone-necklace-for-mom\/","title":{"rendered":"Collares de piedra de nacimiento del coraz\u00f3n en 925 plata esterlina"},"content":{"rendered":"<div class=\"item-attr-title\">\n<h3>Caracter\u00edsticas del art\u00edculo:<\/h3>\n<\/div>\n<div>\n<table class=\"table table-striped\">\n<tbody>\n<tr>\n<th>Estilo<\/th>\n<td>Collar de coraz\u00f3n<\/td>\n<\/tr>\n<tr>\n<th>Tama\u00f1o Colgante<\/th>\n<td>Altura: 25,5 mm (1 pulgada), ancho: 25,5 mm (1 pulgada), tama\u00f1o de la piedra de nacimiento: 2,5 mm (0,1 pulgadas)<\/td>\n<\/tr>\n<tr>\n<th>Gancho<\/th>\n<td>Gancho simple<\/td>\n<\/tr>\n<tr>\n<th>Tipo de cadena<\/th>\n<td>Cadena Rolo<\/td>\n<\/tr>\n<tr>\n<th>Material<\/th>\n<td>Plata de ley 925<\/td>\n<\/tr>\n<tr>\n<th>Grosor<\/th>\n<td>4 MM (0,16 PULGADAS)<\/td>\n<\/tr>\n<\/tbody>\n<\/table>\n<p>Piedra del zod\u00edaco:<img decoding=\"async\" src=\"\/\/julity.com\/wp-content\/uploads\/2021\/10\/stone.jpg\" alt=\"\" \/><br \/>\n<!--StartFragment --><\/p>\n<div><\/div>\n<p>\u2022Detalles de dise\u00f1o: el collar con piedras de nacimiento en forma de coraz\u00f3n de Gift est\u00e1 adornado con entre 2 y 4 piedras de nacimiento, nombres personalizados y bellamente adornados con varios cristales transparentes brillantes.<\/p>\n<p>\u2022 Inspiraci\u00f3n en el dise\u00f1o: la forma del coraz\u00f3n es un elemento cl\u00e1sico y popular para siempre. El dise\u00f1o retorcido es como dos personas enamoradas abraz\u00e1ndose, lo que enfatiza su atractivo atemporal.<\/p>\n<p>\u2022 Ocasi\u00f3n de regalo: D\u00eda de San Valent\u00edn, aniversario, Navidad, cumplea\u00f1os de una amiga, etc.<\/p>\n<p>\u2022 Destinatario del regalo: esposa, hermanas, BBF, amante, mam\u00e1, darse un capricho, etc.<\/p>\n<p>\u2022 Este producto \u00fanico y sincero est\u00e1 empaquetado en una hermosa caja y listo para regalar.<\/p>\n<p>Nota: La primera letra del nombre o palabra est\u00e1 en may\u00fascula de forma predeterminada.<\/p>\n<\/div>\n<p><!--more--><\/p>","protected":false},"excerpt":{"rendered":"<p>Item specifics: Style Heart Necklace Pendant Size Height: 25.5MM(1INCH), Width: 25.5MM(1INCH), Birthstone Size: 2.5MM(0.1INCH) Hook Single Hook Chain type Rolo Chain Material Sterling Silver 925 Thickness 4MM(0.16INCH) Birthstone: \u2022Design Details: the heart birthstone necklace by Gift is adorned with 2-4 birthstones, names customized, beautifully embellished with several sparkling clear crystals. \u2022Design Inspiration: heart shape is [&#8230;]","protected":false},"featured_media":390053,"comment_status":"open","ping_status":"closed","template":"","meta":[],"product_brand":[],"product_cat":[82,90,86,91,84],"product_tag":[125,114,119],"class_list":{"0":"post-2105","1":"product","2":"type-product","3":"status-publish","4":"has-post-thumbnail","6":"product_cat-18k-gold-plated","7":"product_cat-gifts-for-couples","8":"product_cat-gifts-for-mom","9":"product_cat-gifts-for-teens","10":"product_cat-new-arrivals","11":"product_tag-emailshow","12":"product_tag-new","13":"product_tag-new2021","14":"tm-has-options","16":"first","17":"instock","18":"sale","19":"shipping-taxable","20":"purchasable","21":"product-type-simple"},"_links":{"self":[{"href":"https:\/\/julity.com\/es\/wp-json\/wp\/v2\/product\/2105","targetHints":{"allow":["GET"]}}],"collection":[{"href":"https:\/\/julity.com\/es\/wp-json\/wp\/v2\/product"}],"about":[{"href":"https:\/\/julity.com\/es\/wp-json\/wp\/v2\/types\/product"}],"replies":[{"embeddable":true,"href":"https:\/\/julity.com\/es\/wp-json\/wp\/v2\/comments?post=2105"}],"wp:featuredmedia":[{"embeddable":true,"href":"https:\/\/julity.com\/es\/wp-json\/wp\/v2\/media\/390053"}],"wp:attachment":[{"href":"https:\/\/julity.com\/es\/wp-json\/wp\/v2\/media?parent=2105"}],"wp:term":[{"taxonomy":"product_brand","embeddable":true,"href":"https:\/\/julity.com\/es\/wp-json\/wp\/v2\/product_brand?post=2105"},{"taxonomy":"product_cat","embeddable":true,"href":"https:\/\/julity.com\/es\/wp-json\/wp\/v2\/product_cat?post=2105"},{"taxonomy":"product_tag","embeddable":true,"href":"https:\/\/julity.com\/es\/wp-json\/wp\/v2\/product_tag?post=2105"}],"curies":[{"name":"wp","href":"https:\/\/api.w.org\/{rel}","templated":true}]}}