{"id":390309,"date":"2024-05-22T04:21:59","date_gmt":"2024-05-22T11:21:59","guid":{"rendered":"https:\/\/julity.com\/?post_type=product&#038;p=390309"},"modified":"2026-02-18T07:09:27","modified_gmt":"2026-02-18T11:09:27","slug":"personalized-sterling-silver-men-single-strand-thick-leather-bracelet","status":"publish","type":"product","link":"https:\/\/julity.com\/es\/product\/personalized-sterling-silver-men-single-strand-thick-leather-bracelet\/","title":{"rendered":"Pulsera personalizada de plata de ley para hombre de cuero grueso de una sola hebra"},"content":{"rendered":"<p>Esta pulsera personalizada hecha a mano est\u00e1 hecha de cuero de alta calidad y cuentas de plata personalizables, lo que la convierte en un regalo \u00fanico y reflexivo para su c\u00f3nyuge, un amigo o un miembro de su familia. Adem\u00e1s, estos son maravillosos regalos para cumplea\u00f1os, Navidad, D\u00eda de San Valent\u00edn, D\u00eda de la Madre, D\u00eda del Padre y otras ocasiones especiales.<br \/>\nEsta pulsera personalizada presenta una hermosa banda trenzada que se cierra con un resistente cierre magn\u00e9tico.<\/p>\n<p>Los detalles personalizados hacen que la pulsera para hombre con cuentas peque\u00f1as personalizadas en plata se destaque. Esta pulsera personalizada presenta una hermosa banda trenzada que se abrocha con un resistente broche de plata. Las cuentas circulares a\u00f1aden un agradable contraste y est\u00e1n grabadas bajo pedido. Esta pulsera est\u00e1 hecha con componentes de calidad que incluyen plata de ley. Cuenta con:<\/p>\n<ul>\n<li>Material: pulsera trenzada de cuero genuino 0.925 de plata esterlina<\/li>\n<li>Tama\u00f1o de la cuenta: 9,8 * 4,8 MM (0,38 * 0,18 pulgadas)<\/li>\n<li>Espesor de cuentas: 0,8 mm (0,03 pulgadas)<\/li>\n<li>Cada cuenta se puede grabar con un nombre personalizado<\/li>\n<\/ul>\n<p><img decoding=\"async\" src=\"https:\/\/julity.com\/wp-content\/uploads\/2024\/05\/brace-szsie.jpg\" alt=\"size\" \/><\/p>","protected":false},"excerpt":{"rendered":"<p>This handmade personalized bracelet is made of high quality leather and customizable silver beads, making it a unique and thoughtful gift for your spouse, a friend, or a member of your family. Additionally, these are wonderful presents for birthdays, Christmas, Valentine&#8217;s Day, Mother&#8217;s Day, Father&#8217;s Day, and other special occasions. This personalized bracelet features a [&#8230;]","protected":false},"featured_media":390310,"comment_status":"open","ping_status":"closed","template":"","meta":[],"product_brand":[],"product_cat":[101],"product_tag":[115],"class_list":{"0":"post-390309","1":"product","2":"type-product","3":"status-publish","4":"has-post-thumbnail","6":"product_cat-name-bracelets","7":"product_tag-bracelets","8":"tm-has-options","10":"first","11":"instock","12":"sale","13":"shipping-taxable","14":"purchasable","15":"product-type-simple"},"_links":{"self":[{"href":"https:\/\/julity.com\/es\/wp-json\/wp\/v2\/product\/390309","targetHints":{"allow":["GET"]}}],"collection":[{"href":"https:\/\/julity.com\/es\/wp-json\/wp\/v2\/product"}],"about":[{"href":"https:\/\/julity.com\/es\/wp-json\/wp\/v2\/types\/product"}],"replies":[{"embeddable":true,"href":"https:\/\/julity.com\/es\/wp-json\/wp\/v2\/comments?post=390309"}],"wp:featuredmedia":[{"embeddable":true,"href":"https:\/\/julity.com\/es\/wp-json\/wp\/v2\/media\/390310"}],"wp:attachment":[{"href":"https:\/\/julity.com\/es\/wp-json\/wp\/v2\/media?parent=390309"}],"wp:term":[{"taxonomy":"product_brand","embeddable":true,"href":"https:\/\/julity.com\/es\/wp-json\/wp\/v2\/product_brand?post=390309"},{"taxonomy":"product_cat","embeddable":true,"href":"https:\/\/julity.com\/es\/wp-json\/wp\/v2\/product_cat?post=390309"},{"taxonomy":"product_tag","embeddable":true,"href":"https:\/\/julity.com\/es\/wp-json\/wp\/v2\/product_tag?post=390309"}],"curies":[{"name":"wp","href":"https:\/\/api.w.org\/{rel}","templated":true}]}}