{"id":527,"date":"2018-11-09T09:13:00","date_gmt":"2018-11-09T14:13:00","guid":{"rendered":"https:\/\/www.leryca.com\/product\/infinity-name-necklace-14k-gold-plated-silver\/"},"modified":"2020-05-19T04:46:22","modified_gmt":"2020-05-19T08:46:22","slug":"infinity-name-necklace-14k-gold-plated-silver","status":"publish","type":"product","link":"https:\/\/julity.com\/es\/product\/infinity-name-necklace-14k-gold-plated-silver\/","title":{"rendered":"Collar con nombre infinito en plata chapada en oro de 14K"},"content":{"rendered":"<p>Los collares con nombre son imprescindibles para todas las mujeres de moda. Tienen una sensaci\u00f3n divertida y personalizada para ellos. Adem\u00e1s, los collares con nombre de Julity son lo suficientemente vers\u00e1tiles para el uso diario. Col\u00f3quelos solos o p\u00f3ngalos en capas para una apariencia m\u00e1s audaz. Dependiendo del estilo que obtenga, puede personalizar las piezas de julity con iniciales, un nombre o dos nombres. Hay collares personalizados de infinito, collares retro con placa de identificaci\u00f3n y collares de barra modernos. Adem\u00e1s de obtener su propio nombre, otras opciones ser\u00edan obtener el nombre de un novio, mejor amigo, mascota, padre o incluso una palabra favorita que use como inspiraci\u00f3n.<\/p>","protected":false},"excerpt":{"rendered":"<p>Name necklaces are a must for every fashionable woman. They have a fun and personalized feel to them. In addition, julity name necklaces are versatile enough for everyday wear. Slip them on alone or layer them up for a bolder look. Depending on which style you get, you can customize julity pieces with initials, one [&#8230;]","protected":false},"featured_media":528,"comment_status":"open","ping_status":"closed","template":"","meta":[],"product_brand":[],"product_cat":[82,86,85,87,78],"product_tag":[],"class_list":{"0":"post-527","1":"product","2":"type-product","3":"status-publish","4":"has-post-thumbnail","6":"product_cat-18k-gold-plated","7":"product_cat-gifts-for-mom","8":"product_cat-gifts-for-your-love","9":"product_cat-infinity-name-necklaces","10":"product_cat-moms-necklaces","11":"tm-has-options","13":"first","14":"instock","15":"sale","16":"shipping-taxable","17":"purchasable","18":"product-type-simple"},"_links":{"self":[{"href":"https:\/\/julity.com\/es\/wp-json\/wp\/v2\/product\/527","targetHints":{"allow":["GET"]}}],"collection":[{"href":"https:\/\/julity.com\/es\/wp-json\/wp\/v2\/product"}],"about":[{"href":"https:\/\/julity.com\/es\/wp-json\/wp\/v2\/types\/product"}],"replies":[{"embeddable":true,"href":"https:\/\/julity.com\/es\/wp-json\/wp\/v2\/comments?post=527"}],"wp:featuredmedia":[{"embeddable":true,"href":"https:\/\/julity.com\/es\/wp-json\/wp\/v2\/media\/528"}],"wp:attachment":[{"href":"https:\/\/julity.com\/es\/wp-json\/wp\/v2\/media?parent=527"}],"wp:term":[{"taxonomy":"product_brand","embeddable":true,"href":"https:\/\/julity.com\/es\/wp-json\/wp\/v2\/product_brand?post=527"},{"taxonomy":"product_cat","embeddable":true,"href":"https:\/\/julity.com\/es\/wp-json\/wp\/v2\/product_cat?post=527"},{"taxonomy":"product_tag","embeddable":true,"href":"https:\/\/julity.com\/es\/wp-json\/wp\/v2\/product_tag?post=527"}],"curies":[{"name":"wp","href":"https:\/\/api.w.org\/{rel}","templated":true}]}}