{"id":640,"date":"2018-11-09T15:17:00","date_gmt":"2018-11-09T20:17:00","guid":{"rendered":"https:\/\/www.leryca.com\/product\/personalized-breakable-heart-name-necklace-for-couples-silver\/"},"modified":"2020-05-19T04:32:17","modified_gmt":"2020-05-19T08:32:17","slug":"personalized-breakable-heart-name-necklace-for-couples-silver","status":"publish","type":"product","link":"https:\/\/julity.com\/es\/product\/personalized-breakable-heart-name-necklace-for-couples-silver\/","title":{"rendered":"Collar con nombre de coraz\u00f3n rompible personalizado para parejas plata"},"content":{"rendered":"<p>Agregue algo muy especial a su joyero con los collares grabables de Julity. Hay una gran cantidad de magn\u00edficos dise\u00f1os que se pueden personalizar con un nombre, dos nombres o incluso palabras inspiradoras que te gusten. julity ofrece joyas grabables asequibles que no arruinar\u00e1n el banco. Adem\u00e1s, estas piezas son regalos muy reflexivos y apreciados para amigos y familiares. D\u00e1selos a alguien que celebre un cumplea\u00f1os, graduaci\u00f3n, baby shower o aniversario. Los acabados est\u00e1n bellamente pulidos para que el brillo que desprenden sea muy intenso. Hay de todo, desde collares con colgantes circulares y collares de doble barra hasta collares de huellas y collares con dijes para ni\u00f1os.<\/p>","protected":false},"excerpt":{"rendered":"<p>Add something extra special to your jewelry box with julity engravable necklaces. There are a plethora of gorgeous designs that can be customized with a name, two names, or even inspirational words that you love. julity provides affordable engravable jewelry that won\u2019t break the bank. In addition, these pieces make for very thoughtful and appreciated [&#8230;]","protected":false},"featured_media":641,"comment_status":"open","ping_status":"closed","template":"","meta":[],"product_brand":[],"product_cat":[90,85,94,78],"product_tag":[],"class_list":{"0":"post-640","1":"product","2":"type-product","3":"status-publish","4":"has-post-thumbnail","6":"product_cat-gifts-for-couples","7":"product_cat-gifts-for-your-love","8":"product_cat-heart-necklace","9":"product_cat-moms-necklaces","10":"tm-has-options","12":"first","13":"instock","14":"sale","15":"shipping-taxable","16":"purchasable","17":"product-type-simple"},"_links":{"self":[{"href":"https:\/\/julity.com\/es\/wp-json\/wp\/v2\/product\/640","targetHints":{"allow":["GET"]}}],"collection":[{"href":"https:\/\/julity.com\/es\/wp-json\/wp\/v2\/product"}],"about":[{"href":"https:\/\/julity.com\/es\/wp-json\/wp\/v2\/types\/product"}],"replies":[{"embeddable":true,"href":"https:\/\/julity.com\/es\/wp-json\/wp\/v2\/comments?post=640"}],"wp:featuredmedia":[{"embeddable":true,"href":"https:\/\/julity.com\/es\/wp-json\/wp\/v2\/media\/641"}],"wp:attachment":[{"href":"https:\/\/julity.com\/es\/wp-json\/wp\/v2\/media?parent=640"}],"wp:term":[{"taxonomy":"product_brand","embeddable":true,"href":"https:\/\/julity.com\/es\/wp-json\/wp\/v2\/product_brand?post=640"},{"taxonomy":"product_cat","embeddable":true,"href":"https:\/\/julity.com\/es\/wp-json\/wp\/v2\/product_cat?post=640"},{"taxonomy":"product_tag","embeddable":true,"href":"https:\/\/julity.com\/es\/wp-json\/wp\/v2\/product_tag?post=640"}],"curies":[{"name":"wp","href":"https:\/\/api.w.org\/{rel}","templated":true}]}}