{"id":1848,"date":"2020-05-17T05:53:57","date_gmt":"2020-05-17T09:53:57","guid":{"rendered":"https:\/\/www.leryca.com\/?page_id=1848"},"modified":"2021-06-01T22:12:46","modified_gmt":"2021-06-02T02:12:46","slug":"faq","status":"publish","type":"page","link":"https:\/\/julity.com\/fi\/faq\/","title":{"rendered":"FAQ"},"content":{"rendered":"<div class=\"row\"  id=\"row-1978224063\">\n\n\t<div id=\"col-1106693084\" class=\"col small-12 large-12\"  >\n\t\t\t\t<div class=\"col-inner\"  >\n\t\t\t\n\t\t\t\n<h3 class=\"accordion_title\">laivaus<\/h3><div class=\"accordion\">\n\t<div id=\"accordion-2659258115\" class=\"accordion-item\">\n\t\t<a id=\"accordion-2659258115-label\" class=\"accordion-title plain\" href=\"#accordion-item-do-you-ship-worldwide?\" aria-expanded=\"false\" aria-controls=\"accordion-2659258115-content\">\n\t\t\t<button class=\"toggle\" aria-label=\"Toggle\"><i class=\"icon-angle-down\" aria-hidden=\"true\"><\/i><\/button>\n\t\t\t<span>Toimitatko maailmanlaajuisesti?<\/span>\n\t\t<\/a>\n\t\t<div id=\"accordion-2659258115-content\" class=\"accordion-inner\" aria-labelledby=\"accordion-2659258115-label\">\n\t\t\t\n<p>Kyll\u00e4, toimitamme useimpiin maihin ymp\u00e4ri maailmaa.&nbsp;<\/p>\n<p>Tarjoamme toimituksen seuraaviin kohdemaihin:&nbsp;<\/p>\n<table width=\"100%\" cellspacing=\"0\" cellpadding=\"0\" border=\"0\" bgcolor=\"#ffffff\" align=\"center\">\n<tbody>\n<tr>\n<td width=\"190\" valign=\"top\" align=\"left\"><span style=\"font-size: medium;\">A<\/span>rgentina&nbsp;<br \/>\nAustralia&nbsp;<br \/>\nIt\u00e4valta&nbsp;<\/p>\n<p><span style=\"font-size: medium;\">B<\/span>elgium&nbsp;<br \/>\nBrasilia&nbsp;<\/p>\n<p><span style=\"font-size: medium;\">C<\/span>anada&nbsp;<br \/>\nChile&nbsp;<br \/>\nCosta Rica&nbsp;<br \/>\nKroatia&nbsp;<br \/>\nKypros&nbsp;<br \/>\nT\u0161ekin tasavalta&nbsp;<\/p>\n<p><span style=\"font-size: medium;\">D<\/span>enmark&nbsp;<br \/>\nDominikaaninen tasavalta&nbsp;<\/p>\n<p><span style=\"font-size: medium;\">E<\/span>cuador&nbsp;<br \/>\nViro&nbsp;<\/p>\n<p><span style=\"font-size: medium;\">F<\/span>sis\u00e4maan&nbsp;<br \/>\nRanska&nbsp;<\/p>\n<p><span style=\"font-size: medium;\">G<\/span>ermany&nbsp;<br \/>\nKreikka&nbsp;<\/td>\n<td width=\"190\" valign=\"top\" align=\"left\"><span style=\"font-size: medium;\">H<\/span>on Kong&nbsp;<br \/>\nUnkari&nbsp;<\/p>\n<p><span style=\"font-size: medium;\">I<\/span>selanti&nbsp;<br \/>\nIntia&nbsp;<br \/>\nIrlanti&nbsp;<br \/>\nIsrael&nbsp;<br \/>\nItalia&nbsp;<\/p>\n<p><span style=\"font-size: medium;\">J<\/span>amaica&nbsp;<br \/>\nJapani&nbsp;<\/p>\n<p><span style=\"font-size: medium;\">L<\/span>atvia&nbsp;<br \/>\nLiettua&nbsp;<br \/>\nLuxemburg&nbsp;<\/p>\n<p><span style=\"font-size: medium;\">M<\/span>alta&nbsp;<\/p>\n<p><span style=\"font-size: medium;\">N<\/span>Etherlands&nbsp;<br \/>\nUusi Seelanti&nbsp;<br \/>\nNorja&nbsp;<\/p>\n<p><span style=\"font-size: medium;\">P<\/span>oland&nbsp;<br \/>\nPortugali&nbsp;<br \/>\nPuerto Rico&nbsp;<\/td>\n<td width=\"190\" valign=\"top\" align=\"left\"><span style=\"font-size: medium;\">R<\/span>omania&nbsp;<\/p>\n<p><span style=\"font-size: medium;\">S<\/span>cotland-UK&nbsp;<br \/>\nSingapore&nbsp;<br \/>\nSlovakia&nbsp;<br \/>\nSlovenia&nbsp;<br \/>\nEtel\u00e4-Afrikka&nbsp;<br \/>\nEspanja&nbsp;<br \/>\nRuotsi&nbsp;<br \/>\nSveitsi&nbsp;<\/p>\n<p><span style=\"font-size: medium;\">T<\/span>aiwan&nbsp;<br \/>\nThaimaa&nbsp;<br \/>\nTurkki&nbsp;<\/p>\n<p><span style=\"font-size: medium;\">U<\/span>Yhdistynyt kuningaskunta&nbsp;<br \/>\nYhdysvallat&nbsp;<br \/>\nUruguay&nbsp;<\/p>\n<p><span style=\"font-size: medium;\">V<\/span>enezuela<\/td>\n<\/tr>\n<\/tbody>\n<\/table>\n\t\t<\/div>\n\t<\/div>\n\t\n\t<div id=\"accordion-2946181502\" class=\"accordion-item\">\n\t\t<a id=\"accordion-2946181502-label\" class=\"accordion-title plain\" href=\"#accordion-item-what-shipping-methods-do-you-offer?\" aria-expanded=\"false\" aria-controls=\"accordion-2946181502-content\">\n\t\t\t<button class=\"toggle\" aria-label=\"Toggle\"><i class=\"icon-angle-down\" aria-hidden=\"true\"><\/i><\/button>\n\t\t\t<span>Mit\u00e4 toimitustapoja tarjoat?<\/span>\n\t\t<\/a>\n\t\t<div id=\"accordion-2946181502-content\" class=\"accordion-inner\" aria-labelledby=\"accordion-2946181502-label\">\n\t\t\t\n<p>Katso meid\u00e4n&nbsp;<a href=\"https:\/\/julity.com\/fi\/shipping-information\/\">Toimitustiedot<\/a>&nbsp;sivulta kaikista saatavilla olevista toimitustavoista.<\/p>\n\t\t<\/div>\n\t<\/div>\n\t\n\t<div id=\"accordion-3284156089\" class=\"accordion-item\">\n\t\t<a id=\"accordion-3284156089-label\" class=\"accordion-title plain\" href=\"#accordion-item-how-do-i-track-my-order?\" aria-expanded=\"false\" aria-controls=\"accordion-3284156089-content\">\n\t\t\t<button class=\"toggle\" aria-label=\"Toggle\"><i class=\"icon-angle-down\" aria-hidden=\"true\"><\/i><\/button>\n\t\t\t<span>Kuinka seuraan tilaustani?<\/span>\n\t\t<\/a>\n\t\t<div id=\"accordion-3284156089-content\" class=\"accordion-inner\" aria-labelledby=\"accordion-3284156089-label\">\n\t\t\t\n<p>Meill\u00e4 on j\u00e4rjestelm\u00e4, jonka avulla voit seurata tilauksesi ja toimituksen tilaa.&nbsp;<br \/>\nSinun on t\u00e4ytett\u00e4v\u00e4 tilaustunnus ja s\u00e4hk\u00f6postiosoite, jota k\u00e4ytit tilausta tehdess\u00e4si.&nbsp;<\/p>\n<p>Voit menn\u00e4 seurantasivullemme&nbsp;<a href=\"https:\/\/julity.com\/fi\/track-order\/\">t\u00e4ss\u00e4<\/a>.<\/p>\n\t\t<\/div>\n\t<\/div>\n\t\n<\/div>\n\t\t<\/div>\n\t\t\t\t\t<\/div>\n\n\t\n<\/div>\n<div class=\"row\"  id=\"row-1588365196\">\n\n\t<div id=\"col-863863907\" class=\"col small-12 large-12\"  >\n\t\t\t\t<div class=\"col-inner\"  >\n\t\t\t\n\t\t\t\n<h3 class=\"accordion_title\">Maksu<\/h3><div class=\"accordion\">\n\t<div id=\"accordion-3630940433\" class=\"accordion-item\">\n\t\t<a id=\"accordion-3630940433-label\" class=\"accordion-title plain\" href=\"#accordion-item-how-can-i-find-my-purchase-on-my-billing-statement?\" aria-expanded=\"false\" aria-controls=\"accordion-3630940433-content\">\n\t\t\t<button class=\"toggle\" aria-label=\"Toggle\"><i class=\"icon-angle-down\" aria-hidden=\"true\"><\/i><\/button>\n\t\t\t<span>Miten l\u00f6yd\u00e4n ostokseni laskutuksestani?<\/span>\n\t\t<\/a>\n\t\t<div id=\"accordion-3630940433-content\" class=\"accordion-inner\" aria-labelledby=\"accordion-3630940433-label\">\n\t\t\t\n<p>L\u00f6yd\u00e4t meid\u00e4t ostosumman vierest\u00e4 nimell\u00e4 \u201dkoruverkkosivusto \/ julity\u201d.<\/p>\n\t\t<\/div>\n\t<\/div>\n\t\n\t<div id=\"accordion-3574818751\" class=\"accordion-item\">\n\t\t<a id=\"accordion-3574818751-label\" class=\"accordion-title plain\" href=\"#accordion-item-what-payment-methods-are-available-on-your-website?\" aria-expanded=\"false\" aria-controls=\"accordion-3574818751-content\">\n\t\t\t<button class=\"toggle\" aria-label=\"Toggle\"><i class=\"icon-angle-down\" aria-hidden=\"true\"><\/i><\/button>\n\t\t\t<span>Mit\u00e4 maksutapoja verkkosivustollasi on?<\/span>\n\t\t<\/a>\n\t\t<div id=\"accordion-3574818751-content\" class=\"accordion-inner\" aria-labelledby=\"accordion-3574818751-label\">\n\t\t\t\n<p>Hyv\u00e4ksymme kaikki yleisimm\u00e4t luottokortit ja PayPalin kautta suoritetut maksut.&nbsp;<br \/>\nN\u00e4et t\u00e4ydellisen luettelon maksutavoistamme maksusivullamme, kun olet napsauttanut ostoskorin \"Siirry kassalle\" -painiketta ja valinnut maasi.<\/p>\n\t\t<\/div>\n\t<\/div>\n\t\n\t<div id=\"accordion-576218847\" class=\"accordion-item\">\n\t\t<a id=\"accordion-576218847-label\" class=\"accordion-title plain\" href=\"#accordion-item-what-is-your-privacy-policy?\" aria-expanded=\"false\" aria-controls=\"accordion-576218847-content\">\n\t\t\t<button class=\"toggle\" aria-label=\"Toggle\"><i class=\"icon-angle-down\" aria-hidden=\"true\"><\/i><\/button>\n\t\t\t<span>Mik\u00e4 on tietosuojak\u00e4yt\u00e4nt\u00f6si?<\/span>\n\t\t<\/a>\n\t\t<div id=\"accordion-576218847-content\" class=\"accordion-inner\" aria-labelledby=\"accordion-576218847-label\">\n\t\t\t\n<p>Yksityisyytesi kunnioittaminen on meille \u00e4\u00e4rimm\u00e4isen t\u00e4rke\u00e4\u00e4. Kaikki tiedot, jotka l\u00e4het\u00e4t verkkosivustollemme tai jotka ker\u00e4t\u00e4\u00e4n \"ev\u00e4steen\" avulla vierailusi aikana, k\u00e4ytet\u00e4\u00e4n tiukasti arkinen yll\u00e4pit\u00e4miseen ostoksistasi ja myynninedist\u00e4mistarkoituksessa. Emme myy, siirr\u00e4, vuokraa tai vaihda tietojasi kolmannelle osapuolelle.&nbsp;<\/p>\n<p>Kun rekister\u00f6idyt sivustollemme, sinua pyydet\u00e4\u00e4n antamaan joitain henkil\u00f6tietoja, kuten nimi ja yhteystiedot. julity suojaa henkil\u00f6tietosi. Emme miss\u00e4\u00e4n olosuhteissa paljasta tai jaa tietojasi luvattomille kolmansille osapuolille. Lis\u00e4ksi k\u00e4yt\u00e4mme \"ev\u00e4stett\u00e4\" seurataksemme liikkeit\u00e4si sivustolla. Ev\u00e4ste \"muistaa\" kuka olet, joten sinun ei tarvitse rekister\u00f6ity\u00e4 uudelleen joka kerta, kun vierailet sivustollamme. Lis\u00e4ksi sen avulla voimme tarjota sinulle ostoskoriominaisuuden ja virtaviivaistaa yleist\u00e4 ostokokemustasi.<\/p>\n\t\t<\/div>\n\t<\/div>\n\t\n\t<div id=\"accordion-1199357309\" class=\"accordion-item\">\n\t\t<a id=\"accordion-1199357309-label\" class=\"accordion-title plain\" href=\"#accordion-item-i-received-a-promotional-code.-how-do-i-use-it?\" aria-expanded=\"false\" aria-controls=\"accordion-1199357309-content\">\n\t\t\t<button class=\"toggle\" aria-label=\"Toggle\"><i class=\"icon-angle-down\" aria-hidden=\"true\"><\/i><\/button>\n\t\t\t<span>Sain tarjouskoodin. Kuinka k\u00e4yt\u00e4n sit\u00e4?<\/span>\n\t\t<\/a>\n\t\t<div id=\"accordion-1199357309-content\" class=\"accordion-inner\" aria-labelledby=\"accordion-1199357309-label\">\n\t\t\t\n<p>Jos sinulla on ep\u00e4miellytt\u00e4v\u00e4 tarjouskoodi, kirjoita koodi ostoksen alareunassa olevaan \"Tarjouskoodi\" -ruutuun ja napsauta \"K\u00e4yt\u00e4\".<\/p>\n\t\t<\/div>\n\t<\/div>\n\t\n\t<div id=\"accordion-2866900780\" class=\"accordion-item\">\n\t\t<a id=\"accordion-2866900780-label\" class=\"accordion-title plain\" href=\"#accordion-item-what-should-i-do-if-i-receive-a-\u2018payment-didn\u2019t-go-through\u2019-message?\" aria-expanded=\"false\" aria-controls=\"accordion-2866900780-content\">\n\t\t\t<button class=\"toggle\" aria-label=\"Toggle\"><i class=\"icon-angle-down\" aria-hidden=\"true\"><\/i><\/button>\n\t\t\t<span>Mit\u00e4 minun tulee tehd\u00e4, jos saan \"Maksu ei mennyt l\u00e4pi\" -viestin?<\/span>\n\t\t<\/a>\n\t\t<div id=\"accordion-2866900780-content\" class=\"accordion-inner\" aria-labelledby=\"accordion-2866900780-label\">\n\t\t\t\n<p>Jos saat viestin, ett\u00e4 maksusi ei mennyt perille, tarkista laskutustietosi ja varmista, ett\u00e4 ne ovat oikein.&nbsp;<br \/>\nJos kaikki tiedot ovat oikein, yrit\u00e4 maksaa PayPalin kautta. Sinun ei tarvitse olla rekister\u00f6itynyt PayPalin j\u00e4sen k\u00e4ytt\u00e4\u00e4ksesi heid\u00e4n palveluitaan.&nbsp;<br \/>\nVoit my\u00f6s k\u00e4ytt\u00e4\u00e4 toista luottokorttia tai yritt\u00e4\u00e4 uudelleen muutaman tunnin kuluttua jatkaaksesi maksuprosessia.<\/p>\n\t\t<\/div>\n\t<\/div>\n\t\n\t<div id=\"accordion-891299913\" class=\"accordion-item\">\n\t\t<a id=\"accordion-891299913-label\" class=\"accordion-title plain\" href=\"#accordion-item-i-have-a-paypal-account-but-i-cannot-complete-the-payment.\" aria-expanded=\"false\" aria-controls=\"accordion-891299913-content\">\n\t\t\t<button class=\"toggle\" aria-label=\"Toggle\"><i class=\"icon-angle-down\" aria-hidden=\"true\"><\/i><\/button>\n\t\t\t<span>Minulla on PayPal-tili, mutta en voi suorittaa maksua.<\/span>\n\t\t<\/a>\n\t\t<div id=\"accordion-891299913-content\" class=\"accordion-inner\" aria-labelledby=\"accordion-891299913-label\">\n\t\t\t\n<p>Jos et jostain syyst\u00e4 voi suorittaa maksuasi PayPalin kautta, ole hyv\u00e4&nbsp;<a href=\"https:\/\/julity.com\/fi\/contact-us\/\">ota meihin yhteytt\u00e4<\/a>&nbsp;tilauksesi tiedoilla.&nbsp;<br \/>\nL\u00e4het\u00e4mme sinulle s\u00e4hk\u00f6postitse PayPal-maksupyynn\u00f6n, jotta voimme suorittaa maksusi loppuun.<\/p>\n\t\t<\/div>\n\t<\/div>\n\t\n<\/div>\n\t\t<\/div>\n\t\t\t\t\t<\/div>\n\n\t\n<\/div>\n<div class=\"row\"  id=\"row-921936959\">\n\n\t<div id=\"col-214552678\" class=\"col small-12 large-12\"  >\n\t\t\t\t<div class=\"col-inner\"  >\n\t\t\t\n\t\t\t\n<h3 class=\"accordion_title\">Tilausten tekeminen<\/h3><div class=\"accordion\">\n\t<div id=\"accordion-2560242022\" class=\"accordion-item\">\n\t\t<a id=\"accordion-2560242022-label\" class=\"accordion-title plain\" href=\"#accordion-item-how-do-i-place-an-order?\" aria-expanded=\"false\" aria-controls=\"accordion-2560242022-content\">\n\t\t\t<button class=\"toggle\" aria-label=\"Toggle\"><i class=\"icon-angle-down\" aria-hidden=\"true\"><\/i><\/button>\n\t\t\t<span>Miten teen tilauksen?<\/span>\n\t\t<\/a>\n\t\t<div id=\"accordion-2560242022-content\" class=\"accordion-inner\" aria-labelledby=\"accordion-2560242022-label\">\n\t\t\t\n<p>Tilauksen tekeminen on helppoa. Valitse koru ja kirjoita haluamasi kirjoitus.&nbsp;<br \/>\nValitse ketjun pituus pudotusvalikosta ja napsauta \"Lis\u00e4\u00e4 ostoskoriin\" -painiketta.&nbsp;<br \/>\nOstoskoriin voit lis\u00e4t\u00e4 lahjapakkauksen ja lahjakorttiviestin.&nbsp;<br \/>\nValitse sitten haluamasi toimitusvaihtoehto ostoskorin \u201dToimitustapa\u201d-kent\u00e4st\u00e4.&nbsp;<\/p>\n<p>Napsauta \"Jatka kassalle\" tai \"Checkout with PayPal\" -painiketta viimeistell\u00e4ksesi ostoksesi.&nbsp;<br \/>\nSinut ohjataan valitulle suojatulle maksunk\u00e4sittelysivustolle.&nbsp;<br \/>\nSiell\u00e4 voit maksaa luottokortilla, PayPalilla tai pankkisiirrolla.&nbsp;<\/p>\n<p>Voit vapaasti&nbsp;<a href=\"https:\/\/julity.com\/fi\/contact-us\/\">L\u00e4het\u00e4 meille s\u00e4hk\u00f6postia<\/a>&nbsp;erityispyynt\u00f6jen tai kysymysten kanssa.<\/p>\n\t\t<\/div>\n\t<\/div>\n\t\n\t<div id=\"accordion-4187716947\" class=\"accordion-item\">\n\t\t<a id=\"accordion-4187716947-label\" class=\"accordion-title plain\" href=\"#accordion-item-i-have-a-special-request-for-my-necklace,-what-should-i-do?\" aria-expanded=\"false\" aria-controls=\"accordion-4187716947-content\">\n\t\t\t<button class=\"toggle\" aria-label=\"Toggle\"><i class=\"icon-angle-down\" aria-hidden=\"true\"><\/i><\/button>\n\t\t\t<span>Minulla on erityinen pyynt\u00f6 kaulakorustani, mit\u00e4 minun pit\u00e4isi tehd\u00e4?<\/span>\n\t\t<\/a>\n\t\t<div id=\"accordion-4187716947-content\" class=\"accordion-inner\" aria-labelledby=\"accordion-4187716947-label\">\n\t\t\t\n<p>Voit lis\u00e4t\u00e4 erikoistoiveesi Ostoskorin alareunassa olevaan \"Kommentit\"-kentt\u00e4\u00e4n.&nbsp;<br \/>\nVarmistamme, ett\u00e4 tilauksesi toteutetaan toiveidesi mukaan.&nbsp;<\/p>\n<p>Jos olet ep\u00e4varma, onko erityispyynt\u00f6si mahdollinen, ole hyv\u00e4 ja ota yhteytt\u00e4&nbsp;<a href=\"https:\/\/julity.com\/fi\/contact-us\/\">ota meihin yhteytt\u00e4<\/a>.<\/p>\n\t\t<\/div>\n\t<\/div>\n\t\n\t<div id=\"accordion-1371888451\" class=\"accordion-item\">\n\t\t<a id=\"accordion-1371888451-label\" class=\"accordion-title plain\" href=\"#accordion-item-how-do-i-change-an-order-after-it-has-been-placed?\" aria-expanded=\"false\" aria-controls=\"accordion-1371888451-content\">\n\t\t\t<button class=\"toggle\" aria-label=\"Toggle\"><i class=\"icon-angle-down\" aria-hidden=\"true\"><\/i><\/button>\n\t\t\t<span>Kuinka voin muuttaa tilausta sen tekemisen j\u00e4lkeen?<\/span>\n\t\t<\/a>\n\t\t<div id=\"accordion-1371888451-content\" class=\"accordion-inner\" aria-labelledby=\"accordion-1371888451-label\">\n\t\t\t\n<p>Aloitamme korujen k\u00e4sittelyn heti tilauksen tekemisen j\u00e4lkeen.&nbsp;<\/p>\n<p>Jos haluat muuttaa tilausta, ole hyv\u00e4&nbsp;<a href=\"https:\/\/julity.com\/fi\/contact-us\/\">ota meihin yhteytt\u00e4<\/a>&nbsp;niin pian kuin mahdollista.&nbsp;<br \/>\nMuutoksettehtyenemm\u00e4nkuin12tuntiaaftertimeofostostasaattaavaatiaa30%t\u00e4ytt\u00f6maksu.<\/p>\n\t\t<\/div>\n\t<\/div>\n\t\n\t<div id=\"accordion-729952092\" class=\"accordion-item\">\n\t\t<a id=\"accordion-729952092-label\" class=\"accordion-title plain\" href=\"#accordion-item-how-can-i-cancel-an-order?\" aria-expanded=\"false\" aria-controls=\"accordion-729952092-content\">\n\t\t\t<button class=\"toggle\" aria-label=\"Toggle\"><i class=\"icon-angle-down\" aria-hidden=\"true\"><\/i><\/button>\n\t\t\t<span>Kuinka voin peruuttaa tilauksen?<\/span>\n\t\t<\/a>\n\t\t<div id=\"accordion-729952092-content\" class=\"accordion-inner\" aria-labelledby=\"accordion-729952092-label\">\n\t\t\t\n<p>Kun tilauksesi on l\u00e4hetetty, aloitamme v\u00e4litt\u00f6m\u00e4sti tuotteiden tuotannon.&nbsp;<\/p>\n<p>Koskaasiastaett\u00e4jokainentuoteonainutlaatuinenjar\u00e4\u00e4t\u00e4l\u00f6ity,sin\u00e4palautetaana70%alkuper\u00e4isen\u00e4lkuper\u00e4isen\u00e4 20eiolet\u00e4ytetty.Jossinullaonmit\u00e4\u00e4nkysymyst\u00e4tilauksestaperuuttamisestatilauksestatehd\u00e4eiep\u00e4r\u00f6i&nbsp;<a href=\"https:\/\/julity.com\/fi\/contact-us\/\">ota meihin yhteytt\u00e4<\/a>.<\/p>\n\t\t<\/div>\n\t<\/div>\n\t\n\t<div id=\"accordion-263468117\" class=\"accordion-item\">\n\t\t<a id=\"accordion-263468117-label\" class=\"accordion-title plain\" href=\"#accordion-item-why-didn\u2019t-i-get-a-confirmation-\/-shipping-email?\" aria-expanded=\"false\" aria-controls=\"accordion-263468117-content\">\n\t\t\t<button class=\"toggle\" aria-label=\"Toggle\"><i class=\"icon-angle-down\" aria-hidden=\"true\"><\/i><\/button>\n\t\t\t<span>Miksi en saanut vahvistuss\u00e4hk\u00f6postia\/l\u00e4hetyss\u00e4hk\u00f6postia?<\/span>\n\t\t<\/a>\n\t\t<div id=\"accordion-263468117-content\" class=\"accordion-inner\" aria-labelledby=\"accordion-263468117-label\">\n\t\t\t\n<p>Kun olet tehnyt tilauksen, saat \"Tilausvahvistus\" -s\u00e4hk\u00f6postin, jossa on kaikki tilauksesi tiedot. Pyyd\u00e4mme sinua tarkistamaan tuotteesi ja toimitusosoitteesi. Siksi on t\u00e4rke\u00e4\u00e4 antaa meille toimiva s\u00e4hk\u00f6postiosoite.&nbsp;<br \/>\nJos et ole saanut vahvistuss\u00e4hk\u00f6postia, tarkista roskapostilaatikkosi.&nbsp;<br \/>\nVarmistaaksesi, etteiv\u00e4t s\u00e4hk\u00f6postimme mene roskaposti-\/roskapostikansioosi, lis\u00e4\u00e4 service@julity.com s\u00e4hk\u00f6postiosoiteluetteloosi.&nbsp;<\/p>\n<p>Voit tarkistaa tilauksesi tilan t\u00e4\u00e4lt\u00e4:&nbsp;<a href=\"https:\/\/julity.com\/fi\/track-order\/\">Tilauksen ja l\u00e4hetyksen tilatiedot<\/a>.<\/p>\n\t\t<\/div>\n\t<\/div>\n\t\n<\/div>\n\t\t<\/div>\n\t\t\t\t\t<\/div>\n\n\t\n<\/div>\n<div class=\"row\"  id=\"row-390007671\">\n\n\t<div id=\"col-2036148598\" class=\"col small-12 large-12\"  >\n\t\t\t\t<div class=\"col-inner\"  >\n\t\t\t\n\t\t\t\n<h3 class=\"accordion_title\">Palautukset ja hyvitykset<\/h3><div class=\"accordion\">\n\t<div id=\"accordion-2728126733\" class=\"accordion-item\">\n\t\t<a id=\"accordion-2728126733-label\" class=\"accordion-title plain\" href=\"#accordion-item-what-are-your-return-conditions?\" aria-expanded=\"false\" aria-controls=\"accordion-2728126733-content\">\n\t\t\t<button class=\"toggle\" aria-label=\"Toggle\"><i class=\"icon-angle-down\" aria-hidden=\"true\"><\/i><\/button>\n\t\t\t<span>Mitk\u00e4 ovat palautusehdot?<\/span>\n\t\t<\/a>\n\t\t<div id=\"accordion-2728126733-content\" class=\"accordion-inner\" aria-labelledby=\"accordion-2728126733-label\">\n\t\t\t\n<p>Voit palauttaa useimmat uudet, avaamattomat tuotteet, jotka on ostettu ja vastaanotettu osoitteesta julity.com 30 p\u00e4iv\u00e4n kuluessa toimituksesta.&nbsp;<\/p>\n<p>L\u00f6yd\u00e4t t\u00e4ydelliset palautus- ja peruutusehdot&nbsp;<a href=\"https:\/\/julity.com\/fi\/return-and-cancellation-policy\/\">t\u00e4ss\u00e4<\/a>.<\/p>\n\t\t<\/div>\n\t<\/div>\n\t\n<\/div>\n\t\t<\/div>\n\t\t\t\t\t<\/div>\n\n\t\n<\/div>\n<div class=\"row\"  id=\"row-1052308301\">\n\n\t<div id=\"col-277547402\" class=\"col small-12 large-12\"  >\n\t\t\t\t<div class=\"col-inner\"  >\n\t\t\t\n\t\t\t\n<h3 class=\"accordion_title\">Tarvitsetko edelleen apua?<\/h3><div class=\"accordion\">\n\t<div id=\"accordion-1846829490\" class=\"accordion-item\">\n\t\t<a id=\"accordion-1846829490-label\" class=\"accordion-title plain\" href=\"#accordion-item-contact-us\" aria-expanded=\"false\" aria-controls=\"accordion-1846829490-content\">\n\t\t\t<button class=\"toggle\" aria-label=\"Toggle\"><i class=\"icon-angle-down\" aria-hidden=\"true\"><\/i><\/button>\n\t\t\t<span>ota meihin yhteytt\u00e4<\/span>\n\t\t<\/a>\n\t\t<div id=\"accordion-1846829490-content\" class=\"accordion-inner\" aria-labelledby=\"accordion-1846829490-label\">\n\t\t\t\n<div id=\"faqs\"><span>Jos kysymyst\u00e4si ei ole t\u00e4ss\u00e4 luettelossa, ole hyv\u00e4 ja vastaa&nbsp;<a href=\"https:\/\/julity.com\/fi\/contact-us\/\">ota meihin yhteytt\u00e4<\/a>.<\/span><\/div>\n\t\t<\/div>\n\t<\/div>\n\t\n<\/div>\n\t\t<\/div>\n\t\t\t\t\t<\/div>\n\n\t\n<\/div>","protected":false},"excerpt":{"rendered":"","protected":false},"author":1,"featured_media":0,"parent":0,"menu_order":0,"comment_status":"closed","ping_status":"closed","template":"","meta":{"footnotes":""},"class_list":["post-1848","page","type-page","status-publish","hentry"],"_links":{"self":[{"href":"https:\/\/julity.com\/fi\/wp-json\/wp\/v2\/pages\/1848","targetHints":{"allow":["GET"]}}],"collection":[{"href":"https:\/\/julity.com\/fi\/wp-json\/wp\/v2\/pages"}],"about":[{"href":"https:\/\/julity.com\/fi\/wp-json\/wp\/v2\/types\/page"}],"author":[{"embeddable":true,"href":"https:\/\/julity.com\/fi\/wp-json\/wp\/v2\/users\/1"}],"replies":[{"embeddable":true,"href":"https:\/\/julity.com\/fi\/wp-json\/wp\/v2\/comments?post=1848"}],"version-history":[{"count":0,"href":"https:\/\/julity.com\/fi\/wp-json\/wp\/v2\/pages\/1848\/revisions"}],"wp:attachment":[{"href":"https:\/\/julity.com\/fi\/wp-json\/wp\/v2\/media?parent=1848"}],"curies":[{"name":"wp","href":"https:\/\/api.w.org\/{rel}","templated":true}]}}